{"id":33041,"date":"2026-02-06T11:55:56","date_gmt":"2026-02-06T09:55:56","guid":{"rendered":"https:\/\/www.indonesianmarket.fi\/product\/nesia-lapis-beras-kakkuvuoka-20-cm\/"},"modified":"2026-04-14T21:24:56","modified_gmt":"2026-04-14T18:24:56","slug":"nesia-lapis-beras-kakkuvuoka-20-cm","status":"publish","type":"product","link":"https:\/\/www.indonesianmarket.fi\/fi\/tuote\/nesia-lapis-beras-kakkuvuoka-20-cm\/","title":{"rendered":"Nesia Lapis beras-kakkuvuoka 20 cm"},"content":{"rendered":"<p>Lapis beras-kakkuvuoka\/Lapis beras-kakform<\/p>\n<p>Sis\u00e4mitat\/innerm\u00e5tt: 20 x 10 x 7 cm<\/p>\n<p>Materiaali\/Material: alumiini\/aluminium<\/p>\n<p>Alkuper\u00e4maa\/Ursprungsland: Indonesia\/Indonesien<\/p>\n<p>Hoito-ohjeet\/Sk\u00f6tselr\u00e5d: vain k\u00e4sinpesu. Uuninkest\u00e4v\u00e4\/endast handdisk. Ugnss\u00e4ker.<\/p>\n","protected":false},"excerpt":{"rendered":"<p>Lapis beras-kakkuvuoka\/Lapis beras-kakform Sis\u00e4mitat\/innerm\u00e5tt: 20 x 10 x 7 cm Materiaali\/Material: alumiini\/aluminium Alkuper\u00e4maa\/Ursprungsland: Indonesia\/Indonesien Hoito-ohjeet\/Sk\u00f6tselr\u00e5d: vain k\u00e4sinpesu. Uuninkest\u00e4v\u00e4\/endast handdisk. Ugnss\u00e4ker.<\/p>\n","protected":false},"featured_media":33038,"template":"","meta":[],"product_brand":[2214],"product_cat":[1674],"product_tag":[],"class_list":{"0":"post-33041","1":"product","2":"type-product","3":"status-publish","4":"has-post-thumbnail","6":"product_brand-nesia-food","7":"product_cat-keittolaitteet-muotit","9":"first","10":"instock","11":"taxable","12":"shipping-taxable","13":"purchasable","14":"product-type-simple"},"_links":{"self":[{"href":"https:\/\/www.indonesianmarket.fi\/fi\/wp-json\/wp\/v2\/product\/33041","targetHints":{"allow":["GET"]}}],"collection":[{"href":"https:\/\/www.indonesianmarket.fi\/fi\/wp-json\/wp\/v2\/product"}],"about":[{"href":"https:\/\/www.indonesianmarket.fi\/fi\/wp-json\/wp\/v2\/types\/product"}],"version-history":[{"count":2,"href":"https:\/\/www.indonesianmarket.fi\/fi\/wp-json\/wp\/v2\/product\/33041\/revisions"}],"predecessor-version":[{"id":34577,"href":"https:\/\/www.indonesianmarket.fi\/fi\/wp-json\/wp\/v2\/product\/33041\/revisions\/34577"}],"wp:featuredmedia":[{"embeddable":true,"href":"https:\/\/www.indonesianmarket.fi\/fi\/wp-json\/wp\/v2\/media\/33038"}],"wp:attachment":[{"href":"https:\/\/www.indonesianmarket.fi\/fi\/wp-json\/wp\/v2\/media?parent=33041"}],"wp:term":[{"taxonomy":"product_brand","embeddable":true,"href":"https:\/\/www.indonesianmarket.fi\/fi\/wp-json\/wp\/v2\/product_brand?post=33041"},{"taxonomy":"product_cat","embeddable":true,"href":"https:\/\/www.indonesianmarket.fi\/fi\/wp-json\/wp\/v2\/product_cat?post=33041"},{"taxonomy":"product_tag","embeddable":true,"href":"https:\/\/www.indonesianmarket.fi\/fi\/wp-json\/wp\/v2\/product_tag?post=33041"}],"curies":[{"name":"wp","href":"https:\/\/api.w.org\/{rel}","templated":true}]}}