{"id":31312,"date":"2025-09-03T21:37:37","date_gmt":"2025-09-03T18:37:37","guid":{"rendered":"https:\/\/www.indonesianmarket.fi\/product\/nutrijell-jelly-powder-guava-makuiset-hyytelojauhe-15-g\/"},"modified":"2026-03-20T12:28:24","modified_gmt":"2026-03-20T10:28:24","slug":"nutrijell-jelly-powder-guava-makuiset-hyytelojauhe-15-g","status":"publish","type":"product","link":"https:\/\/www.indonesianmarket.fi\/fi\/tuote\/nutrijell-jelly-powder-guava-makuiset-hyytelojauhe-15-g\/","title":{"rendered":"Nutrijell jelly powder &#8211; GUAVA makuiset hyytel\u00f6jauhe 15 g"},"content":{"rendered":"<p>GUAVA makuiset hyytel\u00f6jauhe \/ Gel\u00e9pulver med guavasmak dadelsmak.<\/p>\n<p>Nettopaino\/Nettovikt: 15 g.<\/p>\n<p>Ainesosat: Maltodekstriini, happamuudens\u00e4\u00e4t\u00f6aine, sokeri, konjak-jauhe, karrageeni (13 %), kalsiumlaktaatti (E327), frukto-oligosakkaridi (FOS), synteettinen kasviper\u00e4inen stabilointiaine (E417), synteettiset v\u00e4riaineet (E122, E102), D-vitamiini (sis\u00e4lt\u00e4\u00e4 antioksidanttia tokoferolia) 1,7955 \u00b5g.Varoitus: E122 ja E102 voivat heikent\u00e4\u00e4 lasten aktiivisuutta ja tarkkaavaisuutta.<\/p>\n<p>Ingredienser: Maltodextrin, surhetsreglerande medel, socker, konjakpulver, karrageenan (13 %), kalciumlaktat (E327), frukto-oligosackarid (FOS), syntetiskt vegetabiliskt stabiliseringsmedel (E417), syntetiska f\u00e4rg\u00e4mnen (E122, E102), vitamin D (inneh\u00e5ller antioxidant tokoferol) 1,7955 \u00b5g.Varning: E122 och E102 kan p\u00e5verka barns aktivitet och koncentration negativt.<\/p>\n<p>Alkuper\u00e4maa \/ Ursprungsland: Indonesia\/Indonesien.<\/p>\n<p>Ravintosis\u00e4lt\u00f6\/ N\u00e4ringsinneh\u00e5ll 10 g: Energiaa\/Energi 35 kcal, Rasvaa\/Fett 0 g, josta tyydyttynyt\u00e4\/varav m\u00e4ttat 0 g, Hiilihydraatteja\/Kolhydrater 8 g, josta sokereita\/varav sockerarter 4 g, Proteiinia\/Protein 0 g, Suola\/Salt 0,015 g<\/p>\n<p>Maahantuoja \/ Import\u00f6r: JK Alho, PL 18, 20251 Turku \/ \u00c5bo www.indonesianmarket.fi<\/p>\n<p>P\u00e4ivit\u00e4mme tuotetietoja aktiivisesti. Suosittelemme kuitenkin tarkistamaan ainesosat aina my\u00f6s myyntipakkauksesta.<\/p>\n","protected":false},"excerpt":{"rendered":"<p>GUAVA makuiset hyytel\u00f6jauhe \/ Gel\u00e9pulver med guavasmak dadelsmak. Nettopaino\/Nettovikt: 15 g. Ainesosat: Maltodekstriini, happamuudens\u00e4\u00e4t\u00f6aine, sokeri, konjak-jauhe, karrageeni (13 %), kalsiumlaktaatti (E327), frukto-oligosakkaridi (FOS), synteettinen kasviper\u00e4inen stabilointiaine (E417), synteettiset v\u00e4riaineet (E122, E102), D-vitamiini (sis\u00e4lt\u00e4\u00e4 antioksidanttia tokoferolia) 1,7955 \u00b5g.Varoitus: E122 ja E102 voivat heikent\u00e4\u00e4 lasten aktiivisuutta ja tarkkaavaisuutta. Ingredienser: Maltodextrin, surhetsreglerande medel, socker, konjakpulver, karrageenan (13 %),<\/p>\n<div class=\"klb-readmore entry-button\"><a class=\"button\" href=\"https:\/\/www.indonesianmarket.fi\/fi\/tuote\/nutrijell-jelly-powder-guava-makuiset-hyytelojauhe-15-g\/\">Read More<\/a><\/div>\n","protected":false},"featured_media":31302,"template":"","meta":[],"product_brand":[],"product_cat":[1668],"product_tag":[],"class_list":{"0":"post-31312","1":"product","2":"type-product","3":"status-publish","4":"has-post-thumbnail","6":"product_cat-livonta","8":"first","9":"instock","10":"taxable","11":"shipping-taxable","12":"purchasable","13":"product-type-simple"},"_links":{"self":[{"href":"https:\/\/www.indonesianmarket.fi\/fi\/wp-json\/wp\/v2\/product\/31312","targetHints":{"allow":["GET"]}}],"collection":[{"href":"https:\/\/www.indonesianmarket.fi\/fi\/wp-json\/wp\/v2\/product"}],"about":[{"href":"https:\/\/www.indonesianmarket.fi\/fi\/wp-json\/wp\/v2\/types\/product"}],"version-history":[{"count":2,"href":"https:\/\/www.indonesianmarket.fi\/fi\/wp-json\/wp\/v2\/product\/31312\/revisions"}],"predecessor-version":[{"id":31524,"href":"https:\/\/www.indonesianmarket.fi\/fi\/wp-json\/wp\/v2\/product\/31312\/revisions\/31524"}],"wp:featuredmedia":[{"embeddable":true,"href":"https:\/\/www.indonesianmarket.fi\/fi\/wp-json\/wp\/v2\/media\/31302"}],"wp:attachment":[{"href":"https:\/\/www.indonesianmarket.fi\/fi\/wp-json\/wp\/v2\/media?parent=31312"}],"wp:term":[{"taxonomy":"product_brand","embeddable":true,"href":"https:\/\/www.indonesianmarket.fi\/fi\/wp-json\/wp\/v2\/product_brand?post=31312"},{"taxonomy":"product_cat","embeddable":true,"href":"https:\/\/www.indonesianmarket.fi\/fi\/wp-json\/wp\/v2\/product_cat?post=31312"},{"taxonomy":"product_tag","embeddable":true,"href":"https:\/\/www.indonesianmarket.fi\/fi\/wp-json\/wp\/v2\/product_tag?post=31312"}],"curies":[{"name":"wp","href":"https:\/\/api.w.org\/{rel}","templated":true}]}}