{"id":31308,"date":"2025-09-03T21:32:47","date_gmt":"2025-09-03T18:32:47","guid":{"rendered":"https:\/\/www.indonesianmarket.fi\/product\/nutrijell-jelly-powder-appelsiini-makuiset-hyytelojauhe-15-g\/"},"modified":"2026-03-20T12:28:25","modified_gmt":"2026-03-20T10:28:25","slug":"nutrijell-jelly-powder-appelsiini-makuiset-hyytelojauhe-15-g","status":"publish","type":"product","link":"https:\/\/www.indonesianmarket.fi\/fi\/tuote\/nutrijell-jelly-powder-appelsiini-makuiset-hyytelojauhe-15-g\/","title":{"rendered":"Nutrijell jelly powder &#8211; APPELSIINI makuiset hyytel\u00f6jauhe 15 g"},"content":{"rendered":"<p>APPELSIINI makuiset hyytel\u00f6jauhe\/ Gel\u00e9pulver med apelsinsmak<\/p>\n<p>Nettopaino\/Nettovikt: 15 g.<\/p>\n<p>Ainesosat: Maltodekstriini, happamuudens\u00e4\u00e4t\u00f6aine, sokeri, konjak-jauhe, karrageeni (13 %), kalsiumlaktaatti (E327), frukto-oligosakkaridit (FOS), keinotekoinen aromi, kasviper\u00e4inen stabilointiaine (E410), synteettinen elintarvikev\u00e4ri (E110), D-vitamiini (sis\u00e4lt\u00e4\u00e4 antioksidanttia tokoferolia) 1,1415 \u00b5g.Varoitus: E110 voi heikent\u00e4\u00e4 lasten aktiivisuutta ja tarkkaavaisuutta.<\/p>\n<p>Ingredienser: Maltodextrin, surhetsreglerande medel, socker, konjakpulver, karrageenan (13 %), kalciumlaktat (E327), frukto-oligosackarider (FOS), artificiell arom, vegetabiliskt stabiliseringsmedel (E410), syntetiskt livsmedelsf\u00e4rg\u00e4mne (E110), vitamin D (inneh\u00e5ller antioxidant tokoferol) 1,1415 \u00b5g.Varning: E110 kan p\u00e5verka barns aktivitet och koncentration negativt.<\/p>\n<p>Alkuper\u00e4maa \/ Ursprungsland: Indonesia\/Indonesien.<\/p>\n<p>Ravintosis\u00e4lt\u00f6\/ N\u00e4ringsinneh\u00e5ll 3,75 g: Energiaa\/Energi 10 kcal, Rasvaa\/Fett 0 g, josta tyydyttynyt\u00e4\/varav m\u00e4ttat 0 g, Hiilihydraatteja\/Kolhydrater 3 g, josta sokereita\/varav sockerarter 1 g, Proteiinia\/Protein 0 g, Suola\/Salt 0,010 g<\/p>\n<p>Maahantuoja \/ Import\u00f6r: JK Alho, PL 18, 20251 Turku \/ \u00c5bo www.indonesianmarket.fi<\/p>\n<p>P\u00e4ivit\u00e4mme tuotetietoja aktiivisesti. Suosittelemme kuitenkin tarkistamaan ainesosat aina my\u00f6s myyntipakkauksesta.<\/p>\n","protected":false},"excerpt":{"rendered":"<p>APPELSIINI makuiset hyytel\u00f6jauhe\/ Gel\u00e9pulver med apelsinsmak Nettopaino\/Nettovikt: 15 g. Ainesosat: Maltodekstriini, happamuudens\u00e4\u00e4t\u00f6aine, sokeri, konjak-jauhe, karrageeni (13 %), kalsiumlaktaatti (E327), frukto-oligosakkaridit (FOS), keinotekoinen aromi, kasviper\u00e4inen stabilointiaine (E410), synteettinen elintarvikev\u00e4ri (E110), D-vitamiini (sis\u00e4lt\u00e4\u00e4 antioksidanttia tokoferolia) 1,1415 \u00b5g.Varoitus: E110 voi heikent\u00e4\u00e4 lasten aktiivisuutta ja tarkkaavaisuutta. Ingredienser: Maltodextrin, surhetsreglerande medel, socker, konjakpulver, karrageenan (13 %), kalciumlaktat (E327), frukto-oligosackarider (FOS),<\/p>\n<div class=\"klb-readmore entry-button\"><a class=\"button\" href=\"https:\/\/www.indonesianmarket.fi\/fi\/tuote\/nutrijell-jelly-powder-appelsiini-makuiset-hyytelojauhe-15-g\/\">Read More<\/a><\/div>\n","protected":false},"featured_media":31305,"template":"","meta":[],"product_brand":[],"product_cat":[1668],"product_tag":[],"class_list":{"0":"post-31308","1":"product","2":"type-product","3":"status-publish","4":"has-post-thumbnail","6":"product_cat-livonta","8":"first","9":"instock","10":"taxable","11":"shipping-taxable","12":"purchasable","13":"product-type-simple"},"_links":{"self":[{"href":"https:\/\/www.indonesianmarket.fi\/fi\/wp-json\/wp\/v2\/product\/31308","targetHints":{"allow":["GET"]}}],"collection":[{"href":"https:\/\/www.indonesianmarket.fi\/fi\/wp-json\/wp\/v2\/product"}],"about":[{"href":"https:\/\/www.indonesianmarket.fi\/fi\/wp-json\/wp\/v2\/types\/product"}],"version-history":[{"count":2,"href":"https:\/\/www.indonesianmarket.fi\/fi\/wp-json\/wp\/v2\/product\/31308\/revisions"}],"predecessor-version":[{"id":31529,"href":"https:\/\/www.indonesianmarket.fi\/fi\/wp-json\/wp\/v2\/product\/31308\/revisions\/31529"}],"wp:featuredmedia":[{"embeddable":true,"href":"https:\/\/www.indonesianmarket.fi\/fi\/wp-json\/wp\/v2\/media\/31305"}],"wp:attachment":[{"href":"https:\/\/www.indonesianmarket.fi\/fi\/wp-json\/wp\/v2\/media?parent=31308"}],"wp:term":[{"taxonomy":"product_brand","embeddable":true,"href":"https:\/\/www.indonesianmarket.fi\/fi\/wp-json\/wp\/v2\/product_brand?post=31308"},{"taxonomy":"product_cat","embeddable":true,"href":"https:\/\/www.indonesianmarket.fi\/fi\/wp-json\/wp\/v2\/product_cat?post=31308"},{"taxonomy":"product_tag","embeddable":true,"href":"https:\/\/www.indonesianmarket.fi\/fi\/wp-json\/wp\/v2\/product_tag?post=31308"}],"curies":[{"name":"wp","href":"https:\/\/api.w.org\/{rel}","templated":true}]}}