{"id":31252,"date":"2025-09-03T19:51:45","date_gmt":"2025-09-03T16:51:45","guid":{"rendered":"https:\/\/www.indonesianmarket.fi\/product\/dua-kelinci-kacang-rasa-bawang-paahdettu-maapahkina-valkosipulimaulla-180-g\/"},"modified":"2026-03-27T03:01:42","modified_gmt":"2026-03-27T01:01:42","slug":"dua-kelinci-kacang-rasa-bawang-paahdettu-maapahkina-valkosipulimaulla-180-g","status":"publish","type":"product","link":"https:\/\/www.indonesianmarket.fi\/fi\/tuote\/dua-kelinci-kacang-rasa-bawang-paahdettu-maapahkina-valkosipulimaulla-180-g\/","title":{"rendered":"Dua Kelinci KACANG RASA BAWANG &#8211; Paahdettu maap\u00e4hkin\u00e4 valkosipulinmakuinen 180 g"},"content":{"rendered":"<p>Paahdettu maap\u00e4hkin\u00e4 valkosipulinmakuinen \/ Rostade jordn\u00f6tter med vitl\u00f6kssmak<\/p>\n<p>Nettopaino \/ Nettovikt: 180 g<\/p>\n<p>Ainesosat: Maap\u00e4hkin\u00e4t (90,04 %), valkosipuli (4,01 %), sokeri, suola, arominvahventeena natriumglutamaatti (E621), keinotekoinen makeutusaine aspartaami (E951). Allergeenitiedot: sis\u00e4lt\u00e4\u00e4 maap\u00e4hkin\u00f6it\u00e4.Sis\u00e4lt\u00e4\u00e4 sokeria ja keinotekoista makeutusainetta.Sis\u00e4lt\u00e4\u00e4 fenyylialaniinin l\u00e4hteen, ei sovellu henkil\u00f6ille, joilla on fenylketonuria.Sis\u00e4lt\u00e4\u00e4 keinotekoista makeutusainetta, ei suositella alle 5-vuotiaille lapsille, raskaana oleville eik\u00e4 imett\u00e4ville naisille.<\/p>\n<p>Ingredienser: <strong>Jordn\u00f6tter<\/strong> (90,04 %), vitl\u00f6k (4,01 %), socker, salt, smakf\u00f6rst\u00e4rkare natriumglutamat (E621), artificiellt s\u00f6tningsmedel aspartam (E951).Allergiinformation: inneh\u00e5ller jordn\u00f6tter.Inneh\u00e5ller socker och artificiellt s\u00f6tningsmedel.Inneh\u00e5ller en k\u00e4lla till fenylalanin, ej l\u00e4mplig f\u00f6r personer med fenylketonuri.Inneh\u00e5ller artificiellt s\u00f6tningsmedel, rekommenderas ej f\u00f6r barn under 5 \u00e5r, gravida eller ammande kvinnor.<\/p>\n<p>Alkuper\u00e4maa \/ Ursprungsland: Indonesia\/indonesien<\/p>\n<p>Ravintosis\u00e4lt\u00f6\/ N\u00e4ringsinneh\u00e5ll 28 g: Energiaa\/Energi kJ\/180 kcal, Rasvaa\/Fett 14 g, josta tyydyttynyt\u00e4\/varav m\u00e4ttat 3 g, Hiilihydraatteja\/Kolhydrater 6 g, josta sokereita\/varav sockerarter 1 g, Proteiinia\/Protein 6 g, Suola\/Salt 0,26 g<\/p>\n<p>Maahantuoja \/ Import\u00f6r: JK Alho, PL 18, 20251 Turku \/ \u00c5bo www.indonesianmarket.fi www.indonesianmarket.fi<\/p>\n<p>P\u00e4ivit\u00e4mme tuotetietoja aktiivisesti. Suosittelemme kuitenkin tarkistamaan ainesosat aina my\u00f6s myyntipakkauksesta. <\/p>\n","protected":false},"excerpt":{"rendered":"<p>Paahdettu maap\u00e4hkin\u00e4 valkosipulinmakuinen \/ Rostade jordn\u00f6tter med vitl\u00f6kssmak Nettopaino \/ Nettovikt: 180 g Ainesosat: Maap\u00e4hkin\u00e4t (90,04 %), valkosipuli (4,01 %), sokeri, suola, arominvahventeena natriumglutamaatti (E621), keinotekoinen makeutusaine aspartaami (E951). Allergeenitiedot: sis\u00e4lt\u00e4\u00e4 maap\u00e4hkin\u00f6it\u00e4.Sis\u00e4lt\u00e4\u00e4 sokeria ja keinotekoista makeutusainetta.Sis\u00e4lt\u00e4\u00e4 fenyylialaniinin l\u00e4hteen, ei sovellu henkil\u00f6ille, joilla on fenylketonuria.Sis\u00e4lt\u00e4\u00e4 keinotekoista makeutusainetta, ei suositella alle 5-vuotiaille lapsille, raskaana oleville eik\u00e4 imett\u00e4ville<\/p>\n<div class=\"klb-readmore entry-button\"><a class=\"button\" href=\"https:\/\/www.indonesianmarket.fi\/fi\/tuote\/dua-kelinci-kacang-rasa-bawang-paahdettu-maapahkina-valkosipulimaulla-180-g\/\">Read More<\/a><\/div>\n","protected":false},"featured_media":31250,"template":"","meta":[],"product_brand":[],"product_cat":[1671],"product_tag":[],"class_list":{"0":"post-31252","1":"product","2":"type-product","3":"status-publish","4":"has-post-thumbnail","6":"product_cat-naposteltavat-makeiset","8":"first","9":"instock","10":"taxable","11":"shipping-taxable","12":"purchasable","13":"product-type-simple"},"_links":{"self":[{"href":"https:\/\/www.indonesianmarket.fi\/fi\/wp-json\/wp\/v2\/product\/31252","targetHints":{"allow":["GET"]}}],"collection":[{"href":"https:\/\/www.indonesianmarket.fi\/fi\/wp-json\/wp\/v2\/product"}],"about":[{"href":"https:\/\/www.indonesianmarket.fi\/fi\/wp-json\/wp\/v2\/types\/product"}],"version-history":[{"count":3,"href":"https:\/\/www.indonesianmarket.fi\/fi\/wp-json\/wp\/v2\/product\/31252\/revisions"}],"predecessor-version":[{"id":34104,"href":"https:\/\/www.indonesianmarket.fi\/fi\/wp-json\/wp\/v2\/product\/31252\/revisions\/34104"}],"wp:featuredmedia":[{"embeddable":true,"href":"https:\/\/www.indonesianmarket.fi\/fi\/wp-json\/wp\/v2\/media\/31250"}],"wp:attachment":[{"href":"https:\/\/www.indonesianmarket.fi\/fi\/wp-json\/wp\/v2\/media?parent=31252"}],"wp:term":[{"taxonomy":"product_brand","embeddable":true,"href":"https:\/\/www.indonesianmarket.fi\/fi\/wp-json\/wp\/v2\/product_brand?post=31252"},{"taxonomy":"product_cat","embeddable":true,"href":"https:\/\/www.indonesianmarket.fi\/fi\/wp-json\/wp\/v2\/product_cat?post=31252"},{"taxonomy":"product_tag","embeddable":true,"href":"https:\/\/www.indonesianmarket.fi\/fi\/wp-json\/wp\/v2\/product_tag?post=31252"}],"curies":[{"name":"wp","href":"https:\/\/api.w.org\/{rel}","templated":true}]}}