{"id":31243,"date":"2025-09-03T19:28:46","date_gmt":"2025-09-03T16:28:46","guid":{"rendered":"https:\/\/www.indonesianmarket.fi\/?post_type=product&#038;p=31243"},"modified":"2026-03-20T11:43:07","modified_gmt":"2026-03-20T09:43:07","slug":"dua-belibis-tomaattikastike-335-ml","status":"publish","type":"product","link":"https:\/\/www.indonesianmarket.fi\/fi\/tuote\/dua-belibis-tomaattikastike-335-ml\/","title":{"rendered":"Dua Belibis tomaattikastike 335 ml"},"content":{"rendered":"<p>Tomattikastike\/ Tomats\u00e5s<\/p>\n<p>Nettopaino\/Nettovikt: 335 ml<\/p>\n<p>Ainesosat: Vesi, sokeri, tomaattipyree (21 %), suola, kasviper\u00e4inen stabilointiaine, happamuudens\u00e4\u00e4t\u00f6aine (etikkahappo), s\u00e4il\u00f6nt\u00e4aineet (natriumbentsoaatti ja <strong>natriummetabisulfiitti)<\/strong>, arominvahvenne (mononatriumglutamaatti), synteettinen aromi<\/p>\n<p>Ingredienser: vatten, socker, tomatpur\u00e9 (21 %), salt, vegetabiliskt stabiliseringsmedel, surhetsreglerande medel (\u00e4ttiksyra), konserveringsmedel (natriumbensoat och <strong>natriummetabisulfit<\/strong>), smakf\u00f6rst\u00e4rkare (mononatriumglutamat), syntetisk arom.<\/p>\n<p>Alkuper\u00e4maa \/ Ursprungsland: Indonesia\/Indonesien.<\/p>\n<p>Ravintosis\u00e4lt\u00f6\/ N\u00e4ringsinneh\u00e5ll 15 ml: Energiaa\/Energi 25 kcal, Rasvaa\/Fett 0 g, josta tyydyttynyt\u00e4\/varav m\u00e4ttat 0 g, Hiilihydraatteja\/Kolhydrater 6 g, josta sokereita\/varav sockerarter 4 g, Proteiinia\/Protein 0 g, Suola\/Salt 0,2 g.<\/p>\n<p>Maahantuoja \/ Import\u00f6r: JK Alho, PL 18, 20251 Turku \/ \u00c5bo www.indonesianmarket.fi<\/p>\n<p>P\u00e4ivit\u00e4mme tuotetietoja aktiivisesti. Suosittelemme kuitenkin tarkistamaan ainesosat aina my\u00f6s myyntipakkauksesta.<\/p>\n","protected":false},"excerpt":{"rendered":"<p>Tomattikastike\/ Tomats\u00e5s Nettopaino\/Nettovikt: 335 ml Ainesosat: Vesi, sokeri, tomaattipyree (21 %), suola, kasviper\u00e4inen stabilointiaine, happamuudens\u00e4\u00e4t\u00f6aine (etikkahappo), s\u00e4il\u00f6nt\u00e4aineet (natriumbentsoaatti ja natriummetabisulfiitti), arominvahvenne (mononatriumglutamaatti), synteettinen aromi Ingredienser: vatten, socker, tomatpur\u00e9 (21 %), salt, vegetabiliskt stabiliseringsmedel, surhetsreglerande medel (\u00e4ttiksyra), konserveringsmedel (natriumbensoat och natriummetabisulfit), smakf\u00f6rst\u00e4rkare (mononatriumglutamat), syntetisk arom. Alkuper\u00e4maa \/ Ursprungsland: Indonesia\/Indonesien. Ravintosis\u00e4lt\u00f6\/ N\u00e4ringsinneh\u00e5ll 15 ml: Energiaa\/Energi 25 kcal,<\/p>\n<div class=\"klb-readmore entry-button\"><a class=\"button\" href=\"https:\/\/www.indonesianmarket.fi\/fi\/tuote\/dua-belibis-tomaattikastike-335-ml\/\">Read More<\/a><\/div>\n","protected":false},"featured_media":31257,"template":"","meta":[],"product_brand":[],"product_cat":[1644],"product_tag":[],"class_list":{"0":"post-31243","1":"product","2":"type-product","3":"status-publish","4":"has-post-thumbnail","6":"product_cat-sambal-chili-kastikkeet-chilitahna","8":"first","9":"instock","10":"taxable","11":"shipping-taxable","12":"purchasable","13":"product-type-simple"},"_links":{"self":[{"href":"https:\/\/www.indonesianmarket.fi\/fi\/wp-json\/wp\/v2\/product\/31243","targetHints":{"allow":["GET"]}}],"collection":[{"href":"https:\/\/www.indonesianmarket.fi\/fi\/wp-json\/wp\/v2\/product"}],"about":[{"href":"https:\/\/www.indonesianmarket.fi\/fi\/wp-json\/wp\/v2\/types\/product"}],"version-history":[{"count":3,"href":"https:\/\/www.indonesianmarket.fi\/fi\/wp-json\/wp\/v2\/product\/31243\/revisions"}],"predecessor-version":[{"id":31560,"href":"https:\/\/www.indonesianmarket.fi\/fi\/wp-json\/wp\/v2\/product\/31243\/revisions\/31560"}],"wp:featuredmedia":[{"embeddable":true,"href":"https:\/\/www.indonesianmarket.fi\/fi\/wp-json\/wp\/v2\/media\/31257"}],"wp:attachment":[{"href":"https:\/\/www.indonesianmarket.fi\/fi\/wp-json\/wp\/v2\/media?parent=31243"}],"wp:term":[{"taxonomy":"product_brand","embeddable":true,"href":"https:\/\/www.indonesianmarket.fi\/fi\/wp-json\/wp\/v2\/product_brand?post=31243"},{"taxonomy":"product_cat","embeddable":true,"href":"https:\/\/www.indonesianmarket.fi\/fi\/wp-json\/wp\/v2\/product_cat?post=31243"},{"taxonomy":"product_tag","embeddable":true,"href":"https:\/\/www.indonesianmarket.fi\/fi\/wp-json\/wp\/v2\/product_tag?post=31243"}],"curies":[{"name":"wp","href":"https:\/\/api.w.org\/{rel}","templated":true}]}}