{"id":30743,"date":"2025-08-06T09:22:40","date_gmt":"2025-08-06T06:22:40","guid":{"rendered":"https:\/\/www.indonesianmarket.fi\/product\/royco-kuah-bakso-maustesekoitus-100-g\/"},"modified":"2026-03-27T03:05:35","modified_gmt":"2026-03-27T01:05:35","slug":"royco-kuah-bakso-maustesekoitus-100-g","status":"publish","type":"product","link":"https:\/\/www.indonesianmarket.fi\/fi\/tuote\/royco-kuah-bakso-maustesekoitus-100-g\/","title":{"rendered":"Royco KUAH BAKSO &#8211; maustesekoitus 100 g"},"content":{"rendered":"<p>BAKSO KUAH Mausteseos \/ Kryddblandning.<\/p>\n<p>Nettopaino\/Nettovikt: 100 g.<\/p>\n<p>Ainesosat: Jodioitu suola, sokeri, arominvahventeet (mononatriumbutamaatti, dinatrium-5&#8242;-ribonukleotidi, dinatriuminosinaatti ja guanylaatti), maltodekstriini, naudanrasva 5,8 % (sis\u00e4lt\u00e4\u00e4 antioksidanttia alfatokoferolia), maissit\u00e4rkkelys, synteettinen luuydinmaku (sis\u00e4lt\u00e4\u00e4 <strong>gluteenia, soijaa<\/strong>), luonnollinen karamelliv\u00e4ri I.<\/p>\n<p>Ingredienser: Joderat salt, socker, smakf\u00f6rst\u00e4rkare (mononatriumbutamat, dinatrium-5&#8242;-ribonukleotid, dinatriuminosinat och guanylat), maltodextrin, n\u00f6tk\u00f6ttsfett 5,8 % (inneh\u00e5ller antioxidanten alfa-tokoferol), majsst\u00e4rkelse, syntetisk m\u00e4rgsmak (inneh\u00e5ller <strong>gluten, soja<\/strong>), naturligt f\u00e4rg\u00e4mne karamell I.<\/p>\n<p>Alkuper\u00e4maa \/ Ursprungsland: Indonesia\/Indonesien.<\/p>\n<p>Ravintosis\u00e4lt\u00f6\/ N\u00e4ringsinneh\u00e5ll 1,3 g: Energiaa\/Energi 0 kcal, Rasvaa\/Fett 0 g, josta tyydyttynyt\u00e4\/varav m\u00e4ttat 0 g, Hiilihydraatteja\/Kolhydrater 0 g, josta sokereita\/varav sockerarter 0 g, Proteiinia\/Protein 0 g, Suola\/Salt 0,021g.<\/p>\n<p>P\u00e4ivit\u00e4mme tuotetietoja aktiivisesti. Suosittelemme kuitenkin tarkistamaan ainesosat aina my\u00f6s myyntipakkauksesta. <\/p>\n","protected":false},"excerpt":{"rendered":"<p>BAKSO KUAH Mausteseos \/ Kryddblandning. Nettopaino\/Nettovikt: 100 g. Ainesosat: Jodioitu suola, sokeri, arominvahventeet (mononatriumbutamaatti, dinatrium-5&#8242;-ribonukleotidi, dinatriuminosinaatti ja guanylaatti), maltodekstriini, naudanrasva 5,8 % (sis\u00e4lt\u00e4\u00e4 antioksidanttia alfatokoferolia), maissit\u00e4rkkelys, synteettinen luuydinmaku (sis\u00e4lt\u00e4\u00e4 gluteenia, soijaa), luonnollinen karamelliv\u00e4ri I. Ingredienser: Joderat salt, socker, smakf\u00f6rst\u00e4rkare (mononatriumbutamat, dinatrium-5&#8242;-ribonukleotid, dinatriuminosinat och guanylat), maltodextrin, n\u00f6tk\u00f6ttsfett 5,8 % (inneh\u00e5ller antioxidanten alfa-tokoferol), majsst\u00e4rkelse, syntetisk m\u00e4rgsmak (inneh\u00e5ller<\/p>\n<div class=\"klb-readmore entry-button\"><a class=\"button\" href=\"https:\/\/www.indonesianmarket.fi\/fi\/tuote\/royco-kuah-bakso-maustesekoitus-100-g\/\">Read More<\/a><\/div>\n","protected":false},"featured_media":30771,"template":"","meta":[],"product_brand":[],"product_cat":[1707],"product_tag":[],"class_list":{"0":"post-30743","1":"product","2":"type-product","3":"status-publish","4":"has-post-thumbnail","6":"product_cat-mausteseokset","8":"first","9":"instock","10":"taxable","11":"shipping-taxable","12":"purchasable","13":"product-type-simple"},"_links":{"self":[{"href":"https:\/\/www.indonesianmarket.fi\/fi\/wp-json\/wp\/v2\/product\/30743","targetHints":{"allow":["GET"]}}],"collection":[{"href":"https:\/\/www.indonesianmarket.fi\/fi\/wp-json\/wp\/v2\/product"}],"about":[{"href":"https:\/\/www.indonesianmarket.fi\/fi\/wp-json\/wp\/v2\/types\/product"}],"version-history":[{"count":4,"href":"https:\/\/www.indonesianmarket.fi\/fi\/wp-json\/wp\/v2\/product\/30743\/revisions"}],"predecessor-version":[{"id":34108,"href":"https:\/\/www.indonesianmarket.fi\/fi\/wp-json\/wp\/v2\/product\/30743\/revisions\/34108"}],"wp:featuredmedia":[{"embeddable":true,"href":"https:\/\/www.indonesianmarket.fi\/fi\/wp-json\/wp\/v2\/media\/30771"}],"wp:attachment":[{"href":"https:\/\/www.indonesianmarket.fi\/fi\/wp-json\/wp\/v2\/media?parent=30743"}],"wp:term":[{"taxonomy":"product_brand","embeddable":true,"href":"https:\/\/www.indonesianmarket.fi\/fi\/wp-json\/wp\/v2\/product_brand?post=30743"},{"taxonomy":"product_cat","embeddable":true,"href":"https:\/\/www.indonesianmarket.fi\/fi\/wp-json\/wp\/v2\/product_cat?post=30743"},{"taxonomy":"product_tag","embeddable":true,"href":"https:\/\/www.indonesianmarket.fi\/fi\/wp-json\/wp\/v2\/product_tag?post=30743"}],"curies":[{"name":"wp","href":"https:\/\/api.w.org\/{rel}","templated":true}]}}