{"id":30101,"date":"2025-01-14T11:42:57","date_gmt":"2025-01-14T09:42:57","guid":{"rendered":"https:\/\/www.indonesianmarket.fi\/product\/koepoe-koepoe-taro-aromi-30-ml\/"},"modified":"2026-03-20T11:31:33","modified_gmt":"2026-03-20T09:31:33","slug":"koepoe-koepoe-taro-aromi-30-ml","status":"publish","type":"product","link":"https:\/\/www.indonesianmarket.fi\/fi\/tuote\/koepoe-koepoe-taro-aromi-30-ml\/","title":{"rendered":"Koepoe-koepoe TARO aromi 25 ml"},"content":{"rendered":"<p>Taro-aromi \/ Taro-arom<\/p>\n<p>Nettopaino\/Nettovikt: 25 ml<\/p>\n<p>Ainesosat: Glukoosisiirappi (sis\u00e4lt\u00e4\u00e4 s\u00e4il\u00f6nt\u00e4aineena <strong>sulfiittia<\/strong>), synteettinen aromi, kantaja propyleeniglykoli (E1520), luonnollinen makeutusaine sorbitolisiirappi (E420), synteettiset v\u00e4rit (E122, E133), synteettinen vanilja-aromi. E122, E133 voi heikent\u00e4\u00e4 lasten aktiivisuutta ja tarkkaavaisuutta.<\/p>\n<p>Ingredienser: Glukossirap (inneh\u00e5ller <strong>sulfit<\/strong> som konserveringsmedel), syntetisk arom, b\u00e4rare propylenglykol (E1520), naturligt s\u00f6tningsmedel sorbitolsirap (E420), syntetiska f\u00e4rg\u00e4mnen (E122, E133), syntetisk vaniljarom. E122, E133 kan p\u00e5verka barns aktivitet och koncentration negativt.<\/p>\n<p>Alkuper\u00e4maa \/ Ursprungsland: Indonesia\/Indonesien.<\/p>\n<p>Maahantuoja \/ Import\u00f6r: JK Alho, PL 18, 20251 Turku \/ \u00c5bo www.indonesianmarket.fi<\/p>\n<p>P\u00e4ivit\u00e4mme tuotetietoja aktiivisesti. Suosittelemme kuitenkin tarkistamaan ainesosat aina my\u00f6s myyntipakkauksesta.<\/p>\n","protected":false},"excerpt":{"rendered":"<p>Taro-aromi \/ Taro-arom Nettopaino\/Nettovikt: 25 ml Ainesosat: Glukoosisiirappi (sis\u00e4lt\u00e4\u00e4 s\u00e4il\u00f6nt\u00e4aineena sulfiittia), synteettinen aromi, kantaja propyleeniglykoli (E1520), luonnollinen makeutusaine sorbitolisiirappi (E420), synteettiset v\u00e4rit (E122, E133), synteettinen vanilja-aromi. E122, E133 voi heikent\u00e4\u00e4 lasten aktiivisuutta ja tarkkaavaisuutta. Ingredienser: Glukossirap (inneh\u00e5ller sulfit som konserveringsmedel), syntetisk arom, b\u00e4rare propylenglykol (E1520), naturligt s\u00f6tningsmedel sorbitolsirap (E420), syntetiska f\u00e4rg\u00e4mnen (E122, E133), syntetisk vaniljarom.<\/p>\n<div class=\"klb-readmore entry-button\"><a class=\"button\" href=\"https:\/\/www.indonesianmarket.fi\/fi\/tuote\/koepoe-koepoe-taro-aromi-30-ml\/\">Read More<\/a><\/div>\n","protected":false},"featured_media":30098,"template":"","meta":[],"product_brand":[],"product_cat":[1668],"product_tag":[],"class_list":{"0":"post-30101","1":"product","2":"type-product","3":"status-publish","4":"has-post-thumbnail","6":"product_cat-livonta","8":"first","9":"instock","10":"taxable","11":"shipping-taxable","12":"purchasable","13":"product-type-simple"},"_links":{"self":[{"href":"https:\/\/www.indonesianmarket.fi\/fi\/wp-json\/wp\/v2\/product\/30101","targetHints":{"allow":["GET"]}}],"collection":[{"href":"https:\/\/www.indonesianmarket.fi\/fi\/wp-json\/wp\/v2\/product"}],"about":[{"href":"https:\/\/www.indonesianmarket.fi\/fi\/wp-json\/wp\/v2\/types\/product"}],"version-history":[{"count":2,"href":"https:\/\/www.indonesianmarket.fi\/fi\/wp-json\/wp\/v2\/product\/30101\/revisions"}],"predecessor-version":[{"id":31747,"href":"https:\/\/www.indonesianmarket.fi\/fi\/wp-json\/wp\/v2\/product\/30101\/revisions\/31747"}],"wp:featuredmedia":[{"embeddable":true,"href":"https:\/\/www.indonesianmarket.fi\/fi\/wp-json\/wp\/v2\/media\/30098"}],"wp:attachment":[{"href":"https:\/\/www.indonesianmarket.fi\/fi\/wp-json\/wp\/v2\/media?parent=30101"}],"wp:term":[{"taxonomy":"product_brand","embeddable":true,"href":"https:\/\/www.indonesianmarket.fi\/fi\/wp-json\/wp\/v2\/product_brand?post=30101"},{"taxonomy":"product_cat","embeddable":true,"href":"https:\/\/www.indonesianmarket.fi\/fi\/wp-json\/wp\/v2\/product_cat?post=30101"},{"taxonomy":"product_tag","embeddable":true,"href":"https:\/\/www.indonesianmarket.fi\/fi\/wp-json\/wp\/v2\/product_tag?post=30101"}],"curies":[{"name":"wp","href":"https:\/\/api.w.org\/{rel}","templated":true}]}}