{"id":29977,"date":"2025-01-04T19:04:12","date_gmt":"2025-01-04T17:04:12","guid":{"rendered":"https:\/\/www.indonesianmarket.fi\/product\/mamasuka-tepung-tempe-goreng-krispi-rapea-tempe-fritti-jauho-70-g\/"},"modified":"2026-03-20T15:25:42","modified_gmt":"2026-03-20T13:25:42","slug":"mamasuka-tepung-tempe-goreng-krispi-rapea-tempe-fritti-jauho-70-g","status":"publish","type":"product","link":"https:\/\/www.indonesianmarket.fi\/fi\/tuote\/mamasuka-tepung-tempe-goreng-krispi-rapea-tempe-fritti-jauho-70-g\/","title":{"rendered":"Mamasuka TEPUNG TEMPE GORENG KRISPI Rapea tempe fritti jauho 70 g"},"content":{"rendered":"<p>TEPUNG TEMPE GORENG KRISPI<br \/>\nRapea tempe fritti jauho \/ Krispigt tempe friteringsmj\u00f6l<\/p>\n<p>Nettopaino\/Nettovikt: 70 g<\/p>\n<p>Ainesosat: Riisijauho, mausteet (sis\u00e4lt\u00e4\u00e4 korianteria (2,49%), ruohosipulia (0,05%)), suola, kasvisstabilisointi, aromivahvenne (mononatriumglutamaatti).<\/p>\n<p>Ingredienser:Rismj\u00f6l, kryddor (inneh\u00e5ller koriander (2,49%), gr\u00e4sl\u00f6k (0,05%)), salt, v\u00e4xtstabilisator, smakf\u00f6rst\u00e4rkare (mononatriumglutamat).<\/p>\n<p>Alkuper\u00e4maa \/ Ursprungsland: Indonesia\/Indonesien.<\/p>\n<p>Ravintosis\u00e4lt\u00f6\/ N\u00e4ringsinneh\u00e5ll 20 g: Energiaa\/Energi 70 kcal, Rasvaa\/Fett 0 g, josta tyydyttynyt\u00e4\/varav m\u00e4ttat 0 g, Hiilihydraatteja\/Kolhydrater 14 g, josta sokereita\/varav sockerarter 0 g, Proteiinia\/Protein 2 g, Suola\/Salt 480 mg.<\/p>\n<p>Maahantuoja \/ Import\u00f6r: JK Alho, PL 18, 20251 Turku \/ \u00c5bo www.indonesianmarket.fi<\/p>\n<p>P\u00e4ivit\u00e4mme tuotetietoja aktiivisesti. Suosittelemme kuitenkin tarkistamaan ainesosat aina my\u00f6s myyntipakkauksesta.<\/p>\n","protected":false},"excerpt":{"rendered":"<p>TEPUNG TEMPE GORENG KRISPI Rapea tempe fritti jauho \/ Krispigt tempe friteringsmj\u00f6l Nettopaino\/Nettovikt: 70 g Ainesosat: Riisijauho, mausteet (sis\u00e4lt\u00e4\u00e4 korianteria (2,49%), ruohosipulia (0,05%)), suola, kasvisstabilisointi, aromivahvenne (mononatriumglutamaatti). Ingredienser:Rismj\u00f6l, kryddor (inneh\u00e5ller koriander (2,49%), gr\u00e4sl\u00f6k (0,05%)), salt, v\u00e4xtstabilisator, smakf\u00f6rst\u00e4rkare (mononatriumglutamat). Alkuper\u00e4maa \/ Ursprungsland: Indonesia\/Indonesien. Ravintosis\u00e4lt\u00f6\/ N\u00e4ringsinneh\u00e5ll 20 g: Energiaa\/Energi 70 kcal, Rasvaa\/Fett 0 g, josta tyydyttynyt\u00e4\/varav m\u00e4ttat<\/p>\n<div class=\"klb-readmore entry-button\"><a class=\"button\" href=\"https:\/\/www.indonesianmarket.fi\/fi\/tuote\/mamasuka-tepung-tempe-goreng-krispi-rapea-tempe-fritti-jauho-70-g\/\">Read More<\/a><\/div>\n","protected":false},"featured_media":30091,"template":"","meta":[],"product_brand":[],"product_cat":[1698],"product_tag":[],"class_list":{"0":"post-29977","1":"product","2":"type-product","3":"status-publish","4":"has-post-thumbnail","6":"product_cat-jauhot-maustamaton-maustettu","8":"first","9":"instock","10":"sale","11":"taxable","12":"shipping-taxable","13":"purchasable","14":"product-type-simple"},"_links":{"self":[{"href":"https:\/\/www.indonesianmarket.fi\/fi\/wp-json\/wp\/v2\/product\/29977","targetHints":{"allow":["GET"]}}],"collection":[{"href":"https:\/\/www.indonesianmarket.fi\/fi\/wp-json\/wp\/v2\/product"}],"about":[{"href":"https:\/\/www.indonesianmarket.fi\/fi\/wp-json\/wp\/v2\/types\/product"}],"version-history":[{"count":2,"href":"https:\/\/www.indonesianmarket.fi\/fi\/wp-json\/wp\/v2\/product\/29977\/revisions"}],"predecessor-version":[{"id":30136,"href":"https:\/\/www.indonesianmarket.fi\/fi\/wp-json\/wp\/v2\/product\/29977\/revisions\/30136"}],"wp:featuredmedia":[{"embeddable":true,"href":"https:\/\/www.indonesianmarket.fi\/fi\/wp-json\/wp\/v2\/media\/30091"}],"wp:attachment":[{"href":"https:\/\/www.indonesianmarket.fi\/fi\/wp-json\/wp\/v2\/media?parent=29977"}],"wp:term":[{"taxonomy":"product_brand","embeddable":true,"href":"https:\/\/www.indonesianmarket.fi\/fi\/wp-json\/wp\/v2\/product_brand?post=29977"},{"taxonomy":"product_cat","embeddable":true,"href":"https:\/\/www.indonesianmarket.fi\/fi\/wp-json\/wp\/v2\/product_cat?post=29977"},{"taxonomy":"product_tag","embeddable":true,"href":"https:\/\/www.indonesianmarket.fi\/fi\/wp-json\/wp\/v2\/product_tag?post=29977"}],"curies":[{"name":"wp","href":"https:\/\/api.w.org\/{rel}","templated":true}]}}