{"id":29964,"date":"2025-01-04T18:16:30","date_gmt":"2025-01-04T16:16:30","guid":{"rendered":"https:\/\/www.indonesianmarket.fi\/product\/nesia-sagu-mutiara-tapiokahelmi-100-g\/"},"modified":"2026-03-20T12:22:12","modified_gmt":"2026-03-20T10:22:12","slug":"nesia-sagu-mutiara-tapiokahelmi-100-g","status":"publish","type":"product","link":"https:\/\/www.indonesianmarket.fi\/fi\/tuote\/nesia-sagu-mutiara-tapiokahelmi-100-g\/","title":{"rendered":"Nesia SAGU MUTIARA tapiokahelmi 100 g"},"content":{"rendered":"<p>SAGU MUTIARA<br \/>\nTapiokahelmi\/Tapiokaperla<\/p>\n<p>Nettopaino\/Nettovikt: 100 g<\/p>\n<p>Ainesosat: Sagojauho, v\u00e4ri E124 (voi vaikuttaa haitallisesti lasten toimintaan ja tarkkaavaisuuteen).<\/p>\n<p>Ingredienser: Sagomj\u00f6l, f\u00e4rg E124 (kan p\u00e5verka barns aktivitet eller uppm\u00e4rksamhet negativt).<\/p>\n<p>Alkuper\u00e4maa \/ Ursprungsland: Indonesia\/Indonesien.<\/p>\n<p>Ravintosis\u00e4lt\u00f6\/ N\u00e4ringsinneh\u00e5ll 100 g: Energiaa\/Energi kcal, Rasvaa\/Fett g, josta tyydyttynyt\u00e4\/varav m\u00e4ttat g, Hiilihydraatteja\/Kolhydrater g, josta sokereita\/varav sockerarter g, Proteiinia\/Protein g, Suola\/Salt g.<\/p>\n<p>Maahantuoja \/ Import\u00f6r: JK Alho, PL 18, 20251 Turku \/ \u00c5bo www.indonesianmarket.fi www.indonesianmarket.fi<\/p>\n<p>P\u00e4ivit\u00e4mme tuotetietoja aktiivisesti. Suosittelemme kuitenkin tarkistamaan ainesosat aina my\u00f6s myyntipakkauksesta. <\/p>\n","protected":false},"excerpt":{"rendered":"<p>SAGU MUTIARA Tapiokahelmi\/Tapiokaperla Nettopaino\/Nettovikt: 100 g Ainesosat: Sagojauho, v\u00e4ri E124 (voi vaikuttaa haitallisesti lasten toimintaan ja tarkkaavaisuuteen). Ingredienser: Sagomj\u00f6l, f\u00e4rg E124 (kan p\u00e5verka barns aktivitet eller uppm\u00e4rksamhet negativt). Alkuper\u00e4maa \/ Ursprungsland: Indonesia\/Indonesien. Ravintosis\u00e4lt\u00f6\/ N\u00e4ringsinneh\u00e5ll 100 g: Energiaa\/Energi kcal, Rasvaa\/Fett g, josta tyydyttynyt\u00e4\/varav m\u00e4ttat g, Hiilihydraatteja\/Kolhydrater g, josta sokereita\/varav sockerarter g, Proteiinia\/Protein g, Suola\/Salt g. Maahantuoja<\/p>\n<div class=\"klb-readmore entry-button\"><a class=\"button\" href=\"https:\/\/www.indonesianmarket.fi\/fi\/tuote\/nesia-sagu-mutiara-tapiokahelmi-100-g\/\">Read More<\/a><\/div>\n","protected":false},"featured_media":30125,"template":"","meta":[],"product_brand":[],"product_cat":[1668],"product_tag":[],"class_list":{"0":"post-29964","1":"product","2":"type-product","3":"status-publish","4":"has-post-thumbnail","6":"product_cat-livonta","8":"first","9":"instock","10":"taxable","11":"shipping-taxable","12":"purchasable","13":"product-type-simple"},"_links":{"self":[{"href":"https:\/\/www.indonesianmarket.fi\/fi\/wp-json\/wp\/v2\/product\/29964","targetHints":{"allow":["GET"]}}],"collection":[{"href":"https:\/\/www.indonesianmarket.fi\/fi\/wp-json\/wp\/v2\/product"}],"about":[{"href":"https:\/\/www.indonesianmarket.fi\/fi\/wp-json\/wp\/v2\/types\/product"}],"version-history":[{"count":2,"href":"https:\/\/www.indonesianmarket.fi\/fi\/wp-json\/wp\/v2\/product\/29964\/revisions"}],"predecessor-version":[{"id":33861,"href":"https:\/\/www.indonesianmarket.fi\/fi\/wp-json\/wp\/v2\/product\/29964\/revisions\/33861"}],"wp:featuredmedia":[{"embeddable":true,"href":"https:\/\/www.indonesianmarket.fi\/fi\/wp-json\/wp\/v2\/media\/30125"}],"wp:attachment":[{"href":"https:\/\/www.indonesianmarket.fi\/fi\/wp-json\/wp\/v2\/media?parent=29964"}],"wp:term":[{"taxonomy":"product_brand","embeddable":true,"href":"https:\/\/www.indonesianmarket.fi\/fi\/wp-json\/wp\/v2\/product_brand?post=29964"},{"taxonomy":"product_cat","embeddable":true,"href":"https:\/\/www.indonesianmarket.fi\/fi\/wp-json\/wp\/v2\/product_cat?post=29964"},{"taxonomy":"product_tag","embeddable":true,"href":"https:\/\/www.indonesianmarket.fi\/fi\/wp-json\/wp\/v2\/product_tag?post=29964"}],"curies":[{"name":"wp","href":"https:\/\/api.w.org\/{rel}","templated":true}]}}