{"id":27487,"date":"2023-12-28T12:19:11","date_gmt":"2023-12-28T10:19:11","guid":{"rendered":"https:\/\/www.indonesianmarket.fi\/product\/kobe-boncabe-chilirouhe-sambal-nori-tuulisuus-2-35-g\/"},"modified":"2026-03-20T12:31:41","modified_gmt":"2026-03-20T10:31:41","slug":"kobe-boncabe-chilirouhe-sambal-nori-tuulisuus-2-35-g","status":"publish","type":"product","link":"https:\/\/www.indonesianmarket.fi\/fi\/tuote\/kobe-boncabe-chilirouhe-sambal-nori-tuulisuus-2-35-g\/","title":{"rendered":"Kobe Boncabe chilirouhe sambal nori tuulisuus 2 35 g"},"content":{"rendered":"<p>Kobe Boncabe Nori Sambal chilirouhe tuulisuus 2 \/ chiligryn het 2.<\/p>\n<p>Nettopaino \/ Nettovikt: 35 g.<\/p>\n<p>Ainesosat: Kuivattu chili (22,5%), <strong>vehn\u00e4jauho,<\/strong> tomusokeri, kuivattu merilev\u00e4 (12%), paistettu valkosipuli, <strong>seesami\u00f6ljy<\/strong>, suola, paistettu salottisipuli, arominvahvenne: dinatrium 5&#8242;-inosinaatti, dinatrium 5&#8242;-guanilaatti, valkosipulijauhe, valkoinen seesaminsiemen, sipulijauhetta, hiivauutetta.<\/p>\n<p>Ingredienser: Torkad chili (22,5%), <strong>vetemj\u00f6l<\/strong>, str\u00f6socker, torkad t\u00e5ng (12%), stekt vitl\u00f6k, <strong>sesamolja<\/strong>, salt, stekt schalottenl\u00f6k, smakf\u00f6rst\u00e4rkare: dinatrium 5&#8242;-inosinat, dinatrium 5&#8242;-guanylat, vitl\u00f6kspulver, vit sesamfr\u00f6, l\u00f6kpulver, j\u00e4stextrakt.<\/p>\n<p>Alkuper\u00e4maa \/ Ursprungsland: Indonesia\/Indonesien.<\/p>\n<p>Ravintosis\u00e4lt\u00f6\/ N\u00e4ringsinneh\u00e5ll 2,5 g: Energiaa\/Energi kJ\/10 kcal, Rasvaa\/Fett 0 g, josta tyydyttynyt\u00e4\/varav m\u00e4ttat 0 g, Hiilihydraatteja\/Kolhydrater 2 g, josta sokereita\/varav sockerarter 0,5 g, kuitu\/fibre 0 g, Proteiinia\/Protein 0 g, Suola\/Salt 0,06 g.<\/p>\n<p>Maahantuoja \/ Import\u00f6r: JK Alho, PL 18, 20251 Turku \/ \u00c5bo www.indonesianmarket.fi<\/p>\n<p>P\u00e4ivit\u00e4mme tuotetietoja aktiivisesti. Suosittelemme kuitenkin tarkistamaan ainesosat aina my\u00f6s myyntipakkauksesta.<\/p>\n","protected":false},"excerpt":{"rendered":"<p>Kobe Boncabe Nori Sambal chilirouhe tuulisuus 2 \/ chiligryn het 2. Nettopaino \/ Nettovikt: 35 g. Ainesosat: Kuivattu chili (22,5%), vehn\u00e4jauho, tomusokeri, kuivattu merilev\u00e4 (12%), paistettu valkosipuli, seesami\u00f6ljy, suola, paistettu salottisipuli, arominvahvenne: dinatrium 5&#8242;-inosinaatti, dinatrium 5&#8242;-guanilaatti, valkosipulijauhe, valkoinen seesaminsiemen, sipulijauhetta, hiivauutetta. Ingredienser: Torkad chili (22,5%), vetemj\u00f6l, str\u00f6socker, torkad t\u00e5ng (12%), stekt vitl\u00f6k, sesamolja, salt, stekt<\/p>\n<div class=\"klb-readmore entry-button\"><a class=\"button\" href=\"https:\/\/www.indonesianmarket.fi\/fi\/tuote\/kobe-boncabe-chilirouhe-sambal-nori-tuulisuus-2-35-g\/\">Read More<\/a><\/div>\n","protected":false},"featured_media":27648,"template":"","meta":[],"product_brand":[],"product_cat":[1644],"product_tag":[],"class_list":{"0":"post-27487","1":"product","2":"type-product","3":"status-publish","4":"has-post-thumbnail","6":"product_cat-sambal-chili-kastikkeet-chilitahna","8":"first","9":"instock","10":"taxable","11":"shipping-taxable","12":"purchasable","13":"product-type-simple"},"_links":{"self":[{"href":"https:\/\/www.indonesianmarket.fi\/fi\/wp-json\/wp\/v2\/product\/27487","targetHints":{"allow":["GET"]}}],"collection":[{"href":"https:\/\/www.indonesianmarket.fi\/fi\/wp-json\/wp\/v2\/product"}],"about":[{"href":"https:\/\/www.indonesianmarket.fi\/fi\/wp-json\/wp\/v2\/types\/product"}],"version-history":[{"count":3,"href":"https:\/\/www.indonesianmarket.fi\/fi\/wp-json\/wp\/v2\/product\/27487\/revisions"}],"predecessor-version":[{"id":31712,"href":"https:\/\/www.indonesianmarket.fi\/fi\/wp-json\/wp\/v2\/product\/27487\/revisions\/31712"}],"wp:featuredmedia":[{"embeddable":true,"href":"https:\/\/www.indonesianmarket.fi\/fi\/wp-json\/wp\/v2\/media\/27648"}],"wp:attachment":[{"href":"https:\/\/www.indonesianmarket.fi\/fi\/wp-json\/wp\/v2\/media?parent=27487"}],"wp:term":[{"taxonomy":"product_brand","embeddable":true,"href":"https:\/\/www.indonesianmarket.fi\/fi\/wp-json\/wp\/v2\/product_brand?post=27487"},{"taxonomy":"product_cat","embeddable":true,"href":"https:\/\/www.indonesianmarket.fi\/fi\/wp-json\/wp\/v2\/product_cat?post=27487"},{"taxonomy":"product_tag","embeddable":true,"href":"https:\/\/www.indonesianmarket.fi\/fi\/wp-json\/wp\/v2\/product_tag?post=27487"}],"curies":[{"name":"wp","href":"https:\/\/api.w.org\/{rel}","templated":true}]}}