{"id":25939,"date":"2023-05-15T13:00:39","date_gmt":"2023-05-15T10:00:39","guid":{"rendered":"https:\/\/www.indonesianmarket.fi\/product\/best-wok-paistettu-pikanuudeli-hot-spicy-mak-80-g\/"},"modified":"2026-03-20T15:44:09","modified_gmt":"2026-03-20T13:44:09","slug":"best-wok-paistettu-pikanuudeli-hot-spicy-mak-80-g","status":"publish","type":"product","link":"https:\/\/www.indonesianmarket.fi\/fi\/tuote\/best-wok-paistettu-pikanuudeli-hot-spicy-mak-80-g\/","title":{"rendered":"Best Wok fry instant noodle HOT &amp; SPICY flav. 80 g"},"content":{"rendered":"<p>MIE GORENG HOT SPICY FLAVOUR Pikapaistetut nuudelit tulinen maku \/Snabbstekta nudlar med kryddig smak<\/p>\n<p>Nettopaino\/Nettovikt: 80 g<\/p>\n<p>Ainesosat: Nuudelit: <strong>Vehn\u00e4jauho,<\/strong> palmu\u00f6ljy, suola, stabilointiaine (E452i, E412), kohotusaine (E501i, E500i). Maustejauhe: Sokeri, mausteet, suola, aromivahvenne (E621, E627, E631), hydrolysoitu kasviproteiini, paakkuuntumisenestoaine (E551), karamelli (E150d). Mauste\u00f6ljy: Palmu\u00f6ljy, chili, sipuli, valkosipuli, paprika\u00f6ljy. Makea <strong>soijakastike<\/strong>: Sokeri, vesi, suola, <strong>soijapapu, vehn\u00e4<\/strong>, s\u00e4il\u00f6nt\u00e4aine: natriumbentsoaatti (E211). Paistettu salottisipuli: Salottisipuli, palmu\u00f6ljy.    <\/p>\n<p>Ingrediensers: Nudlar: <strong>Vetemj\u00f6l<\/strong>, palmolja, salt, stabiliseringsmedel (E452i, E412), j\u00e4smedel (E501i, E500i). Kryddpulver: Socker, kryddor, salt, smakf\u00f6rst\u00e4rkare (E621, E627, E631), hydrolyserat vegetabiliskt protein, klumpf\u00f6rebyggande medel (E551), karamell (E150d). Kryddolja: Palmolja, chili, l\u00f6k, vitl\u00f6k, paprikolja. S\u00f6t <strong>sojas\u00e5s<\/strong>: Socker, vatten, salt, <strong>sojab\u00f6na, vete<\/strong>, konserveringsmedel: natriumbensoat (E211). Friterad schalottenl\u00f6k: Schalottenl\u00f6k, palmolja.    <\/p>\n<p>Alkuper\u00e4maa \/ Ursprungsland: Indonesia\/Indonesien<\/p>\n<p>Ravintosis\u00e4lt\u00f6 \/ N\u00e4ringsdeklaration per 100 g: Energia\/energi 400kcal, rasva\/fett 20 g, -josta tyydyttynytt\u00e4\/-varav m\u00e4ttade 8 g, hiilihydraatit\/kolhydrater 48 g, -josta sokereita\/-varav sockerarter 7,0 g, proteiini\/protein 7 g, suola\/salt 0,96 g.<\/p>\n<p>Maahantuoja \/ Import\u00f6r: JK Alho, PL 18, 20251 Turku \/ \u00c5bo, www.indonesianmarket.fi<\/p>\n<p>P\u00e4ivit\u00e4mme tuotetietoja aktiivisesti. Suosittelemme kuitenkin tarkistamaan ainesosat aina my\u00f6s myyntipakkauksesta. <\/p>\n","protected":false},"excerpt":{"rendered":"<p>MIE GORENG HOT SPICY FLAVOUR Pikapaistetut nuudelit tulinen maku \/Snabbstekta nudlar med kryddig smak Nettopaino\/Nettovikt: 80 g Ainesosat: Nuudelit: Vehn\u00e4jauho, palmu\u00f6ljy, suola, stabilointiaine (E452i, E412), kohotusaine (E501i, E500i). Maustejauhe: Sokeri, mausteet, suola, aromivahvenne (E621, E627, E631), hydrolysoitu kasviproteiini, paakkuuntumisenestoaine (E551), karamelli (E150d). Mauste\u00f6ljy: Palmu\u00f6ljy, chili, sipuli, valkosipuli, paprika\u00f6ljy. Makea soijakastike: Sokeri, vesi, suola, soijapapu, vehn\u00e4,<\/p>\n<div class=\"klb-readmore entry-button\"><a class=\"button\" href=\"https:\/\/www.indonesianmarket.fi\/fi\/tuote\/best-wok-paistettu-pikanuudeli-hot-spicy-mak-80-g\/\">Read More<\/a><\/div>\n","protected":false},"featured_media":24123,"template":"","meta":[],"product_brand":[],"product_cat":[1620],"product_tag":[],"class_list":{"0":"post-25939","1":"product","2":"type-product","3":"status-publish","4":"has-post-thumbnail","6":"product_cat-nuudelit-pika","8":"first","9":"instock","10":"sale","11":"taxable","12":"shipping-taxable","13":"purchasable","14":"product-type-simple"},"_links":{"self":[{"href":"https:\/\/www.indonesianmarket.fi\/fi\/wp-json\/wp\/v2\/product\/25939","targetHints":{"allow":["GET"]}}],"collection":[{"href":"https:\/\/www.indonesianmarket.fi\/fi\/wp-json\/wp\/v2\/product"}],"about":[{"href":"https:\/\/www.indonesianmarket.fi\/fi\/wp-json\/wp\/v2\/types\/product"}],"version-history":[{"count":6,"href":"https:\/\/www.indonesianmarket.fi\/fi\/wp-json\/wp\/v2\/product\/25939\/revisions"}],"predecessor-version":[{"id":33756,"href":"https:\/\/www.indonesianmarket.fi\/fi\/wp-json\/wp\/v2\/product\/25939\/revisions\/33756"}],"wp:featuredmedia":[{"embeddable":true,"href":"https:\/\/www.indonesianmarket.fi\/fi\/wp-json\/wp\/v2\/media\/24123"}],"wp:attachment":[{"href":"https:\/\/www.indonesianmarket.fi\/fi\/wp-json\/wp\/v2\/media?parent=25939"}],"wp:term":[{"taxonomy":"product_brand","embeddable":true,"href":"https:\/\/www.indonesianmarket.fi\/fi\/wp-json\/wp\/v2\/product_brand?post=25939"},{"taxonomy":"product_cat","embeddable":true,"href":"https:\/\/www.indonesianmarket.fi\/fi\/wp-json\/wp\/v2\/product_cat?post=25939"},{"taxonomy":"product_tag","embeddable":true,"href":"https:\/\/www.indonesianmarket.fi\/fi\/wp-json\/wp\/v2\/product_tag?post=25939"}],"curies":[{"name":"wp","href":"https:\/\/api.w.org\/{rel}","templated":true}]}}