{"id":24953,"date":"2022-12-02T23:42:04","date_gmt":"2022-12-02T21:42:04","guid":{"rendered":"https:\/\/www.indonesianmarket.fi\/?post_type=product&#038;p=24953"},"modified":"2026-03-20T16:09:21","modified_gmt":"2026-03-20T14:09:21","slug":"dua-kelinci-shanghai-pahkina-tulinen-150-g","status":"publish","type":"product","link":"https:\/\/www.indonesianmarket.fi\/fi\/tuote\/dua-kelinci-shanghai-pahkina-tulinen-150-g\/","title":{"rendered":"Dua kelinci COATED PEANUT SPICY Mausteinen kuorrutettu maap\u00e4hkin\u00e4 150 g"},"content":{"rendered":"<div><\/div>\n<div>COATED PEANUT SPICY Mausteinen kuorrutettu maap\u00e4hkin\u00e4 \/ Kryddig \u00d6verdragen jordn\u00f6t<\/div>\n<div><\/div>\n<div>Nettopaino \/ Nettovikt: 150 g<\/div>\n<div><\/div>\n<div>Ainesosat: Tapiokat\u00e4rkkelys (31,64 %), <strong>maap\u00e4hkin\u00e4<\/strong> (28,69 %), palmu\u00f6ljy (sis\u00e4lt\u00e4\u00e4 antioksidanttia: E319), spicy mauste: sis\u00e4lt\u00e4\u00e4 aromivahvenne: E621, E627, E631), paakkuuntumisenestoaine: E551, E460, kapsikum-oleoresiini (sis\u00e4lt\u00e4\u00e4 happamuudens\u00e4\u00e4t\u00f6ainetta (E260), chilimakua. V\u00e4riaineet: E160c, E120, palmu\u00f6ljy (sis\u00e4lt\u00e4\u00e4 salottisipulia), sipulijauhe, mausteet (valkosipuli &amp; chili), dekstriini, sokeri, valkosipuli, muokattu tapiokat\u00e4rkkelys, suola, salottisipuli, keinotekoinen makeutusaine (E955), antioksidantti (E307c). <\/div>\n<div><\/div>\n<div>Ingredienser: Tapiokast\u00e4rkelse (31,64 %), <strong>jordn\u00f6tter<\/strong> (28,69 %), palmolja (inneh\u00e5ller antioxidant: E319), kryddig krydda: inneh\u00e5ller smakf\u00f6rst\u00e4rkare: E621, E627, E631), fl\u00f6desmedel: E551, E460, kapsicum-oleoresin (inneh\u00e5ller surhetsreglerande medel (E260), chilismak. F\u00e4rg\u00e4mnen: E160c, E120, palmolja (inneh\u00e5ller schalottenl\u00f6k), l\u00f6kpulver, kryddor (vitl\u00f6k &amp; chili), dextrin, socker, vitl\u00f6k, modifierad tapiokast\u00e4rkelse, salt, schalottenl\u00f6k, artificiell s\u00f6tningsmedel (E955), antioxidant (E307c). <\/div>\n<div><\/div>\n<div>Alkuper\u00e4maa \/ Ursprungsland: Indonesia\/indonesien<\/div>\n<div><\/div>\n<div>Ravintosis\u00e4lt\u00f6\/ N\u00e4ringsinneh\u00e5ll 100 g: Energiaa\/Energi 2130 kJ\/509 kcal, Rasvaa\/Fett 27 g, josta tyydyttynyt\u00e4\/varav m\u00e4ttat 8,9 g, Hiilihydraatteja\/Kolhydrater 52,8 g, josta sokereita\/varav sockerarter 9,1 g, Proteiinia\/Protein 13,2 g, Suola\/Salt 0,9 g<\/div>\n<div><\/div>\n<div>Maahantuoja \/ Import\u00f6r: JK Alho, PL 18, 20251 Turku \/ \u00c5bo www.indonesianmarket.fi www.indonesianmarket.fi<\/div>\n<div><\/div>\n<div>P\u00e4ivit\u00e4mme tuotetietoja aktiivisesti. Suosittelemme kuitenkin tarkistamaan ainesosat aina my\u00f6s myyntipakkauksesta. <\/div>\n","protected":false},"excerpt":{"rendered":"<p>COATED PEANUT SPICY Mausteinen kuorrutettu maap\u00e4hkin\u00e4 \/ Kryddig \u00d6verdragen jordn\u00f6t Nettopaino \/ Nettovikt: 150 g Ainesosat: Tapiokat\u00e4rkkelys (31,64 %), maap\u00e4hkin\u00e4 (28,69 %), palmu\u00f6ljy (sis\u00e4lt\u00e4\u00e4 antioksidanttia: E319), spicy mauste: sis\u00e4lt\u00e4\u00e4 aromivahvenne: E621, E627, E631), paakkuuntumisenestoaine: E551, E460, kapsikum-oleoresiini (sis\u00e4lt\u00e4\u00e4 happamuudens\u00e4\u00e4t\u00f6ainetta (E260), chilimakua. V\u00e4riaineet: E160c, E120, palmu\u00f6ljy (sis\u00e4lt\u00e4\u00e4 salottisipulia), sipulijauhe, mausteet (valkosipuli &amp; chili), dekstriini, sokeri, valkosipuli,<\/p>\n<div class=\"klb-readmore entry-button\"><a class=\"button\" href=\"https:\/\/www.indonesianmarket.fi\/fi\/tuote\/dua-kelinci-shanghai-pahkina-tulinen-150-g\/\">Read More<\/a><\/div>\n","protected":false},"featured_media":24958,"template":"","meta":[],"product_brand":[],"product_cat":[1671],"product_tag":[],"class_list":{"0":"post-24953","1":"product","2":"type-product","3":"status-publish","4":"has-post-thumbnail","6":"product_cat-naposteltavat-makeiset","8":"first","9":"instock","10":"taxable","11":"shipping-taxable","12":"purchasable","13":"product-type-simple"},"_links":{"self":[{"href":"https:\/\/www.indonesianmarket.fi\/fi\/wp-json\/wp\/v2\/product\/24953","targetHints":{"allow":["GET"]}}],"collection":[{"href":"https:\/\/www.indonesianmarket.fi\/fi\/wp-json\/wp\/v2\/product"}],"about":[{"href":"https:\/\/www.indonesianmarket.fi\/fi\/wp-json\/wp\/v2\/types\/product"}],"version-history":[{"count":3,"href":"https:\/\/www.indonesianmarket.fi\/fi\/wp-json\/wp\/v2\/product\/24953\/revisions"}],"predecessor-version":[{"id":33761,"href":"https:\/\/www.indonesianmarket.fi\/fi\/wp-json\/wp\/v2\/product\/24953\/revisions\/33761"}],"wp:featuredmedia":[{"embeddable":true,"href":"https:\/\/www.indonesianmarket.fi\/fi\/wp-json\/wp\/v2\/media\/24958"}],"wp:attachment":[{"href":"https:\/\/www.indonesianmarket.fi\/fi\/wp-json\/wp\/v2\/media?parent=24953"}],"wp:term":[{"taxonomy":"product_brand","embeddable":true,"href":"https:\/\/www.indonesianmarket.fi\/fi\/wp-json\/wp\/v2\/product_brand?post=24953"},{"taxonomy":"product_cat","embeddable":true,"href":"https:\/\/www.indonesianmarket.fi\/fi\/wp-json\/wp\/v2\/product_cat?post=24953"},{"taxonomy":"product_tag","embeddable":true,"href":"https:\/\/www.indonesianmarket.fi\/fi\/wp-json\/wp\/v2\/product_tag?post=24953"}],"curies":[{"name":"wp","href":"https:\/\/api.w.org\/{rel}","templated":true}]}}