{"id":24783,"date":"2022-12-01T22:03:36","date_gmt":"2022-12-01T20:03:36","guid":{"rendered":"https:\/\/www.indonesianmarket.fi\/product\/dua-kelinci-sukro-bbq-paallystetty-maapahkina-120-gr\/"},"modified":"2026-03-20T16:12:38","modified_gmt":"2026-03-20T14:12:38","slug":"dua-kelinci-sukro-bbq-paallystetty-maapahkina-120-gr","status":"publish","type":"product","link":"https:\/\/www.indonesianmarket.fi\/fi\/tuote\/dua-kelinci-sukro-bbq-paallystetty-maapahkina-120-gr\/","title":{"rendered":"Dua Kelinci SUKRO BBQ Paistettu kuorrutettu maap\u00e4hkin\u00e4 95 g"},"content":{"rendered":"<p>SUKRO FRIED COATED PEANUT BBQ FLAVOUR<br \/>\nPaistettu kuorrutettu maap\u00e4hkin\u00e4 grilli maku\/ Rostade \u00f6verdragna jordn\u00f6tter med grillsmak<\/p>\n<p>Nettopaino \/ Nettovikt: 95 g<\/p>\n<p>Ainesosat: Tapiokat\u00e4rkkelys, palmu\u00f6ljy (sis\u00e4lt\u00e4\u00e4 antioksidanttia: E319), <strong>maap\u00e4hkin\u00e4t<\/strong>, sokeri, valkosipuliuute, BBQ-mauste (sis\u00e4lt\u00e4\u00e4 makuaineen tehostajia: E621, E627, E631, hydrolysoitua <strong>soijaproteiinia<\/strong>, paakkuuntumisenestoaine: E551, valkosipulijauhetta, sipulijauhetta, synteettinen aromi (naudan BBQ, liha), keinotekoinen makeutusaine: E950, <strong>soijakastikejauhe,<\/strong> dekstriini, stabilointiaineet (E339, arabikumi E414), vihannesjauhetta, v\u00e4riaine E150a, valkopippurijauhetta, <strong>soija\u00f6ljy\u00e4,<\/strong> maltodekstriini\u00e4), muokattu tapiokat\u00e4rkkelys, suola, salottisipuli, keinotekoinen makeutusaine E951.<\/p>\n<p>Ingredienser: Tapiokast\u00e4rkelse, palmolja (inneh\u00e5ller antioxidant: E319),<strong> jordn\u00f6tter,<\/strong> socker, vitl\u00f6ksextrakt, BBQ-krydda (inneh\u00e5ller smakf\u00f6rst\u00e4rkare: E621, E627, E631, hydrolyserat <strong>sojaprotein<\/strong>, klumpf\u00f6rebyggande medel: E551, vitl\u00f6kspulver, l\u00f6kpulver, syntetisk smak (n\u00f6t-BBQ, k\u00f6tt), artificiellt s\u00f6tningsmedel: E950, <strong>sojas\u00e5spulver<\/strong>, dextrin, stabiliseringsmedel (E339, arabisk gummi E414), gr\u00f6nsakspulver, f\u00e4rg\u00e4mne E150a, vitpepparpulver, <strong>sojab\u00f6nolja<\/strong>, maltodextrin), modifierad tapiokast\u00e4rkelse, salt, schalottenl\u00f6k, artificiellt s\u00f6tningsmedel E951.<\/p>\n<p>Alkuper\u00e4maa \/ Ursprungsland: Indonesia\/indonesien<\/p>\n<p>Ravintosis\u00e4lt\u00f6\/ N\u00e4ringsinneh\u00e5ll 100 g: Energiaa\/Energi 2186 kJ\/523 kcal, Rasvaa\/Fett 28 g, josta tyydyttynyt\u00e4\/varav m\u00e4ttat 6,8 g, Hiilihydraatteja\/Kolhydrater 48,5 g, josta sokereita\/varav sockerarter 13,1 g, Proteiinia\/Protein 19,3 g, Suola\/Salt 0,3 g<\/p>\n<p>Maahantuoja \/ Import\u00f6r: JK Alho, PL 18, 20251 Turku \/ \u00c5bo www.indonesianmarket.fi<\/p>\n<p>P\u00e4ivit\u00e4mme tuotetietoja aktiivisesti. Suosittelemme kuitenkin tarkistamaan ainesosat aina my\u00f6s myyntipakkauksesta.<\/p>\n","protected":false},"excerpt":{"rendered":"<p>SUKRO FRIED COATED PEANUT BBQ FLAVOUR Paistettu kuorrutettu maap\u00e4hkin\u00e4 grilli maku\/ Rostade \u00f6verdragna jordn\u00f6tter med grillsmak Nettopaino \/ Nettovikt: 95 g Ainesosat: Tapiokat\u00e4rkkelys, palmu\u00f6ljy (sis\u00e4lt\u00e4\u00e4 antioksidanttia: E319), maap\u00e4hkin\u00e4t, sokeri, valkosipuliuute, BBQ-mauste (sis\u00e4lt\u00e4\u00e4 makuaineen tehostajia: E621, E627, E631, hydrolysoitua soijaproteiinia, paakkuuntumisenestoaine: E551, valkosipulijauhetta, sipulijauhetta, synteettinen aromi (naudan BBQ, liha), keinotekoinen makeutusaine: E950, soijakastikejauhe, dekstriini, stabilointiaineet (E339,<\/p>\n<div class=\"klb-readmore entry-button\"><a class=\"button\" href=\"https:\/\/www.indonesianmarket.fi\/fi\/tuote\/dua-kelinci-sukro-bbq-paallystetty-maapahkina-120-gr\/\">Read More<\/a><\/div>\n","protected":false},"featured_media":24891,"template":"","meta":[],"product_brand":[],"product_cat":[1671],"product_tag":[],"class_list":{"0":"post-24783","1":"product","2":"type-product","3":"status-publish","4":"has-post-thumbnail","6":"product_cat-naposteltavat-makeiset","8":"first","9":"instock","10":"taxable","11":"shipping-taxable","12":"purchasable","13":"product-type-simple"},"_links":{"self":[{"href":"https:\/\/www.indonesianmarket.fi\/fi\/wp-json\/wp\/v2\/product\/24783","targetHints":{"allow":["GET"]}}],"collection":[{"href":"https:\/\/www.indonesianmarket.fi\/fi\/wp-json\/wp\/v2\/product"}],"about":[{"href":"https:\/\/www.indonesianmarket.fi\/fi\/wp-json\/wp\/v2\/types\/product"}],"version-history":[{"count":2,"href":"https:\/\/www.indonesianmarket.fi\/fi\/wp-json\/wp\/v2\/product\/24783\/revisions"}],"predecessor-version":[{"id":29926,"href":"https:\/\/www.indonesianmarket.fi\/fi\/wp-json\/wp\/v2\/product\/24783\/revisions\/29926"}],"wp:featuredmedia":[{"embeddable":true,"href":"https:\/\/www.indonesianmarket.fi\/fi\/wp-json\/wp\/v2\/media\/24891"}],"wp:attachment":[{"href":"https:\/\/www.indonesianmarket.fi\/fi\/wp-json\/wp\/v2\/media?parent=24783"}],"wp:term":[{"taxonomy":"product_brand","embeddable":true,"href":"https:\/\/www.indonesianmarket.fi\/fi\/wp-json\/wp\/v2\/product_brand?post=24783"},{"taxonomy":"product_cat","embeddable":true,"href":"https:\/\/www.indonesianmarket.fi\/fi\/wp-json\/wp\/v2\/product_cat?post=24783"},{"taxonomy":"product_tag","embeddable":true,"href":"https:\/\/www.indonesianmarket.fi\/fi\/wp-json\/wp\/v2\/product_tag?post=24783"}],"curies":[{"name":"wp","href":"https:\/\/api.w.org\/{rel}","templated":true}]}}