{"id":24775,"date":"2022-12-01T22:00:04","date_gmt":"2022-12-01T20:00:04","guid":{"rendered":"https:\/\/www.indonesianmarket.fi\/product\/best-wok-paistettu-nuudeli-mie-goreng-original-85gr\/"},"modified":"2026-03-20T15:44:09","modified_gmt":"2026-03-20T13:44:09","slug":"best-wok-paistettu-nuudeli-mie-goreng-original-85gr","status":"publish","type":"product","link":"https:\/\/www.indonesianmarket.fi\/fi\/tuote\/best-wok-paistettu-nuudeli-mie-goreng-original-85gr\/","title":{"rendered":"BEST WOK paistettu nuudeli MIE GORENG Original 85gr"},"content":{"rendered":"<p>MIE GORENG ORIGIONAL FLAVOUR Pikapaistetut nuudelit \/Snabbstekte nudlar<\/p>\n<p>Nettopaino\/Nettovikt: 85 g<\/p>\n<p>Ainesosat: Nuudelit: <strong>Vehn\u00e4jauho,<\/strong> palmu\u00f6ljy, suola, stabilointiaine (E452i, E412), nostatusaineet (E501i, E500i). Maustejauhe: Sokeri, suola, arominvahventeet (E621, E627, E631), mausteet, keinotekoinen kanan maku, karamelli (E150d), hydrolysoitu kasviproteiini, paakkuuntumisenestoaine (E551). Mauste\u00f6ljy: Palmu\u00f6ljy, valkosipuli. Makea <strong>soijakastike:<\/strong> Sokeri, soijauute (12%, sis\u00e4lt\u00e4\u00e4 <strong>vehn\u00e4\u00e4<\/strong> 0,6%), vesi, suola, v\u00e4ri (E150c, E150d), s\u00e4il\u00f6nt\u00e4aine (E211), kasvisstabilointiaine (E415), happamuudens\u00e4\u00e4t\u00f6aine (E330). Chilikastike: Vesi, chili, sokeri, kasvisstabilointiaine (E1442), suola, valkosipuli, sipuli, arominvahventeet (E621, E627, E631), happamuudens\u00e4\u00e4t\u00f6aineet (E260, E330), s\u00e4il\u00f6nt\u00e4aineet (E211, E223), stevioliglykosidi luonnollinen makeutusaine. Paahdetut salottisipulit: Salottisipulit, palmu\u00f6ljy, suola, <strong>vehn\u00e4jauho<\/strong>, arominvahventeet (E621).     <\/p>\n<p>Ingrediensers: Nudlar: <strong>Vetemj\u00f6l<\/strong>, palmolja, salt, stabiliseringsmedel (E452i, E412), j\u00e4sningsmedel (E501i, E500i). Kryddpulver: Socker, salt, smakf\u00f6rst\u00e4rkare (E621, E627, E631), kryddor, artificiell kycklingsmak, karamell (E150d), hydrolyserat vegetabiliskt protein, klumpf\u00f6rebyggande medel (E551). Kryddolja: Palmolja, vitl\u00f6k. S\u00f6t <strong>sojas\u00e5s<\/strong>: Socker, sojautdrag (12%, inneh\u00e5ller <strong>vete<\/strong> 0,6%), vatten, salt, f\u00e4rg\u00e4mne (E150c, E150d), konserveringsmedel (E211), vegetabiliskt stabiliseringsmedel (E415), surhetsreglerande medel (E330). Chilis\u00e5s: Vatten, chili, socker, vegetabiliskt stabiliseringsmedel (E1442), salt, vitl\u00f6k, l\u00f6k, smakf\u00f6rst\u00e4rkare (E621, E627, E631), surhetsreglerande medel (E260, E330), konserveringsmedel (E211, E223), steviolglykosid naturligt s\u00f6tningsmedel. Friterade schalottenl\u00f6kar: Schalottenl\u00f6kar, palmolja, salt,<strong> vetemj\u00f6l<\/strong>, smakf\u00f6rst\u00e4rkare (E621).     <\/p>\n<p>Alkuper\u00e4maa \/ Ursprungsland: Indonesia\/Indonesien<\/p>\n<p>Ravintosis\u00e4lt\u00f6 \/ N\u00e4ringsdeklaration per 85 g: Energia\/energi 420kcal, rasva\/fett 20 g, -josta tyydyttynytt\u00e4\/-varav m\u00e4ttade 8 g, hiilihydraatit\/kolhydrater 52 g, -josta sokereita\/-varav sockerarter 8,0 g, proteiini\/protein 7 g, suola\/salt 1,08 g.<\/p>\n<p>Maahantuoja \/ Import\u00f6r: JK Alho, PL 18, 20251 Turku \/ \u00c5bo, www.indonesianmarket.fi<\/p>\n<p>P\u00e4ivit\u00e4mme tuotetietoja aktiivisesti. Suosittelemme kuitenkin tarkistamaan ainesosat aina my\u00f6s myyntipakkauksesta. <\/p>\n","protected":false},"excerpt":{"rendered":"<p>MIE GORENG ORIGIONAL FLAVOUR Pikapaistetut nuudelit \/Snabbstekte nudlar Nettopaino\/Nettovikt: 85 g Ainesosat: Nuudelit: Vehn\u00e4jauho, palmu\u00f6ljy, suola, stabilointiaine (E452i, E412), nostatusaineet (E501i, E500i). Maustejauhe: Sokeri, suola, arominvahventeet (E621, E627, E631), mausteet, keinotekoinen kanan maku, karamelli (E150d), hydrolysoitu kasviproteiini, paakkuuntumisenestoaine (E551). Mauste\u00f6ljy: Palmu\u00f6ljy, valkosipuli. Makea soijakastike: Sokeri, soijauute (12%, sis\u00e4lt\u00e4\u00e4 vehn\u00e4\u00e4 0,6%), vesi, suola, v\u00e4ri (E150c, E150d),<\/p>\n<div class=\"klb-readmore entry-button\"><a class=\"button\" href=\"https:\/\/www.indonesianmarket.fi\/fi\/tuote\/best-wok-paistettu-nuudeli-mie-goreng-original-85gr\/\">Read More<\/a><\/div>\n","protected":false},"featured_media":24894,"template":"","meta":[],"product_brand":[],"product_cat":[1620],"product_tag":[],"class_list":{"0":"post-24775","1":"product","2":"type-product","3":"status-publish","4":"has-post-thumbnail","6":"product_cat-nuudelit-pika","8":"first","9":"instock","10":"sale","11":"taxable","12":"shipping-taxable","13":"purchasable","14":"product-type-simple"},"_links":{"self":[{"href":"https:\/\/www.indonesianmarket.fi\/fi\/wp-json\/wp\/v2\/product\/24775","targetHints":{"allow":["GET"]}}],"collection":[{"href":"https:\/\/www.indonesianmarket.fi\/fi\/wp-json\/wp\/v2\/product"}],"about":[{"href":"https:\/\/www.indonesianmarket.fi\/fi\/wp-json\/wp\/v2\/types\/product"}],"version-history":[{"count":3,"href":"https:\/\/www.indonesianmarket.fi\/fi\/wp-json\/wp\/v2\/product\/24775\/revisions"}],"predecessor-version":[{"id":33760,"href":"https:\/\/www.indonesianmarket.fi\/fi\/wp-json\/wp\/v2\/product\/24775\/revisions\/33760"}],"wp:featuredmedia":[{"embeddable":true,"href":"https:\/\/www.indonesianmarket.fi\/fi\/wp-json\/wp\/v2\/media\/24894"}],"wp:attachment":[{"href":"https:\/\/www.indonesianmarket.fi\/fi\/wp-json\/wp\/v2\/media?parent=24775"}],"wp:term":[{"taxonomy":"product_brand","embeddable":true,"href":"https:\/\/www.indonesianmarket.fi\/fi\/wp-json\/wp\/v2\/product_brand?post=24775"},{"taxonomy":"product_cat","embeddable":true,"href":"https:\/\/www.indonesianmarket.fi\/fi\/wp-json\/wp\/v2\/product_cat?post=24775"},{"taxonomy":"product_tag","embeddable":true,"href":"https:\/\/www.indonesianmarket.fi\/fi\/wp-json\/wp\/v2\/product_tag?post=24775"}],"curies":[{"name":"wp","href":"https:\/\/api.w.org\/{rel}","templated":true}]}}