{"id":22220,"date":"2021-08-19T10:06:57","date_gmt":"2021-08-19T07:06:57","guid":{"rendered":"http:\/\/www.indonesianmarket.fi\/?product=nesia-pahdettu-kookos-250-g"},"modified":"2026-03-27T03:18:32","modified_gmt":"2026-03-27T01:18:32","slug":"nesia-pahdettu-kookos-250-g","status":"publish","type":"product","link":"https:\/\/www.indonesianmarket.fi\/fi\/tuote\/nesia-pahdettu-kookos-250-g\/","title":{"rendered":"Nesia pahdettu maustettu kookos 250 g"},"content":{"rendered":"<p>SERUNDENG<br \/>\nMaustettu kookos\/Kryddad kokos<\/p>\n<p>Nettopaino\/Nettovikt: 250 g<\/p>\n<p>Ainesosat: Kookos, sokeri, suola, kookos\u00f6ljy, salotti, valkosipuli, korianteri, galangali, limenlehdet.<\/p>\n<p>Ingredienser: Kokos, socker, salt, kokosolja, schalottenl\u00f6k, vitl\u00f6k, koriander, galangal, limeblad.<\/p>\n<p>Alkuper\u00e4maa \/ Ursprungsland: Indonesia\/Indonesien.<\/p>\n<p>Ravintosis\u00e4lt\u00f6\/ N\u00e4ringsinneh\u00e5ll 100 g: Energiaa\/Energi 530 kcal, Rasvaa\/Fett 48 g, josta tyydyttynyt\u00e4\/varav m\u00e4ttat 30 g, Hiilihydraatteja\/Kolhydrater 18 g, josta sokereita\/varav sockerarter 15 g, Proteiinia\/Protein 8 g, Suola\/Salt 0,8 g.<\/p>\n<p>Maahantuoja \/ Import\u00f6r: JK Alho, PL 18, 20251 Turku \/ \u00c5bo www.indonesianmarket.fi www.indonesianmarket.fi<\/p>\n<p>P\u00e4ivit\u00e4mme tuotetietoja aktiivisesti. Suosittelemme kuitenkin tarkistamaan ainesosat aina my\u00f6s myyntipakkauksesta. <\/p>\n","protected":false},"excerpt":{"rendered":"<p>SERUNDENG Maustettu kookos\/Kryddad kokos Nettopaino\/Nettovikt: 250 g Ainesosat: Kookos, sokeri, suola, kookos\u00f6ljy, salotti, valkosipuli, korianteri, galangali, limenlehdet. Ingredienser: Kokos, socker, salt, kokosolja, schalottenl\u00f6k, vitl\u00f6k, koriander, galangal, limeblad. Alkuper\u00e4maa \/ Ursprungsland: Indonesia\/Indonesien. Ravintosis\u00e4lt\u00f6\/ N\u00e4ringsinneh\u00e5ll 100 g: Energiaa\/Energi 530 kcal, Rasvaa\/Fett 48 g, josta tyydyttynyt\u00e4\/varav m\u00e4ttat 30 g, Hiilihydraatteja\/Kolhydrater 18 g, josta sokereita\/varav sockerarter 15 g, Proteiinia\/Protein<\/p>\n<div class=\"klb-readmore entry-button\"><a class=\"button\" href=\"https:\/\/www.indonesianmarket.fi\/fi\/tuote\/nesia-pahdettu-kookos-250-g\/\">Read More<\/a><\/div>\n","protected":false},"featured_media":22223,"template":"","meta":[],"product_brand":[],"product_cat":[1707,1680],"product_tag":[],"class_list":{"0":"post-22220","1":"product","2":"type-product","3":"status-publish","4":"has-post-thumbnail","6":"product_cat-mausteseokset","7":"product_cat-muut-ruoanlaitto-aineet","9":"first","10":"instock","11":"taxable","12":"shipping-taxable","13":"purchasable","14":"product-type-simple"},"_links":{"self":[{"href":"https:\/\/www.indonesianmarket.fi\/fi\/wp-json\/wp\/v2\/product\/22220","targetHints":{"allow":["GET"]}}],"collection":[{"href":"https:\/\/www.indonesianmarket.fi\/fi\/wp-json\/wp\/v2\/product"}],"about":[{"href":"https:\/\/www.indonesianmarket.fi\/fi\/wp-json\/wp\/v2\/types\/product"}],"version-history":[{"count":4,"href":"https:\/\/www.indonesianmarket.fi\/fi\/wp-json\/wp\/v2\/product\/22220\/revisions"}],"predecessor-version":[{"id":34114,"href":"https:\/\/www.indonesianmarket.fi\/fi\/wp-json\/wp\/v2\/product\/22220\/revisions\/34114"}],"wp:featuredmedia":[{"embeddable":true,"href":"https:\/\/www.indonesianmarket.fi\/fi\/wp-json\/wp\/v2\/media\/22223"}],"wp:attachment":[{"href":"https:\/\/www.indonesianmarket.fi\/fi\/wp-json\/wp\/v2\/media?parent=22220"}],"wp:term":[{"taxonomy":"product_brand","embeddable":true,"href":"https:\/\/www.indonesianmarket.fi\/fi\/wp-json\/wp\/v2\/product_brand?post=22220"},{"taxonomy":"product_cat","embeddable":true,"href":"https:\/\/www.indonesianmarket.fi\/fi\/wp-json\/wp\/v2\/product_cat?post=22220"},{"taxonomy":"product_tag","embeddable":true,"href":"https:\/\/www.indonesianmarket.fi\/fi\/wp-json\/wp\/v2\/product_tag?post=22220"}],"curies":[{"name":"wp","href":"https:\/\/api.w.org\/{rel}","templated":true}]}}