{"id":22160,"date":"2021-08-19T09:03:11","date_gmt":"2021-08-19T06:03:11","guid":{"rendered":"http:\/\/www.indonesianmarket.fi\/?product=luwak-white-koffie-vahemman-sokeria-10-x-20-g"},"modified":"2026-03-20T15:57:51","modified_gmt":"2026-03-20T13:57:51","slug":"luwak-white-koffie-vahemman-sokeria-10-x-20-g","status":"publish","type":"product","link":"https:\/\/www.indonesianmarket.fi\/fi\/tuote\/luwak-white-koffie-vahemman-sokeria-10-x-20-g\/","title":{"rendered":"Luwak white koffie V\u00c4HEMM\u00c4N SOKERIA 10 x 20 g"},"content":{"rendered":"<p>Pikakahvi annospussi v\u00e4hemm\u00e4n sokeria \/snabbkaffe portionp\u00e5se mindre socker<\/p>\n<p>Nettopaino\/Nettovikt: 10 x 20 g.<\/p>\n<p>Ainesosat: Sokeri, maidoton kahvikerma (glukoosisiirappi, hydrattu kasvirasva, kaseinaatti (<strong>maitoproteiini)<\/strong>, stabilointiaineet (E340ii, E452i), emulgointiaine (E481), paakkuuntumisenestoaine (E551)), pikakahvi (15 %).<\/p>\n<p>Ingredienser: Socker, mj\u00f6lkfri kaffegr\u00e4dde (glukossirap, hydrerat vegetabiliskt fett, kaseinat (<strong>mj\u00f6lkprotein<\/strong>), stabiliseringsmedel (E340ii, E452i), emulgeringsmedel (E481), klumpf\u00f6rebyggande medel (E551)), snabbkaffe (15 %).<\/p>\n<p>Alkuper\u00e4maa\/Urusprungsland: Indonesia\/Indonesien<\/p>\n<p>Ravintosis\u00e4lt\u00f6\/ N\u00e4ringsinneh\u00e5ll 20 g: Energiaa\/Energi 80 Kcal, Rasvaa\/Fett 2,5 g, josta tyydyttynyt\u00e4\/varav m\u00e4ttat 2,5 g, Hiilihydraatteja\/ Kolhydrater 16 g, -josta sokereita \/ &#8211; varav sockerarter 5 g, Proteiinia\/Protein 0 g, Suola\/Salt 0,015 g.<\/p>\n<p>Maahantuoja\/Imp\u00f6rter: JK Alho, PL 18, 20251 Turku\/\u00c5bo www.indonesianmarket.fi<\/p>\n<p>P\u00e4ivit\u00e4mme tuotetietoja aktiivisesti. Suosittelemme kuitenkin tarkistamaan ainesosat aina my\u00f6s myyntipakkauksesta.<\/p>\n","protected":false},"excerpt":{"rendered":"<p>Pikakahvi annospussi v\u00e4hemm\u00e4n sokeria \/snabbkaffe portionp\u00e5se mindre socker Nettopaino\/Nettovikt: 10 x 20 g. Ainesosat: Sokeri, maidoton kahvikerma (glukoosisiirappi, hydrattu kasvirasva, kaseinaatti (maitoproteiini), stabilointiaineet (E340ii, E452i), emulgointiaine (E481), paakkuuntumisenestoaine (E551)), pikakahvi (15 %). Ingredienser: Socker, mj\u00f6lkfri kaffegr\u00e4dde (glukossirap, hydrerat vegetabiliskt fett, kaseinat (mj\u00f6lkprotein), stabiliseringsmedel (E340ii, E452i), emulgeringsmedel (E481), klumpf\u00f6rebyggande medel (E551)), snabbkaffe (15 %). Alkuper\u00e4maa\/Urusprungsland: Indonesia\/Indonesien<\/p>\n<div class=\"klb-readmore entry-button\"><a class=\"button\" href=\"https:\/\/www.indonesianmarket.fi\/fi\/tuote\/luwak-white-koffie-vahemman-sokeria-10-x-20-g\/\">Read More<\/a><\/div>\n","protected":false},"featured_media":22163,"template":"","meta":[],"product_brand":[],"product_cat":[1665],"product_tag":[],"class_list":{"0":"post-22160","1":"product","2":"type-product","3":"status-publish","4":"has-post-thumbnail","6":"product_cat-juomat-kahvit-ja-teet","8":"first","9":"instock","10":"taxable","11":"shipping-taxable","12":"purchasable","13":"product-type-simple"},"_links":{"self":[{"href":"https:\/\/www.indonesianmarket.fi\/fi\/wp-json\/wp\/v2\/product\/22160","targetHints":{"allow":["GET"]}}],"collection":[{"href":"https:\/\/www.indonesianmarket.fi\/fi\/wp-json\/wp\/v2\/product"}],"about":[{"href":"https:\/\/www.indonesianmarket.fi\/fi\/wp-json\/wp\/v2\/types\/product"}],"version-history":[{"count":4,"href":"https:\/\/www.indonesianmarket.fi\/fi\/wp-json\/wp\/v2\/product\/22160\/revisions"}],"predecessor-version":[{"id":31650,"href":"https:\/\/www.indonesianmarket.fi\/fi\/wp-json\/wp\/v2\/product\/22160\/revisions\/31650"}],"wp:featuredmedia":[{"embeddable":true,"href":"https:\/\/www.indonesianmarket.fi\/fi\/wp-json\/wp\/v2\/media\/22163"}],"wp:attachment":[{"href":"https:\/\/www.indonesianmarket.fi\/fi\/wp-json\/wp\/v2\/media?parent=22160"}],"wp:term":[{"taxonomy":"product_brand","embeddable":true,"href":"https:\/\/www.indonesianmarket.fi\/fi\/wp-json\/wp\/v2\/product_brand?post=22160"},{"taxonomy":"product_cat","embeddable":true,"href":"https:\/\/www.indonesianmarket.fi\/fi\/wp-json\/wp\/v2\/product_cat?post=22160"},{"taxonomy":"product_tag","embeddable":true,"href":"https:\/\/www.indonesianmarket.fi\/fi\/wp-json\/wp\/v2\/product_tag?post=22160"}],"curies":[{"name":"wp","href":"https:\/\/api.w.org\/{rel}","templated":true}]}}