{"id":21950,"date":"2020-12-29T22:02:18","date_gmt":"2020-12-29T20:02:18","guid":{"rendered":"http:\/\/www.indonesianmarket.fi\/?product=salonpas-hot-capsicumchili-kipulaastari-1x12-kpl"},"modified":"2026-01-26T12:02:56","modified_gmt":"2026-01-26T10:02:56","slug":"salonpas-hot-capsicum-chili-kipulaastari-1x12-kpl","status":"publish","type":"product","link":"https:\/\/www.indonesianmarket.fi\/fi\/tuote\/salonpas-hot-capsicum-chili-kipulaastari-1x12-kpl\/","title":{"rendered":"Salonpas capsicum\/chili kipulaastari 1&#215;12 kpl"},"content":{"rendered":"<p>Kipulaastari\/sm\u00e4rtpl\u00e5ster<\/p>\n<p>Nettopaino\/netvikt: 1\u00d712 kpl<\/p>\n<p>Ainesosat: Metyylisalisylaatti 7,18 %, L-mentoli 5,66 %, dl-kamferi 1,24 %.<\/p>\n<p>Ingredienser: Metylsalicylat 7,18 %, L-mentol 5,66 %, dl-kamfer 1,24 %.<\/p>\n<p>Alkuper\u00e4maa \/ Ursprungsland: Indonesia\/Indonesien<\/p>\n<p>Maahantuoja \/ Import\u00f6r: JK Alho, PL 18, 20251 Turku \/ \u00c5bo www.indonesianmarket.fi<\/p>\n<p>P\u00e4ivit\u00e4mme tuotetietoja aktiivisesti. Suosittelemme kuitenkin tarkistamaan ainesosat aina my\u00f6s myyntipakkauksesta.<\/p>\n","protected":false},"excerpt":{"rendered":"<p>Kipulaastari\/sm\u00e4rtpl\u00e5ster Nettopaino\/netvikt: 1\u00d712 kpl Ainesosat: Metyylisalisylaatti 7,18 %, L-mentoli 5,66 %, dl-kamferi 1,24 %. Ingredienser: Metylsalicylat 7,18 %, L-mentol 5,66 %, dl-kamfer 1,24 %. Alkuper\u00e4maa \/ Ursprungsland: Indonesia\/Indonesien Maahantuoja \/ Import\u00f6r: JK Alho, PL 18, 20251 Turku \/ \u00c5bo www.indonesianmarket.fi P\u00e4ivit\u00e4mme tuotetietoja aktiivisesti. Suosittelemme kuitenkin tarkistamaan ainesosat aina my\u00f6s myyntipakkauksesta.<\/p>\n","protected":false},"featured_media":29212,"template":"","meta":[],"product_brand":[2208],"product_cat":[1776],"product_tag":[],"class_list":{"0":"post-21950","1":"product","2":"type-product","3":"status-publish","4":"has-post-thumbnail","6":"product_brand-salonpas","7":"product_cat-hoitotuotteet","9":"first","10":"instock","11":"taxable","12":"shipping-taxable","13":"purchasable","14":"product-type-simple"},"_links":{"self":[{"href":"https:\/\/www.indonesianmarket.fi\/fi\/wp-json\/wp\/v2\/product\/21950","targetHints":{"allow":["GET"]}}],"collection":[{"href":"https:\/\/www.indonesianmarket.fi\/fi\/wp-json\/wp\/v2\/product"}],"about":[{"href":"https:\/\/www.indonesianmarket.fi\/fi\/wp-json\/wp\/v2\/types\/product"}],"version-history":[{"count":3,"href":"https:\/\/www.indonesianmarket.fi\/fi\/wp-json\/wp\/v2\/product\/21950\/revisions"}],"predecessor-version":[{"id":31550,"href":"https:\/\/www.indonesianmarket.fi\/fi\/wp-json\/wp\/v2\/product\/21950\/revisions\/31550"}],"wp:featuredmedia":[{"embeddable":true,"href":"https:\/\/www.indonesianmarket.fi\/fi\/wp-json\/wp\/v2\/media\/29212"}],"wp:attachment":[{"href":"https:\/\/www.indonesianmarket.fi\/fi\/wp-json\/wp\/v2\/media?parent=21950"}],"wp:term":[{"taxonomy":"product_brand","embeddable":true,"href":"https:\/\/www.indonesianmarket.fi\/fi\/wp-json\/wp\/v2\/product_brand?post=21950"},{"taxonomy":"product_cat","embeddable":true,"href":"https:\/\/www.indonesianmarket.fi\/fi\/wp-json\/wp\/v2\/product_cat?post=21950"},{"taxonomy":"product_tag","embeddable":true,"href":"https:\/\/www.indonesianmarket.fi\/fi\/wp-json\/wp\/v2\/product_tag?post=21950"}],"curies":[{"name":"wp","href":"https:\/\/api.w.org\/{rel}","templated":true}]}}