{"id":21659,"date":"2020-06-19T05:20:26","date_gmt":"2020-06-19T02:20:26","guid":{"rendered":"http:\/\/www.indonesianmarket.fi\/?product=nesia-palmu-sokeri-jauhettu-250-g"},"modified":"2026-03-27T03:21:58","modified_gmt":"2026-03-27T01:21:58","slug":"nesia-palm-sugar-powder-1","status":"publish","type":"product","link":"https:\/\/www.indonesianmarket.fi\/fi\/tuote\/nesia-palm-sugar-powder-1\/","title":{"rendered":"Nesia palmu sokeri jauhettu 250 g"},"content":{"rendered":"<p>Jauhettu palmusokeri \/ Pulvriserat palmsocker<\/p>\n<p>Nettopaino \/ Nettovikt: 250 g<\/p>\n<p>Ainesosat: Palmusokeri.<\/p>\n<p>Ingredienser: Palmsocker<\/p>\n<p>Alkuper\u00e4maa \/ Ursprungsland: Indonesia\/indonesien<\/p>\n<p>Ravintosis\u00e4lt\u00f6\/ N\u00e4ringsinneh\u00e5ll 100 g: Energiaa\/Energi 400 kcal, Rasvaa\/Fett 0 g, josta tyydyttynyt\u00e4\/varav m\u00e4ttat 0 g, Hiilihydraatteja\/Kolhydrater 97 g, josta sokereita\/varav sockerarter 96 g,Proteiinia\/Protein 0 g, Suola\/Salt 0 g.<\/p>\n<p>Maahantuoja \/ Import\u00f6r: JK Alho, PL 18, 20251 Turku \/ \u00c5bo www.indonesianmarket.fi www.indonesianmarket.fi<\/p>\n<p>P\u00e4ivit\u00e4mme tuotetietoja aktiivisesti. Suosittelemme kuitenkin tarkistamaan ainesosat aina my\u00f6s myyntipakkauksesta. <\/p>\n","protected":false},"excerpt":{"rendered":"<p>Jauhettu palmusokeri \/ Pulvriserat palmsocker Nettopaino \/ Nettovikt: 250 g Ainesosat: Palmusokeri. Ingredienser: Palmsocker Alkuper\u00e4maa \/ Ursprungsland: Indonesia\/indonesien Ravintosis\u00e4lt\u00f6\/ N\u00e4ringsinneh\u00e5ll 100 g: Energiaa\/Energi 400 kcal, Rasvaa\/Fett 0 g, josta tyydyttynyt\u00e4\/varav m\u00e4ttat 0 g, Hiilihydraatteja\/Kolhydrater 97 g, josta sokereita\/varav sockerarter 96 g,Proteiinia\/Protein 0 g, Suola\/Salt 0 g. Maahantuoja \/ Import\u00f6r: JK Alho, PL 18, 20251 Turku<\/p>\n<div class=\"klb-readmore entry-button\"><a class=\"button\" href=\"https:\/\/www.indonesianmarket.fi\/fi\/tuote\/nesia-palm-sugar-powder-1\/\">Read More<\/a><\/div>\n","protected":false},"featured_media":21662,"template":"","meta":[],"product_brand":[],"product_cat":[1662],"product_tag":[],"class_list":{"0":"post-21659","1":"product","2":"type-product","3":"status-publish","4":"has-post-thumbnail","6":"product_cat-sokerit-sirapit","8":"first","9":"instock","10":"taxable","11":"shipping-taxable","12":"purchasable","13":"product-type-simple"},"_links":{"self":[{"href":"https:\/\/www.indonesianmarket.fi\/fi\/wp-json\/wp\/v2\/product\/21659","targetHints":{"allow":["GET"]}}],"collection":[{"href":"https:\/\/www.indonesianmarket.fi\/fi\/wp-json\/wp\/v2\/product"}],"about":[{"href":"https:\/\/www.indonesianmarket.fi\/fi\/wp-json\/wp\/v2\/types\/product"}],"version-history":[{"count":3,"href":"https:\/\/www.indonesianmarket.fi\/fi\/wp-json\/wp\/v2\/product\/21659\/revisions"}],"predecessor-version":[{"id":34118,"href":"https:\/\/www.indonesianmarket.fi\/fi\/wp-json\/wp\/v2\/product\/21659\/revisions\/34118"}],"wp:featuredmedia":[{"embeddable":true,"href":"https:\/\/www.indonesianmarket.fi\/fi\/wp-json\/wp\/v2\/media\/21662"}],"wp:attachment":[{"href":"https:\/\/www.indonesianmarket.fi\/fi\/wp-json\/wp\/v2\/media?parent=21659"}],"wp:term":[{"taxonomy":"product_brand","embeddable":true,"href":"https:\/\/www.indonesianmarket.fi\/fi\/wp-json\/wp\/v2\/product_brand?post=21659"},{"taxonomy":"product_cat","embeddable":true,"href":"https:\/\/www.indonesianmarket.fi\/fi\/wp-json\/wp\/v2\/product_cat?post=21659"},{"taxonomy":"product_tag","embeddable":true,"href":"https:\/\/www.indonesianmarket.fi\/fi\/wp-json\/wp\/v2\/product_tag?post=21659"}],"curies":[{"name":"wp","href":"https:\/\/api.w.org\/{rel}","templated":true}]}}