{"id":21503,"date":"2020-04-10T18:05:27","date_gmt":"2020-04-10T15:05:27","guid":{"rendered":"http:\/\/www.indonesianmarket.fi\/?product=nesia-paistettu-salottisipuli-75-g"},"modified":"2026-03-20T15:35:29","modified_gmt":"2026-03-20T13:35:29","slug":"nesia-paistettu-salottisipuli-75-g","status":"publish","type":"product","link":"https:\/\/www.indonesianmarket.fi\/fi\/tuote\/nesia-paistettu-salottisipuli-75-g\/","title":{"rendered":"Nesia paistettu salottisipuli 75 g"},"content":{"rendered":"<div>BAWANG MERAH GORENG<br \/>\nPaistettu shallottisipuli \/Stekt schalottenl\u00f6k<\/div>\n<div><\/div>\n<div>Nettopaino\/netvikt: 75 g<\/div>\n<div><\/div>\n<div>Ainesosat: Shallottisipuli , suola, kasvi\u00f6ljy.<\/div>\n<div><\/div>\n<div>Ingrediensers: Schalottenl\u00f6k, salt, vegetabilisk olja.<\/div>\n<div><\/div>\n<div>Alkuper\u00e4maa \/ Ursprungsland: Indonesia\/Indonesien<\/div>\n<div><\/div>\n<div>Ravintosis\u00e4lt\u00f6 \/ N\u00e4ringsdeklaration per 100 g: Energia\/energi 265 kcal, rasva\/fett 14 g, -josta tyydyttynytt\u00e4\/-varav m\u00e4ttade 4 g, hiilihydraatit\/kolhydrater 28 g, -josta sokereita\/-varav sockerarter 1 g, proteiini\/protein 4 g, suola\/salt 0,8 g.<\/div>\n<div><\/div>\n<div>Maahantuoja \/ Import\u00f6r: JK Alho, PL 18, 20251 Turku \/ \u00c5bo, www.indonesianmarket.fi<\/div>\n<div><\/div>\n<div>P\u00e4ivit\u00e4mme tuotetietoja aktiivisesti.<br \/>\nSuosittelemme kuitenkin tarkistamaan ainesosat aina my\u00f6s myyntipakkauksesta. <\/div>\n","protected":false},"excerpt":{"rendered":"<p>BAWANG MERAH GORENG Paistettu shallottisipuli \/Stekt schalottenl\u00f6k Nettopaino\/netvikt: 75 g Ainesosat: Shallottisipuli , suola, kasvi\u00f6ljy. Ingrediensers: Schalottenl\u00f6k, salt, vegetabilisk olja. Alkuper\u00e4maa \/ Ursprungsland: Indonesia\/Indonesien Ravintosis\u00e4lt\u00f6 \/ N\u00e4ringsdeklaration per 100 g: Energia\/energi 265 kcal, rasva\/fett 14 g, -josta tyydyttynytt\u00e4\/-varav m\u00e4ttade 4 g, hiilihydraatit\/kolhydrater 28 g, -josta sokereita\/-varav sockerarter 1 g, proteiini\/protein 4 g, suola\/salt 0,8 g.<\/p>\n<div class=\"klb-readmore entry-button\"><a class=\"button\" href=\"https:\/\/www.indonesianmarket.fi\/fi\/tuote\/nesia-paistettu-salottisipuli-75-g\/\">Read More<\/a><\/div>\n","protected":false},"featured_media":21506,"template":"","meta":[],"product_brand":[],"product_cat":[1680],"product_tag":[],"class_list":{"0":"post-21503","1":"product","2":"type-product","3":"status-publish","4":"has-post-thumbnail","6":"product_cat-muut-ruoanlaitto-aineet","8":"first","9":"instock","10":"taxable","11":"shipping-taxable","12":"purchasable","13":"product-type-simple"},"_links":{"self":[{"href":"https:\/\/www.indonesianmarket.fi\/fi\/wp-json\/wp\/v2\/product\/21503","targetHints":{"allow":["GET"]}}],"collection":[{"href":"https:\/\/www.indonesianmarket.fi\/fi\/wp-json\/wp\/v2\/product"}],"about":[{"href":"https:\/\/www.indonesianmarket.fi\/fi\/wp-json\/wp\/v2\/types\/product"}],"version-history":[{"count":3,"href":"https:\/\/www.indonesianmarket.fi\/fi\/wp-json\/wp\/v2\/product\/21503\/revisions"}],"predecessor-version":[{"id":32840,"href":"https:\/\/www.indonesianmarket.fi\/fi\/wp-json\/wp\/v2\/product\/21503\/revisions\/32840"}],"wp:featuredmedia":[{"embeddable":true,"href":"https:\/\/www.indonesianmarket.fi\/fi\/wp-json\/wp\/v2\/media\/21506"}],"wp:attachment":[{"href":"https:\/\/www.indonesianmarket.fi\/fi\/wp-json\/wp\/v2\/media?parent=21503"}],"wp:term":[{"taxonomy":"product_brand","embeddable":true,"href":"https:\/\/www.indonesianmarket.fi\/fi\/wp-json\/wp\/v2\/product_brand?post=21503"},{"taxonomy":"product_cat","embeddable":true,"href":"https:\/\/www.indonesianmarket.fi\/fi\/wp-json\/wp\/v2\/product_cat?post=21503"},{"taxonomy":"product_tag","embeddable":true,"href":"https:\/\/www.indonesianmarket.fi\/fi\/wp-json\/wp\/v2\/product_tag?post=21503"}],"curies":[{"name":"wp","href":"https:\/\/api.w.org\/{rel}","templated":true}]}}