{"id":21461,"date":"2020-03-19T21:17:00","date_gmt":"2020-03-19T19:17:00","guid":{"rendered":"http:\/\/www.indonesianmarket.fi\/?product=dua-kuali-haranhanta-keitto-tahna-50-g"},"modified":"2026-04-14T21:36:51","modified_gmt":"2026-04-14T18:36:51","slug":"dua-kuali-haranhanta-keitto-tahna-50-g","status":"publish","type":"product","link":"https:\/\/www.indonesianmarket.fi\/fi\/tuote\/dua-kuali-haranhanta-keitto-tahna-50-g\/","title":{"rendered":"Dua Kuali h\u00e4r\u00e4nh\u00e4nt\u00e4 keitto tahna 50 g"},"content":{"rendered":"","protected":false},"excerpt":{"rendered":"","protected":false},"featured_media":21464,"template":"","meta":[],"product_brand":[2256],"product_cat":[1707],"product_tag":[],"class_list":{"0":"post-21461","1":"product","2":"type-product","3":"status-publish","4":"has-post-thumbnail","6":"product_brand-dua-kuali","7":"product_cat-mausteseokset","9":"first","10":"instock","11":"taxable","12":"shipping-taxable","13":"purchasable","14":"product-type-simple"},"_links":{"self":[{"href":"https:\/\/www.indonesianmarket.fi\/fi\/wp-json\/wp\/v2\/product\/21461","targetHints":{"allow":["GET"]}}],"collection":[{"href":"https:\/\/www.indonesianmarket.fi\/fi\/wp-json\/wp\/v2\/product"}],"about":[{"href":"https:\/\/www.indonesianmarket.fi\/fi\/wp-json\/wp\/v2\/types\/product"}],"version-history":[{"count":1,"href":"https:\/\/www.indonesianmarket.fi\/fi\/wp-json\/wp\/v2\/product\/21461\/revisions"}],"predecessor-version":[{"id":24562,"href":"https:\/\/www.indonesianmarket.fi\/fi\/wp-json\/wp\/v2\/product\/21461\/revisions\/24562"}],"wp:featuredmedia":[{"embeddable":true,"href":"https:\/\/www.indonesianmarket.fi\/fi\/wp-json\/wp\/v2\/media\/21464"}],"wp:attachment":[{"href":"https:\/\/www.indonesianmarket.fi\/fi\/wp-json\/wp\/v2\/media?parent=21461"}],"wp:term":[{"taxonomy":"product_brand","embeddable":true,"href":"https:\/\/www.indonesianmarket.fi\/fi\/wp-json\/wp\/v2\/product_brand?post=21461"},{"taxonomy":"product_cat","embeddable":true,"href":"https:\/\/www.indonesianmarket.fi\/fi\/wp-json\/wp\/v2\/product_cat?post=21461"},{"taxonomy":"product_tag","embeddable":true,"href":"https:\/\/www.indonesianmarket.fi\/fi\/wp-json\/wp\/v2\/product_tag?post=21461"}],"curies":[{"name":"wp","href":"https:\/\/api.w.org\/{rel}","templated":true}]}}