{"id":21449,"date":"2020-03-02T21:52:54","date_gmt":"2020-03-02T19:52:54","guid":{"rendered":"http:\/\/www.indonesianmarket.fi\/?product=swallow-agar-agar-jauhe-ruskea-7-g"},"modified":"2026-03-20T12:27:12","modified_gmt":"2026-03-20T10:27:12","slug":"swallow-agar-agar-jauhe-ruskea-7-g","status":"publish","type":"product","link":"https:\/\/www.indonesianmarket.fi\/fi\/tuote\/swallow-agar-agar-jauhe-ruskea-7-g\/","title":{"rendered":"Swallow agar-agar jauhe BROWN 7 g"},"content":{"rendered":"<p>Agar-Agar jauhe\/pulver BROWN<\/p>\n<p>Nettopaino\/Nettovikt: 7 g<\/p>\n<p>Ainesosat: agar-agarjauhe, synteettiset vanilja-aromit, v\u00e4riaineet (e155, e133).<\/p>\n<p>Ingredienser: agar-agarpulver, syntetiska vaniljaromer, f\u00e4rg\u00e4mnen (e155, e133).<\/p>\n<p>Ravintosis\u00e4lt\u00f6\/ N\u00e4ringsinneh\u00e5ll 1,75 g: Energiaa\/Energi 5 kcal, Rasvaa\/Fett 0 g, josta tyydyttynyt\u00e4\/varav m\u00e4ttat 0 g, Hiilihydraatteja\/Kolhydrater 2 g, josta sokereita\/varav sockerarter 2 g, kuitu\/fibre 2g, Proteiinia\/Protein 0 g, Suola\/Salt 0 g.<\/p>\n<p>Alkuper\u00e4maa \/ Ursprungsland: Indonesia.<\/p>\n<p>Maahantuoja \/ Import\u00f6r: JK Alho, PL 18, 20251 Turku \/ \u00c5bo www.indonesianmarket.fi www.indonesianmarket.fi<\/p>\n<p>P\u00e4ivit\u00e4mme tuotetietoja aktiivisesti. Suosittelemme kuitenkin tarkistamaan ainesosat aina my\u00f6s myyntipakkauksesta. <\/p>\n<p>&nbsp;<\/p>\n","protected":false},"excerpt":{"rendered":"<p>Agar-Agar jauhe\/pulver BROWN Nettopaino\/Nettovikt: 7 g Ainesosat: agar-agarjauhe, synteettiset vanilja-aromit, v\u00e4riaineet (e155, e133). Ingredienser: agar-agarpulver, syntetiska vaniljaromer, f\u00e4rg\u00e4mnen (e155, e133). Ravintosis\u00e4lt\u00f6\/ N\u00e4ringsinneh\u00e5ll 1,75 g: Energiaa\/Energi 5 kcal, Rasvaa\/Fett 0 g, josta tyydyttynyt\u00e4\/varav m\u00e4ttat 0 g, Hiilihydraatteja\/Kolhydrater 2 g, josta sokereita\/varav sockerarter 2 g, kuitu\/fibre 2g, Proteiinia\/Protein 0 g, Suola\/Salt 0 g. Alkuper\u00e4maa \/ Ursprungsland: Indonesia.<\/p>\n<div class=\"klb-readmore entry-button\"><a class=\"button\" href=\"https:\/\/www.indonesianmarket.fi\/fi\/tuote\/swallow-agar-agar-jauhe-ruskea-7-g\/\">Read More<\/a><\/div>\n","protected":false},"featured_media":21452,"template":"","meta":[],"product_brand":[],"product_cat":[1668],"product_tag":[],"class_list":{"0":"post-21449","1":"product","2":"type-product","3":"status-publish","4":"has-post-thumbnail","6":"product_cat-livonta","8":"first","9":"instock","10":"taxable","11":"shipping-taxable","12":"purchasable","13":"product-type-simple"},"_links":{"self":[{"href":"https:\/\/www.indonesianmarket.fi\/fi\/wp-json\/wp\/v2\/product\/21449","targetHints":{"allow":["GET"]}}],"collection":[{"href":"https:\/\/www.indonesianmarket.fi\/fi\/wp-json\/wp\/v2\/product"}],"about":[{"href":"https:\/\/www.indonesianmarket.fi\/fi\/wp-json\/wp\/v2\/types\/product"}],"version-history":[{"count":3,"href":"https:\/\/www.indonesianmarket.fi\/fi\/wp-json\/wp\/v2\/product\/21449\/revisions"}],"predecessor-version":[{"id":32880,"href":"https:\/\/www.indonesianmarket.fi\/fi\/wp-json\/wp\/v2\/product\/21449\/revisions\/32880"}],"wp:featuredmedia":[{"embeddable":true,"href":"https:\/\/www.indonesianmarket.fi\/fi\/wp-json\/wp\/v2\/media\/21452"}],"wp:attachment":[{"href":"https:\/\/www.indonesianmarket.fi\/fi\/wp-json\/wp\/v2\/media?parent=21449"}],"wp:term":[{"taxonomy":"product_brand","embeddable":true,"href":"https:\/\/www.indonesianmarket.fi\/fi\/wp-json\/wp\/v2\/product_brand?post=21449"},{"taxonomy":"product_cat","embeddable":true,"href":"https:\/\/www.indonesianmarket.fi\/fi\/wp-json\/wp\/v2\/product_cat?post=21449"},{"taxonomy":"product_tag","embeddable":true,"href":"https:\/\/www.indonesianmarket.fi\/fi\/wp-json\/wp\/v2\/product_tag?post=21449"}],"curies":[{"name":"wp","href":"https:\/\/api.w.org\/{rel}","templated":true}]}}