{"id":21305,"date":"2019-12-13T20:32:23","date_gmt":"2019-12-13T18:32:23","guid":{"rendered":"http:\/\/www.indonesianmarket.fi\/?product=totole-sieniliemi-jauhettu-80-g"},"modified":"2026-03-20T15:28:04","modified_gmt":"2026-03-20T13:28:04","slug":"totole-sieni-kasvusto-pulveri-80-g","status":"publish","type":"product","link":"https:\/\/www.indonesianmarket.fi\/fi\/tuote\/totole-sieni-kasvusto-pulveri-80-g\/","title":{"rendered":"Totole Rakeinen sieniliemijauhe 80 g"},"content":{"rendered":"<p>Rakeinen sieniliemijauhe \/ Granulerad svampbuljong.<\/p>\n<p>Nettopaino\/Nettovikt: 80 g<\/p>\n<p>Ainesosat: Suola, arominvahventeet (mononatrium-L-glutamaatti, dinatrium-5&#8242;-ribonukleotidit), riisi, kidesokeri, kasviper\u00e4iset proteiinihydrolysaatit, luonnolliset aromit, sienet.<\/p>\n<p>Ingredienser: Salt, smakf\u00f6rst\u00e4rkare (mononatrium-L-glutamat, dinatrium-5&#8242;-ribonukleotider), ris, kristallsocker, vegetabiliska proteinhydrolysat, naturliga aromer, svamp.<\/p>\n<p>Alkuper\u00e4maa \/ Ursprungsland: Kiina\/Kina.<\/p>\n<p>Ravintosis\u00e4lt\u00f6\/ N\u00e4ringsinneh\u00e5ll g: Energiaa\/Energi kcal, Rasvaa\/Fett g, josta tyydyttynyt\u00e4\/varav m\u00e4ttat g, Hiilihydraatteja\/Kolhydrater g, josta sokereita\/varav sockerarter g, Proteiinia\/Protein g, Suola\/Salt g.<\/p>\n<p>Maahantuoja \/ Import\u00f6r: JK Alho, PL 18, 20251 Turku \/ \u00c5bo www.indonesianmarket.fi www.indonesianmarket.fi<\/p>\n<p>P\u00e4ivit\u00e4mme tuotetietoja aktiivisesti. Suosittelemme kuitenkin tarkistamaan ainesosat aina my\u00f6s myyntipakkauksesta. <\/p>\n","protected":false},"excerpt":{"rendered":"<p><br data-mce-bogus=\"1\"><\/p>\n","protected":false},"featured_media":21308,"template":"","meta":[],"product_brand":[],"product_cat":[1680],"product_tag":[],"class_list":{"0":"post-21305","1":"product","2":"type-product","3":"status-publish","4":"has-post-thumbnail","6":"product_cat-muut-ruoanlaitto-aineet","8":"first","9":"instock","10":"taxable","11":"shipping-taxable","12":"purchasable","13":"product-type-simple"},"_links":{"self":[{"href":"https:\/\/www.indonesianmarket.fi\/fi\/wp-json\/wp\/v2\/product\/21305","targetHints":{"allow":["GET"]}}],"collection":[{"href":"https:\/\/www.indonesianmarket.fi\/fi\/wp-json\/wp\/v2\/product"}],"about":[{"href":"https:\/\/www.indonesianmarket.fi\/fi\/wp-json\/wp\/v2\/types\/product"}],"version-history":[{"count":6,"href":"https:\/\/www.indonesianmarket.fi\/fi\/wp-json\/wp\/v2\/product\/21305\/revisions"}],"predecessor-version":[{"id":33784,"href":"https:\/\/www.indonesianmarket.fi\/fi\/wp-json\/wp\/v2\/product\/21305\/revisions\/33784"}],"wp:featuredmedia":[{"embeddable":true,"href":"https:\/\/www.indonesianmarket.fi\/fi\/wp-json\/wp\/v2\/media\/21308"}],"wp:attachment":[{"href":"https:\/\/www.indonesianmarket.fi\/fi\/wp-json\/wp\/v2\/media?parent=21305"}],"wp:term":[{"taxonomy":"product_brand","embeddable":true,"href":"https:\/\/www.indonesianmarket.fi\/fi\/wp-json\/wp\/v2\/product_brand?post=21305"},{"taxonomy":"product_cat","embeddable":true,"href":"https:\/\/www.indonesianmarket.fi\/fi\/wp-json\/wp\/v2\/product_cat?post=21305"},{"taxonomy":"product_tag","embeddable":true,"href":"https:\/\/www.indonesianmarket.fi\/fi\/wp-json\/wp\/v2\/product_tag?post=21305"}],"curies":[{"name":"wp","href":"https:\/\/api.w.org\/{rel}","templated":true}]}}