{"id":21203,"date":"2019-10-01T07:56:05","date_gmt":"2019-10-01T04:56:05","guid":{"rendered":"http:\/\/www.indonesianmarket.fi\/?product=nesia-tofusipsi-100g"},"modified":"2026-04-11T09:46:36","modified_gmt":"2026-04-11T06:46:36","slug":"nesia-tofusipsi-100g","status":"publish","type":"product","link":"https:\/\/www.indonesianmarket.fi\/fi\/tuote\/nesia-tofusipsi-100g\/","title":{"rendered":"Nesia tofu sipsi 100g"},"content":{"rendered":"<div><\/div>\n<div>Tofu sipsi\/tofuchips<\/div>\n<div><\/div>\n<div>Nettopaino\/Nettovikt: 100 g<\/div>\n<div><\/div>\n<div>Ainesosat: tofu (<strong>soija<\/strong>), kasvi\u00f6ljy, valkosipuli, pippuri, korianteri, suola.<\/div>\n<div><\/div>\n<div>Ingredienser: tofu (<strong>soja<\/strong>), vegetabilisk olja, vitl\u00f6k, peppar, koriander, salt.<\/div>\n<div><\/div>\n<div>Alkuper\u00e4maa \/ Ursprungsland: Indonesia\/Indonesien.<\/div>\n<div><\/div>\n<div>Ravintosis\u00e4lt\u00f6\/ N\u00e4ringsinneh\u00e5ll 100 g: Energiaa\/Energi 632 kcal, Rasvaa\/Fett 42 g, josta tyydyttynyt\u00e4\/varav m\u00e4ttat 12 g, Hiilihydraatteja\/Kolhydrater 8 g, Proteiinia\/Protein 32 g, Suola\/Salt 1,4 g.<\/div>\n<div><\/div>\n<div>Maahantuoja \/ Import\u00f6r: JK Alho, PL 18, 20251 Turku \/ \u00c5bo www.indonesianmarket.fi www.indonesianmarket.fi<\/div>\n<div><\/div>\n<div>P\u00e4ivit\u00e4mme tuotetietoja aktiivisesti. Suosittelemme kuitenkin tarkistamaan ainesosat aina my\u00f6s myyntipakkauksesta. <\/div>\n","protected":false},"excerpt":{"rendered":"<p>Tofu sipsi\/tofuchips Nettopaino\/Nettovikt: 100 g Ainesosat: tofu (soija), kasvi\u00f6ljy, valkosipuli, pippuri, korianteri, suola. Ingredienser: tofu (soja), vegetabilisk olja, vitl\u00f6k, peppar, koriander, salt. Alkuper\u00e4maa \/ Ursprungsland: Indonesia\/Indonesien. Ravintosis\u00e4lt\u00f6\/ N\u00e4ringsinneh\u00e5ll 100 g: Energiaa\/Energi 632 kcal, Rasvaa\/Fett 42 g, josta tyydyttynyt\u00e4\/varav m\u00e4ttat 12 g, Hiilihydraatteja\/Kolhydrater 8 g, Proteiinia\/Protein 32 g, Suola\/Salt 1,4 g. Maahantuoja \/ Import\u00f6r: JK Alho,<\/p>\n<div class=\"klb-readmore entry-button\"><a class=\"button\" href=\"https:\/\/www.indonesianmarket.fi\/fi\/tuote\/nesia-tofusipsi-100g\/\">Read More<\/a><\/div>\n","protected":false},"featured_media":21206,"template":"","meta":[],"product_brand":[2214],"product_cat":[1671],"product_tag":[],"class_list":{"0":"post-21203","1":"product","2":"type-product","3":"status-publish","4":"has-post-thumbnail","6":"product_brand-nesia-food","7":"product_cat-naposteltavat-makeiset","9":"first","10":"instock","11":"taxable","12":"shipping-taxable","13":"purchasable","14":"product-type-simple"},"_links":{"self":[{"href":"https:\/\/www.indonesianmarket.fi\/fi\/wp-json\/wp\/v2\/product\/21203","targetHints":{"allow":["GET"]}}],"collection":[{"href":"https:\/\/www.indonesianmarket.fi\/fi\/wp-json\/wp\/v2\/product"}],"about":[{"href":"https:\/\/www.indonesianmarket.fi\/fi\/wp-json\/wp\/v2\/types\/product"}],"version-history":[{"count":3,"href":"https:\/\/www.indonesianmarket.fi\/fi\/wp-json\/wp\/v2\/product\/21203\/revisions"}],"predecessor-version":[{"id":32885,"href":"https:\/\/www.indonesianmarket.fi\/fi\/wp-json\/wp\/v2\/product\/21203\/revisions\/32885"}],"wp:featuredmedia":[{"embeddable":true,"href":"https:\/\/www.indonesianmarket.fi\/fi\/wp-json\/wp\/v2\/media\/21206"}],"wp:attachment":[{"href":"https:\/\/www.indonesianmarket.fi\/fi\/wp-json\/wp\/v2\/media?parent=21203"}],"wp:term":[{"taxonomy":"product_brand","embeddable":true,"href":"https:\/\/www.indonesianmarket.fi\/fi\/wp-json\/wp\/v2\/product_brand?post=21203"},{"taxonomy":"product_cat","embeddable":true,"href":"https:\/\/www.indonesianmarket.fi\/fi\/wp-json\/wp\/v2\/product_cat?post=21203"},{"taxonomy":"product_tag","embeddable":true,"href":"https:\/\/www.indonesianmarket.fi\/fi\/wp-json\/wp\/v2\/product_tag?post=21203"}],"curies":[{"name":"wp","href":"https:\/\/api.w.org\/{rel}","templated":true}]}}