{"id":21080,"date":"2019-05-08T07:57:37","date_gmt":"2019-05-08T04:57:37","guid":{"rendered":"http:\/\/www.indonesianmarket.fi\/?product=greenjava-makea-harkapapukastike-makean-soijaton-korvike-soijakastikkeelle"},"modified":"2026-03-20T11:50:04","modified_gmt":"2026-03-20T09:50:04","slug":"greenjava-makea-harkapapukastike-makean-soijaton-korvike-soijakastikkeelle","status":"publish","type":"product","link":"https:\/\/www.indonesianmarket.fi\/fi\/tuote\/greenjava-makea-harkapapukastike-makean-soijaton-korvike-soijakastikkeelle\/","title":{"rendered":"Greenjava Makea h\u00e4rk\u00e4papukastike (Makean soijaton korvike soijakastikkeelle)"},"content":{"rendered":"<p><strong>Makea h\u00e4rk\u00e4papukastike \/<\/strong><strong>Kecap manis-tyyppinen kastike\u00a0h\u00e4rk\u00e4pavuista \/<\/strong><\/p>\n<div><strong>soijaton korvike soijakastikkeelle<\/strong><\/div>\n<div><\/div>\n<div>\n<p>Makea h\u00e4rk\u00e4papukastike on makea soijakastikkeen vaihtoehto joka on valmistettu Suomessa luonnollisella\u00a0perinteisell\u00e4 indonesialaisella\u00a0k\u00e4ymismenetelm\u00e4ll\u00e4 suomalaisesta p\u00e4\u00e4raaka-aineesta.\u00a0Makea h\u00e4rk\u00e4papukastike on tumma,\u00a0aromaattinen ja paksu siirappinen\u00a0maustekastike. K\u00e4ytet\u00e4\u00e4n kaikkiin tarkoituksiin\u00a0mausteena ja lisukkeena: Marinadiin, wokkiin,\u00a0keittoihin, kastikkeisiin tai dippiin sellaisenaan\u00a0nautittavaksi. Makea h\u00e4rk\u00e4papukastike antaa\u00a0ihanaa syv\u00e4\u00e4 makua, joka toimii my\u00f6s\u00a0makeutusaineen ja suolan sijasta sek\u00e4 lis\u00e4ksi\u00a0antaa tummaa v\u00e4ri\u00e4.<\/p>\n<\/div>\n<div><strong>Ainesosat:<\/strong><\/div>\n<div>H\u00e4rk\u00e4papukastike (Suomalainen luomu h\u00e4rk\u00e4papu 8,5%,\u00a0<em>Rhizopus<\/em>-sieni, riisijauho,\u00a0etikka, vesi, suola), sokeri, siirappi, vesi,\u00a0valkosipuli, galangajuuri, sitruunaruoho,\u00a0laakerinlehti, ryppylimetin lehti, t\u00e4htianis.<\/div>\n<div><\/div>\n<div><strong>S\u00e4ilytys:<\/strong>\u00a0Huoneenl\u00e4mm\u00f6ss\u00e4. Avattu pakkaus\u00a0s\u00e4ilytet\u00e4\u00e4n j\u00e4\u00e4kaapissa.<\/div>\n<div>\n<div><\/div>\n<div>\n<div><strong>Ravintosis\u00e4lt\u00f6 \/ N\u00e4ringsdeklaration:<\/strong>\u00a0per 100g<\/div>\n<div>Energia \/\u00a0Energi\u00a01243 Kj \/\u00a0293 Kcal<\/div>\n<div>Rasva \/ Fett\u00a00 g<\/div>\n<div>-josta tyydyttynytt\u00e4 \/ -varav m\u00e4ttade\u00a00 g<\/div>\n<div>Hiilihydraatit \/\u00a0Kolhydrater\u00a072 g<\/div>\n<div>-josta sokereita \/ &#8211;\u00a0varav sockerarter\u00a068 g<\/div>\n<div>Proteiini \/\u00a0Protein\u00a01 g<\/div>\n<div>Suola \/\u00a0Salt\u00a04,7 g<\/div>\n<div>Gluteeni \/ Gluten\u00a0&lt;5 mg\/kg<\/div>\n<div><\/div>\n<div>Possua makea h\u00e4rk\u00e4papukastikkeessa video resepti:<\/div>\n<div><\/div>\n<\/div>\n<\/div>\n<div><\/div>\n<div>Makea h\u00e4rk\u00e4papukastike glasseerattu joulukinkku video resepti:<\/div>\n","protected":false},"excerpt":{"rendered":"<p>Makea h\u00e4rk\u00e4papukastike \/Kecap manis-tyyppinen kastike\u00a0h\u00e4rk\u00e4pavuista \/ soijaton korvike soijakastikkeelle Makea h\u00e4rk\u00e4papukastike on makea soijakastikkeen vaihtoehto joka on valmistettu Suomessa luonnollisella\u00a0perinteisell\u00e4 indonesialaisella\u00a0k\u00e4ymismenetelm\u00e4ll\u00e4 suomalaisesta p\u00e4\u00e4raaka-aineesta.\u00a0Makea h\u00e4rk\u00e4papukastike on tumma,\u00a0aromaattinen ja paksu siirappinen\u00a0maustekastike. K\u00e4ytet\u00e4\u00e4n kaikkiin tarkoituksiin\u00a0mausteena ja lisukkeena: Marinadiin, wokkiin,\u00a0keittoihin, kastikkeisiin tai dippiin sellaisenaan\u00a0nautittavaksi. Makea h\u00e4rk\u00e4papukastike antaa\u00a0ihanaa syv\u00e4\u00e4 makua, joka toimii my\u00f6s\u00a0makeutusaineen ja suolan sijasta sek\u00e4 lis\u00e4ksi\u00a0antaa tummaa v\u00e4ri\u00e4.<\/p>\n<div class=\"klb-readmore entry-button\"><a class=\"button\" href=\"https:\/\/www.indonesianmarket.fi\/fi\/tuote\/greenjava-makea-harkapapukastike-makean-soijaton-korvike-soijakastikkeelle\/\">Read More<\/a><\/div>\n","protected":false},"featured_media":29231,"template":"","meta":[],"product_brand":[],"product_cat":[1635],"product_tag":[],"class_list":{"0":"post-21080","1":"product","2":"type-product","3":"status-publish","4":"has-post-thumbnail","6":"product_cat-soijakastikkeet-tahnat-1","8":"first","9":"instock","10":"taxable","11":"shipping-taxable","12":"purchasable","13":"product-type-simple"},"_links":{"self":[{"href":"https:\/\/www.indonesianmarket.fi\/fi\/wp-json\/wp\/v2\/product\/21080","targetHints":{"allow":["GET"]}}],"collection":[{"href":"https:\/\/www.indonesianmarket.fi\/fi\/wp-json\/wp\/v2\/product"}],"about":[{"href":"https:\/\/www.indonesianmarket.fi\/fi\/wp-json\/wp\/v2\/types\/product"}],"version-history":[{"count":2,"href":"https:\/\/www.indonesianmarket.fi\/fi\/wp-json\/wp\/v2\/product\/21080\/revisions"}],"predecessor-version":[{"id":32190,"href":"https:\/\/www.indonesianmarket.fi\/fi\/wp-json\/wp\/v2\/product\/21080\/revisions\/32190"}],"wp:featuredmedia":[{"embeddable":true,"href":"https:\/\/www.indonesianmarket.fi\/fi\/wp-json\/wp\/v2\/media\/29231"}],"wp:attachment":[{"href":"https:\/\/www.indonesianmarket.fi\/fi\/wp-json\/wp\/v2\/media?parent=21080"}],"wp:term":[{"taxonomy":"product_brand","embeddable":true,"href":"https:\/\/www.indonesianmarket.fi\/fi\/wp-json\/wp\/v2\/product_brand?post=21080"},{"taxonomy":"product_cat","embeddable":true,"href":"https:\/\/www.indonesianmarket.fi\/fi\/wp-json\/wp\/v2\/product_cat?post=21080"},{"taxonomy":"product_tag","embeddable":true,"href":"https:\/\/www.indonesianmarket.fi\/fi\/wp-json\/wp\/v2\/product_tag?post=21080"}],"curies":[{"name":"wp","href":"https:\/\/api.w.org\/{rel}","templated":true}]}}