{"id":21020,"date":"2018-04-19T16:38:35","date_gmt":"2018-04-19T13:38:35","guid":{"rendered":"http:\/\/www.indonesianmarket.fi\/?product=rasvankestava-paperi-30-cm"},"modified":"2026-01-26T11:14:27","modified_gmt":"2026-01-26T09:14:27","slug":"rasvankestava-paperi-30-cm","status":"publish","type":"product","link":"https:\/\/www.indonesianmarket.fi\/fi\/tuote\/rasvankestava-paperi-30-cm\/","title":{"rendered":"Rasvankest\u00e4v\u00e4 paperi 30 cm"},"content":{"rendered":"<p>&nbsp;<\/p>\n<p>Rasvankest\u00e4v\u00e4 paperi 30 cm<\/p>\n<p>M\u00e4\u00e4r\u00e4: 250 kpl<\/p>\n<p>Rasvan kest\u00e4v\u00e4paperi on yhteensopiva <a href=\"index.php\/tuotteet\/non-food\/lidi-lautanen-30-cm-detail\">Lidi lautanen 30<\/a> cm:lle.<\/p>\n","protected":false},"excerpt":{"rendered":"<p>&nbsp; Rasvankest\u00e4v\u00e4 paperi 30 cm M\u00e4\u00e4r\u00e4: 250 kpl Rasvan kest\u00e4v\u00e4paperi on yhteensopiva Lidi lautanen 30 cm:lle.<\/p>\n","protected":false},"featured_media":21023,"template":"","meta":[],"product_brand":[],"product_cat":[1674],"product_tag":[],"class_list":{"0":"post-21020","1":"product","2":"type-product","3":"status-publish","4":"has-post-thumbnail","6":"product_cat-keittolaitteet-muotit","8":"first","9":"instock","10":"taxable","11":"shipping-taxable","12":"purchasable","13":"product-type-simple"},"_links":{"self":[{"href":"https:\/\/www.indonesianmarket.fi\/fi\/wp-json\/wp\/v2\/product\/21020","targetHints":{"allow":["GET"]}}],"collection":[{"href":"https:\/\/www.indonesianmarket.fi\/fi\/wp-json\/wp\/v2\/product"}],"about":[{"href":"https:\/\/www.indonesianmarket.fi\/fi\/wp-json\/wp\/v2\/types\/product"}],"version-history":[{"count":1,"href":"https:\/\/www.indonesianmarket.fi\/fi\/wp-json\/wp\/v2\/product\/21020\/revisions"}],"predecessor-version":[{"id":25511,"href":"https:\/\/www.indonesianmarket.fi\/fi\/wp-json\/wp\/v2\/product\/21020\/revisions\/25511"}],"wp:featuredmedia":[{"embeddable":true,"href":"https:\/\/www.indonesianmarket.fi\/fi\/wp-json\/wp\/v2\/media\/21023"}],"wp:attachment":[{"href":"https:\/\/www.indonesianmarket.fi\/fi\/wp-json\/wp\/v2\/media?parent=21020"}],"wp:term":[{"taxonomy":"product_brand","embeddable":true,"href":"https:\/\/www.indonesianmarket.fi\/fi\/wp-json\/wp\/v2\/product_brand?post=21020"},{"taxonomy":"product_cat","embeddable":true,"href":"https:\/\/www.indonesianmarket.fi\/fi\/wp-json\/wp\/v2\/product_cat?post=21020"},{"taxonomy":"product_tag","embeddable":true,"href":"https:\/\/www.indonesianmarket.fi\/fi\/wp-json\/wp\/v2\/product_tag?post=21020"}],"curies":[{"name":"wp","href":"https:\/\/api.w.org\/{rel}","templated":true}]}}