{"id":20840,"date":"2017-10-17T07:26:21","date_gmt":"2017-10-17T04:26:21","guid":{"rendered":"http:\/\/www.indonesianmarket.fi\/?product=keltainen-currytahna-150-g"},"modified":"2026-04-18T14:01:29","modified_gmt":"2026-04-18T11:01:29","slug":"cock-makeariisi-jauho-400-g","status":"publish","type":"product","link":"https:\/\/www.indonesianmarket.fi\/fi\/tuote\/cock-makeariisi-jauho-400-g\/","title":{"rendered":"Cock makeariisi jauho 400 g"},"content":{"rendered":"<div><\/div>\n<div>\n<div><\/div>\n<\/div>\n","protected":false},"excerpt":{"rendered":"<p>Vegaaninen, lountaisesti gluteeniton, v\u00e4riaineeton, lis\u00e4aineeton, ei lis\u00e4tty\u00e4 suolaa<\/p>\n","protected":false},"featured_media":27425,"template":"","meta":[],"product_brand":[2226],"product_cat":[1698],"product_tag":[],"class_list":{"0":"post-20840","1":"product","2":"type-product","3":"status-publish","4":"has-post-thumbnail","6":"product_brand-cock","7":"product_cat-jauhot-maustamaton-maustettu","9":"first","10":"instock","11":"taxable","12":"shipping-taxable","13":"purchasable","14":"product-type-simple"},"_links":{"self":[{"href":"https:\/\/www.indonesianmarket.fi\/fi\/wp-json\/wp\/v2\/product\/20840","targetHints":{"allow":["GET"]}}],"collection":[{"href":"https:\/\/www.indonesianmarket.fi\/fi\/wp-json\/wp\/v2\/product"}],"about":[{"href":"https:\/\/www.indonesianmarket.fi\/fi\/wp-json\/wp\/v2\/types\/product"}],"version-history":[{"count":3,"href":"https:\/\/www.indonesianmarket.fi\/fi\/wp-json\/wp\/v2\/product\/20840\/revisions"}],"predecessor-version":[{"id":27422,"href":"https:\/\/www.indonesianmarket.fi\/fi\/wp-json\/wp\/v2\/product\/20840\/revisions\/27422"}],"wp:featuredmedia":[{"embeddable":true,"href":"https:\/\/www.indonesianmarket.fi\/fi\/wp-json\/wp\/v2\/media\/27425"}],"wp:attachment":[{"href":"https:\/\/www.indonesianmarket.fi\/fi\/wp-json\/wp\/v2\/media?parent=20840"}],"wp:term":[{"taxonomy":"product_brand","embeddable":true,"href":"https:\/\/www.indonesianmarket.fi\/fi\/wp-json\/wp\/v2\/product_brand?post=20840"},{"taxonomy":"product_cat","embeddable":true,"href":"https:\/\/www.indonesianmarket.fi\/fi\/wp-json\/wp\/v2\/product_cat?post=20840"},{"taxonomy":"product_tag","embeddable":true,"href":"https:\/\/www.indonesianmarket.fi\/fi\/wp-json\/wp\/v2\/product_tag?post=20840"}],"curies":[{"name":"wp","href":"https:\/\/api.w.org\/{rel}","templated":true}]}}