{"id":20684,"date":"2016-06-25T20:12:30","date_gmt":"2016-06-25T17:12:30","guid":{"rendered":"http:\/\/www.indonesianmarket.fi\/?product=bamboe-soto-betawi-maustetahna-65g"},"modified":"2026-04-17T20:26:20","modified_gmt":"2026-04-17T17:26:20","slug":"bamboe-soto-betawi-maustetahna-65g","status":"publish","type":"product","link":"https:\/\/www.indonesianmarket.fi\/fi\/tuote\/bamboe-soto-betawi-maustetahna-65g\/","title":{"rendered":"Bamboe soto betawi maustetahna 65g"},"content":{"rendered":"<p>&nbsp;<\/p>\n<div style=\"color: #333333;font-family: 'Helvetica Neue', Helvetica, Arial, sans-serif;font-size: 13px;font-style: normal;font-weight: 400;letter-spacing: normal;text-align: start;text-indent: 0px;text-transform: none;background-color: #ffffff;margin-top: 0cm;margin-right: 0cm;margin-bottom: 0.0001pt\"><span style=\"color: #000000\"><strong>Soto betawi (betawi lihakeitto) maustetahna\/ soto ayam (betawi k\u00f6ttsoppa) kryddig pasta<\/strong><\/span><\/div>\n<div style=\"color: #333333;font-family: 'Helvetica Neue', Helvetica, Arial, sans-serif;font-size: 13px;font-style: normal;font-weight: 400;letter-spacing: normal;text-align: start;text-indent: 0px;text-transform: none;background-color: #ffffff\"><\/div>\n<div style=\"color: #333333;font-family: 'Helvetica Neue', Helvetica, Arial, sans-serif;font-size: 13px;font-style: normal;font-weight: 400;letter-spacing: normal;text-align: start;text-indent: 0px;text-transform: none;background-color: #ffffff;margin-top: 0cm;margin-right: 0cm;margin-bottom: 0.0001pt\"><span style=\"color: #000000\"><strong style=\"font-weight: bold\"><span style=\"font-size: 11pt;font-family: Calibri, sans-serif\">Nettopaino\/nettovikt:\u00a0<\/span><\/strong><span style=\"font-size: 11pt;font-family: Calibri, sans-serif\">65 g<\/span><\/span><br \/>\n<span style=\"color: #000000\"><strong style=\"font-weight: bold\">Ainesosat:\u00a0<\/strong>Salottisipuli\u00a024%, valkosipuli 14%, palmu\u00f6ljy, suola, sokeri, galangal 5%, valkopippuri, kurkuma 4%, neilikka 4%, inkiv\u00e4\u00e4ri 3%, kumina 2%.<\/span><br \/>\n<span style=\"color: #000000\"><strong style=\"font-weight: bold\">Ingredienser: <\/strong>Schalottenl\u00f6k 24%, vitl\u00f6k 14%, palmolja, salt, socker, galangal 5%, vitpeppar, gurkmeja 4%, kryddnejlika 4%, ingef\u00e4ra 3%, kummin 2%.<\/span><br \/>\n<span style=\"color: #000000\"><strong style=\"font-weight: bold\">Alkuper\u00e4maa\/Urusprungsland:<\/strong>Indonesia\/ Indonesien<\/span><\/div>\n<div style=\"color: #333333;font-family: 'Helvetica Neue', Helvetica, Arial, sans-serif;font-size: 13px;font-style: normal;font-weight: 400;letter-spacing: normal;text-align: start;text-indent: 0px;text-transform: none;background-color: #ffffff\"><\/div>\n<div style=\"color: #333333;font-family: 'Helvetica Neue', Helvetica, Arial, sans-serif;font-size: 13px;font-style: normal;font-weight: 400;letter-spacing: normal;text-align: start;text-indent: 0px;text-transform: none;background-color: #ffffff\">\n<table style=\"max-width: 100%;background-color: #ffffff;border-collapse: collapse;border-spacing: 0px;color: #333333;font-family: 'Helvetica Neue', Helvetica, Arial, sans-serif;font-size: 13px;font-style: normal;font-weight: 400;letter-spacing: normal;text-align: start;text-indent: 0px;text-transform: none\" border=\"1\" cellpadding=\"1\">\n<tbody>\n<tr>\n<td><span style=\"color: #000000\"><strong style=\"font-weight: bold\">Ravintosis\u00e4lt\u00f6 \/ N\u00e4ringsdeklaration:<\/strong><\/span><\/td>\n<td><span style=\"color: #000000\"><strong style=\"font-weight: bold\">\u00a0per 100g<\/strong><\/span><\/td>\n<\/tr>\n<tr>\n<td><span style=\"color: #000000\">Energia \/\u00a0Energi<\/span><\/td>\n<td><span style=\"color: #000000\">\u00a0293 kJ \/ 70 kcal<\/span><\/td>\n<\/tr>\n<tr>\n<td><span style=\"color: #000000\">\u00a0Rasva \/ Fett<\/span><\/td>\n<td><span style=\"color: #000000\">\u00a03 g<\/span><\/td>\n<\/tr>\n<tr>\n<td><span style=\"color: #000000\">\u00a0 \u00a0 \u00a0 -josta tyydyttynytt\u00e4 \/ -varav m\u00e4ttade<\/span><\/td>\n<td><span style=\"color: #000000\">\u00a01 g\u00a0<\/span><\/td>\n<\/tr>\n<tr>\n<td><span style=\"color: #000000\">Hiilihydraatit \/\u00a0Kolhydrater<\/span><\/td>\n<td><span style=\"color: #000000\">\u00a08 g<\/span><\/td>\n<\/tr>\n<tr>\n<td><span style=\"color: #000000\">\u00a0 \u00a0 \u00a0 -josta sokereita \/ &#8211;\u00a0varav sockerarter<\/span><\/td>\n<td><span style=\"color: #000000\">\u00a04 g\u00a0<\/span><\/td>\n<\/tr>\n<tr>\n<td><span style=\"color: #000000\">Kuitua \/\u00a0Fiber<\/span><\/td>\n<td><span style=\"color: #000000\">\u00a02 g\u00a0<\/span><\/td>\n<\/tr>\n<tr>\n<td><span style=\"color: #000000\">Proteiini \/\u00a0Protein<\/span><\/td>\n<td><span style=\"color: #000000\">\u00a02 g<\/span><\/td>\n<\/tr>\n<tr>\n<td><span style=\"color: #000000\">Suola \/\u00a0Salt<\/span><\/td>\n<td><span style=\"color: #000000\">\u00a02,7 g<\/span><\/td>\n<\/tr>\n<\/tbody>\n<\/table>\n<\/div>\n","protected":false},"excerpt":{"rendered":"<p>&nbsp; Soto betawi (betawi lihakeitto) maustetahna\/ soto ayam (betawi k\u00f6ttsoppa) kryddig pasta Nettopaino\/nettovikt:\u00a065 g Ainesosat:\u00a0Salottisipuli\u00a024%, valkosipuli 14%, palmu\u00f6ljy, suola, sokeri, galangal 5%, valkopippuri, kurkuma 4%, neilikka 4%, inkiv\u00e4\u00e4ri 3%, kumina 2%. Ingredienser: Schalottenl\u00f6k 24%, vitl\u00f6k 14%, palmolja, salt, socker, galangal 5%, vitpeppar, gurkmeja 4%, kryddnejlika 4%, ingef\u00e4ra 3%, kummin 2%. Alkuper\u00e4maa\/Urusprungsland:Indonesia\/ Indonesien Ravintosis\u00e4lt\u00f6 \/ N\u00e4ringsdeklaration:<\/p>\n<div class=\"klb-readmore entry-button\"><a class=\"button\" href=\"https:\/\/www.indonesianmarket.fi\/fi\/tuote\/bamboe-soto-betawi-maustetahna-65g\/\">Read More<\/a><\/div>\n","protected":false},"featured_media":26592,"template":"","meta":[],"product_brand":[2224],"product_cat":[1707],"product_tag":[],"class_list":{"0":"post-20684","1":"product","2":"type-product","3":"status-publish","4":"has-post-thumbnail","6":"product_brand-bamboe","7":"product_cat-mausteseokset","9":"first","10":"instock","11":"taxable","12":"shipping-taxable","13":"purchasable","14":"product-type-simple"},"_links":{"self":[{"href":"https:\/\/www.indonesianmarket.fi\/fi\/wp-json\/wp\/v2\/product\/20684","targetHints":{"allow":["GET"]}}],"collection":[{"href":"https:\/\/www.indonesianmarket.fi\/fi\/wp-json\/wp\/v2\/product"}],"about":[{"href":"https:\/\/www.indonesianmarket.fi\/fi\/wp-json\/wp\/v2\/types\/product"}],"version-history":[{"count":5,"href":"https:\/\/www.indonesianmarket.fi\/fi\/wp-json\/wp\/v2\/product\/20684\/revisions"}],"predecessor-version":[{"id":30590,"href":"https:\/\/www.indonesianmarket.fi\/fi\/wp-json\/wp\/v2\/product\/20684\/revisions\/30590"}],"wp:featuredmedia":[{"embeddable":true,"href":"https:\/\/www.indonesianmarket.fi\/fi\/wp-json\/wp\/v2\/media\/26592"}],"wp:attachment":[{"href":"https:\/\/www.indonesianmarket.fi\/fi\/wp-json\/wp\/v2\/media?parent=20684"}],"wp:term":[{"taxonomy":"product_brand","embeddable":true,"href":"https:\/\/www.indonesianmarket.fi\/fi\/wp-json\/wp\/v2\/product_brand?post=20684"},{"taxonomy":"product_cat","embeddable":true,"href":"https:\/\/www.indonesianmarket.fi\/fi\/wp-json\/wp\/v2\/product_cat?post=20684"},{"taxonomy":"product_tag","embeddable":true,"href":"https:\/\/www.indonesianmarket.fi\/fi\/wp-json\/wp\/v2\/product_tag?post=20684"}],"curies":[{"name":"wp","href":"https:\/\/api.w.org\/{rel}","templated":true}]}}