{"id":20651,"date":"2016-05-20T07:25:18","date_gmt":"2016-05-20T04:25:18","guid":{"rendered":"http:\/\/www.indonesianmarket.fi\/?product=koepoe-koepoe-ruusu-aromi-30-ml"},"modified":"2026-03-20T11:31:35","modified_gmt":"2026-03-20T09:31:35","slug":"koepoe-koepoe-ruusun-aromi-30-ml","status":"publish","type":"product","link":"https:\/\/www.indonesianmarket.fi\/fi\/tuote\/koepoe-koepoe-ruusun-aromi-30-ml\/","title":{"rendered":"Koepoe-koepoe RUUSU-aromi 25 ml"},"content":{"rendered":"<p>Ruusu-aromi \/ Rosenarom<\/p>\n<p>Nettopaino\/Nettovikt: 25 ml<\/p>\n<p>Ainesosat: Glukoosisiirappi (sis\u00e4lt\u00e4\u00e4 s\u00e4il\u00f6nt\u00e4aineena <strong>sulfiitti<\/strong>a), synteettinen ruusu-aromi, luonnollinen makeutusaine sorbitolisiirappi (E420), kasviper\u00e4inen stabilointiaine (sis\u00e4lt\u00e4\u00e4 natriumbentsoaattia (E211) s\u00e4il\u00f6nt\u00e4aineena), kantaja propyleeniglykoli (E1520), synteettinen vanilja-aromi, etyylimaltooli, v\u00e4ri (E127).E127 voi heikent\u00e4\u00e4 lasten aktiivisuutta ja tarkkaavaisuutta.<\/p>\n<p>Ingredienser: Glukossirap (inneh\u00e5ller <strong>sulfit<\/strong> som konserveringsmedel), syntetisk rosenarom, naturligt s\u00f6tningsmedel sorbitolsirap (E420), vegetabiliskt stabiliseringsmedel (inneh\u00e5ller natriumbensoat (E211) som konserveringsmedel), b\u00e4rare propylenglykol (E1520), syntetisk vaniljarom, etylmaltol, f\u00e4rg\u00e4mne (E127). E127 kan p\u00e5verka barns aktivitet och koncentration negativt.<\/p>\n<p>Alkuper\u00e4maa \/ Ursprungsland: Indonesia\/Indonesien.<\/p>\n<p>Maahantuoja \/ Import\u00f6r: JK Alho, PL 18, 20251 Turku \/ \u00c5bo www.indonesianmarket.fi<\/p>\n<p>P\u00e4ivit\u00e4mme tuotetietoja aktiivisesti. Suosittelemme kuitenkin tarkistamaan ainesosat aina my\u00f6s myyntipakkauksesta.<\/p>\n","protected":false},"excerpt":{"rendered":"<p>Ruusu-aromi \/ Rosenarom Nettopaino\/Nettovikt: 25 ml Ainesosat: Glukoosisiirappi (sis\u00e4lt\u00e4\u00e4 s\u00e4il\u00f6nt\u00e4aineena sulfiittia), synteettinen ruusu-aromi, luonnollinen makeutusaine sorbitolisiirappi (E420), kasviper\u00e4inen stabilointiaine (sis\u00e4lt\u00e4\u00e4 natriumbentsoaattia (E211) s\u00e4il\u00f6nt\u00e4aineena), kantaja propyleeniglykoli (E1520), synteettinen vanilja-aromi, etyylimaltooli, v\u00e4ri (E127).E127 voi heikent\u00e4\u00e4 lasten aktiivisuutta ja tarkkaavaisuutta. Ingredienser: Glukossirap (inneh\u00e5ller sulfit som konserveringsmedel), syntetisk rosenarom, naturligt s\u00f6tningsmedel sorbitolsirap (E420), vegetabiliskt stabiliseringsmedel (inneh\u00e5ller natriumbensoat (E211) som<\/p>\n<div class=\"klb-readmore entry-button\"><a class=\"button\" href=\"https:\/\/www.indonesianmarket.fi\/fi\/tuote\/koepoe-koepoe-ruusun-aromi-30-ml\/\">Read More<\/a><\/div>\n","protected":false},"featured_media":20654,"template":"","meta":[],"product_brand":[],"product_cat":[1668],"product_tag":[],"class_list":{"0":"post-20651","1":"product","2":"type-product","3":"status-publish","4":"has-post-thumbnail","6":"product_cat-livonta","8":"first","9":"instock","10":"taxable","11":"shipping-taxable","12":"purchasable","13":"product-type-simple"},"_links":{"self":[{"href":"https:\/\/www.indonesianmarket.fi\/fi\/wp-json\/wp\/v2\/product\/20651","targetHints":{"allow":["GET"]}}],"collection":[{"href":"https:\/\/www.indonesianmarket.fi\/fi\/wp-json\/wp\/v2\/product"}],"about":[{"href":"https:\/\/www.indonesianmarket.fi\/fi\/wp-json\/wp\/v2\/types\/product"}],"version-history":[{"count":2,"href":"https:\/\/www.indonesianmarket.fi\/fi\/wp-json\/wp\/v2\/product\/20651\/revisions"}],"predecessor-version":[{"id":31750,"href":"https:\/\/www.indonesianmarket.fi\/fi\/wp-json\/wp\/v2\/product\/20651\/revisions\/31750"}],"wp:featuredmedia":[{"embeddable":true,"href":"https:\/\/www.indonesianmarket.fi\/fi\/wp-json\/wp\/v2\/media\/20654"}],"wp:attachment":[{"href":"https:\/\/www.indonesianmarket.fi\/fi\/wp-json\/wp\/v2\/media?parent=20651"}],"wp:term":[{"taxonomy":"product_brand","embeddable":true,"href":"https:\/\/www.indonesianmarket.fi\/fi\/wp-json\/wp\/v2\/product_brand?post=20651"},{"taxonomy":"product_cat","embeddable":true,"href":"https:\/\/www.indonesianmarket.fi\/fi\/wp-json\/wp\/v2\/product_cat?post=20651"},{"taxonomy":"product_tag","embeddable":true,"href":"https:\/\/www.indonesianmarket.fi\/fi\/wp-json\/wp\/v2\/product_tag?post=20651"}],"curies":[{"name":"wp","href":"https:\/\/api.w.org\/{rel}","templated":true}]}}