{"id":20312,"date":"2016-05-20T08:54:05","date_gmt":"2016-05-20T05:54:05","guid":{"rendered":"http:\/\/www.indonesianmarket.fi\/?product=dua-kelinci-tic-tac-tapioka-napostelu-grilli-naudan-mak-100g"},"modified":"2026-03-20T16:07:09","modified_gmt":"2026-03-20T14:07:09","slug":"dua-kelinci-tic-tac-tapioka-napostelu-grilli-naudan-mak-100g","status":"publish","type":"product","link":"https:\/\/www.indonesianmarket.fi\/fi\/tuote\/dua-kelinci-tic-tac-tapioka-napostelu-grilli-naudan-mak-100g\/","title":{"rendered":"Dua Kelinci tic tac tapioka napostelu grilli naudan mak. 80 g"},"content":{"rendered":"<p>Tic tac Tapiokasnack \/ Tapiokasnack SAPI PANGGANG.<\/p>\n<p>Nettopaino \/ Nettovikt: 80 g.<\/p>\n<p>Ainesosat: Tapiokat\u00e4rkkelys, palmu\u00f6ljy (sis\u00e4lt\u00e4\u00e4 antioksidanttia TBHQ (E319)), grillimauste naudanlihalle (sis\u00e4lt\u00e4\u00e4 valkosipulijauhetta, <strong>soijakastiketta<\/strong>, mausteita, dekstriini\u00e4, hiivauutetta, synteettist\u00e4 BBQ-aromia, synteettist\u00e4 naudanliha-aromia, hydrolysoitua <strong>soijaproteiinia<\/strong>, arominvahventeita [dinatriuminosinaatti (E631), dinatriumguanylaatti (E627)], keinotekoinen makeutusaine asesulfaami-K (E950), paakkuuntumisenestoaine piidioksidi (E551)), arominvahvenne mononatriumglutamaatti (E621), suola, sokeri, valkosipuli, <strong>seesami<\/strong>, keinotekoinen makeutusaine aspartaami (E951). Sis\u00e4lt\u00e4\u00e4 fenyylialaniinin l\u00e4hteen.<\/p>\n<p>Ingredienser: tapiokast\u00e4rkelse, palmolja (inneh\u00e5ller antioxidant TBHQ (E319)), grillkrydda f\u00f6r n\u00f6tk\u00f6tt (inneh\u00e5ller vitl\u00f6kspulver, <strong>sojas\u00e5s<\/strong>, kryddor, dextrin, j\u00e4stextrakt, syntetisk BBQ-arom, syntetisk n\u00f6tk\u00f6ttsarom, hydrolyserat <strong>sojaprotein<\/strong>, smakf\u00f6rst\u00e4rkare [dinatriuminosinat (E631), dinatriumguanylat (E627)], artificiellt s\u00f6tningsmedel acesulfam-K (E950), klumpf\u00f6rebyggande medel kiseldioxid (E551)), smakf\u00f6rst\u00e4rkare mononatriumglutamat (E621), salt, socker, vitl\u00f6k, <strong>sesam,<\/strong> artificiellt s\u00f6tningsmedel aspartam (E951).Inneh\u00e5ller en k\u00e4lla till fenylalanin.<\/p>\n<p>Alkuper\u00e4maa \/ Ursprungsland: Indonesia\/Indonesien<\/p>\n<p>Ravintosis\u00e4lt\u00f6\/ N\u00e4ringsinneh\u00e5ll 100 g: Energiaa\/Energi 2079 kJ\/497 kcal), Rasvaa\/Fett 22,7 g, josta tyydyttynyt\u00e4\/varav m\u00e4ttat 10,5 g, Hiilihydraatteja\/Kolhydrater 71,7 g, josta sokereita\/varav sockerarter 2 g, Proteiinia\/Protein 1,5 g, Suola\/Salt 1 g.<\/p>\n<p>Maahantuoja \/ Import\u00f6r: JK Alho, PL 18, 20251 Turku \/ \u00c5bo www.indonesianmarket.fi<\/p>\n<p>P\u00e4ivit\u00e4mme tuotetietoja aktiivisesti. Suosittelemme kuitenkin tarkistamaan ainesosat aina my\u00f6s myyntipakkauksesta.<\/p>\n","protected":false},"excerpt":{"rendered":"<p>Tic tac Tapiokasnack \/ Tapiokasnack SAPI PANGGANG. Nettopaino \/ Nettovikt: 80 g. Ainesosat: Tapiokat\u00e4rkkelys, palmu\u00f6ljy (sis\u00e4lt\u00e4\u00e4 antioksidanttia TBHQ (E319)), grillimauste naudanlihalle (sis\u00e4lt\u00e4\u00e4 valkosipulijauhetta, soijakastiketta, mausteita, dekstriini\u00e4, hiivauutetta, synteettist\u00e4 BBQ-aromia, synteettist\u00e4 naudanliha-aromia, hydrolysoitua soijaproteiinia, arominvahventeita [dinatriuminosinaatti (E631), dinatriumguanylaatti (E627)], keinotekoinen makeutusaine asesulfaami-K (E950), paakkuuntumisenestoaine piidioksidi (E551)), arominvahvenne mononatriumglutamaatti (E621), suola, sokeri, valkosipuli, seesami, keinotekoinen makeutusaine aspartaami<\/p>\n<div class=\"klb-readmore entry-button\"><a class=\"button\" href=\"https:\/\/www.indonesianmarket.fi\/fi\/tuote\/dua-kelinci-tic-tac-tapioka-napostelu-grilli-naudan-mak-100g\/\">Read More<\/a><\/div>\n","protected":false},"featured_media":20315,"template":"","meta":[],"product_brand":[],"product_cat":[1671],"product_tag":[],"class_list":{"0":"post-20312","1":"product","2":"type-product","3":"status-publish","4":"has-post-thumbnail","6":"product_cat-naposteltavat-makeiset","8":"first","9":"instock","10":"taxable","11":"shipping-taxable","12":"purchasable","13":"product-type-simple"},"_links":{"self":[{"href":"https:\/\/www.indonesianmarket.fi\/fi\/wp-json\/wp\/v2\/product\/20312","targetHints":{"allow":["GET"]}}],"collection":[{"href":"https:\/\/www.indonesianmarket.fi\/fi\/wp-json\/wp\/v2\/product"}],"about":[{"href":"https:\/\/www.indonesianmarket.fi\/fi\/wp-json\/wp\/v2\/types\/product"}],"version-history":[{"count":4,"href":"https:\/\/www.indonesianmarket.fi\/fi\/wp-json\/wp\/v2\/product\/20312\/revisions"}],"predecessor-version":[{"id":31646,"href":"https:\/\/www.indonesianmarket.fi\/fi\/wp-json\/wp\/v2\/product\/20312\/revisions\/31646"}],"wp:featuredmedia":[{"embeddable":true,"href":"https:\/\/www.indonesianmarket.fi\/fi\/wp-json\/wp\/v2\/media\/20315"}],"wp:attachment":[{"href":"https:\/\/www.indonesianmarket.fi\/fi\/wp-json\/wp\/v2\/media?parent=20312"}],"wp:term":[{"taxonomy":"product_brand","embeddable":true,"href":"https:\/\/www.indonesianmarket.fi\/fi\/wp-json\/wp\/v2\/product_brand?post=20312"},{"taxonomy":"product_cat","embeddable":true,"href":"https:\/\/www.indonesianmarket.fi\/fi\/wp-json\/wp\/v2\/product_cat?post=20312"},{"taxonomy":"product_tag","embeddable":true,"href":"https:\/\/www.indonesianmarket.fi\/fi\/wp-json\/wp\/v2\/product_tag?post=20312"}],"curies":[{"name":"wp","href":"https:\/\/api.w.org\/{rel}","templated":true}]}}