{"id":20258,"date":"2016-05-20T08:31:31","date_gmt":"2016-05-20T05:31:31","guid":{"rendered":"http:\/\/www.indonesianmarket.fi\/?product=swallow-globe-agar-agar-jauhe-punainen-12g"},"modified":"2026-03-20T12:27:13","modified_gmt":"2026-03-20T10:27:13","slug":"swallow-globe-agar-agar-jauhe-punainen-12g","status":"publish","type":"product","link":"https:\/\/www.indonesianmarket.fi\/fi\/tuote\/swallow-globe-agar-agar-jauhe-punainen-12g\/","title":{"rendered":"Swallow Globe Agar-Agar jauhe RED 7 g"},"content":{"rendered":"<p>Agar-Agar jauhe\/pulver RED.<\/p>\n<p>Nettopaino\/Nettovikt: 7 g<\/p>\n<p>Ainesosat: agar-agarjauhe, v\u00e4riaine (E124), synteettinen vanilja-aromi. E124 voi heikent\u00e4\u00e4 lasten aktiivisuutta ja tarkkaavaisuutta. <\/p>\n<p>Ingredienser: agar-agarpulver, f\u00e4rg\u00e4mne (E124), syntetisk vaniljarom. E124 kan p\u00e5verka barns aktivitet och koncentration negativt. <\/p>\n<p>Ravintosis\u00e4lt\u00f6\/ N\u00e4ringsinneh\u00e5ll 1,75 g: Energiaa\/Energi 5 kcal, Rasvaa\/Fett 0 g, josta tyydyttynyt\u00e4\/varav m\u00e4ttat 0 g, Hiilihydraatteja\/Kolhydrater 2 g, josta sokereita\/varav sockerarter 2 g, kuitu\/fibre 2g, Proteiinia\/Protein 0 g, Suola\/Salt 0 g.<\/p>\n<p>Alkuper\u00e4maa \/ Ursprungsland: Indonesia. Maahantuoja \/ Import\u00f6r: JK Alho, PL 18, 20251 Turku \/ \u00c5bo www.indonesianmarket.fi www.indonesianmarket.fi<\/p>\n<p>P\u00e4ivit\u00e4mme tuotetietoja aktiivisesti.<br \/>\nSuosittelemme kuitenkin tarkistamaan ainesosat aina my\u00f6s myyntipakkauksesta. <\/p>\n","protected":false},"excerpt":{"rendered":"<p>Agar-Agar jauhe\/pulver RED. Nettopaino\/Nettovikt: 7 g Ainesosat: agar-agarjauhe, v\u00e4riaine (E124), synteettinen vanilja-aromi. E124 voi heikent\u00e4\u00e4 lasten aktiivisuutta ja tarkkaavaisuutta. Ingredienser: agar-agarpulver, f\u00e4rg\u00e4mne (E124), syntetisk vaniljarom. E124 kan p\u00e5verka barns aktivitet och koncentration negativt. Ravintosis\u00e4lt\u00f6\/ N\u00e4ringsinneh\u00e5ll 1,75 g: Energiaa\/Energi 5 kcal, Rasvaa\/Fett 0 g, josta tyydyttynyt\u00e4\/varav m\u00e4ttat 0 g, Hiilihydraatteja\/Kolhydrater 2 g, josta sokereita\/varav sockerarter 2<\/p>\n<div class=\"klb-readmore entry-button\"><a class=\"button\" href=\"https:\/\/www.indonesianmarket.fi\/fi\/tuote\/swallow-globe-agar-agar-jauhe-punainen-12g\/\">Read More<\/a><\/div>\n","protected":false},"featured_media":20261,"template":"","meta":[],"product_brand":[],"product_cat":[1668],"product_tag":[],"class_list":{"0":"post-20258","1":"product","2":"type-product","3":"status-publish","4":"has-post-thumbnail","6":"product_cat-livonta","8":"first","9":"instock","10":"taxable","11":"shipping-taxable","12":"purchasable","13":"product-type-simple"},"_links":{"self":[{"href":"https:\/\/www.indonesianmarket.fi\/fi\/wp-json\/wp\/v2\/product\/20258","targetHints":{"allow":["GET"]}}],"collection":[{"href":"https:\/\/www.indonesianmarket.fi\/fi\/wp-json\/wp\/v2\/product"}],"about":[{"href":"https:\/\/www.indonesianmarket.fi\/fi\/wp-json\/wp\/v2\/types\/product"}],"version-history":[{"count":3,"href":"https:\/\/www.indonesianmarket.fi\/fi\/wp-json\/wp\/v2\/product\/20258\/revisions"}],"predecessor-version":[{"id":32872,"href":"https:\/\/www.indonesianmarket.fi\/fi\/wp-json\/wp\/v2\/product\/20258\/revisions\/32872"}],"wp:featuredmedia":[{"embeddable":true,"href":"https:\/\/www.indonesianmarket.fi\/fi\/wp-json\/wp\/v2\/media\/20261"}],"wp:attachment":[{"href":"https:\/\/www.indonesianmarket.fi\/fi\/wp-json\/wp\/v2\/media?parent=20258"}],"wp:term":[{"taxonomy":"product_brand","embeddable":true,"href":"https:\/\/www.indonesianmarket.fi\/fi\/wp-json\/wp\/v2\/product_brand?post=20258"},{"taxonomy":"product_cat","embeddable":true,"href":"https:\/\/www.indonesianmarket.fi\/fi\/wp-json\/wp\/v2\/product_cat?post=20258"},{"taxonomy":"product_tag","embeddable":true,"href":"https:\/\/www.indonesianmarket.fi\/fi\/wp-json\/wp\/v2\/product_tag?post=20258"}],"curies":[{"name":"wp","href":"https:\/\/api.w.org\/{rel}","templated":true}]}}