{"id":20228,"date":"2016-05-20T08:21:44","date_gmt":"2016-05-20T05:21:44","guid":{"rendered":"http:\/\/www.indonesianmarket.fi\/?product=koepoe-koepoe-tbm-kakku-stabilointiaine-80-g"},"modified":"2026-03-27T03:51:56","modified_gmt":"2026-03-27T01:51:56","slug":"koepoe-koepoe-tbm-kakku-stabilointiaine-80-g","status":"publish","type":"product","link":"https:\/\/www.indonesianmarket.fi\/fi\/tuote\/koepoe-koepoe-tbm-kakku-stabilointiaine-80-g\/","title":{"rendered":"Koepoe-Koepoe TBM (kakku stabilointiaine) 80 g"},"content":{"rendered":"<div><\/div>\n<div><strong>TBM emulgointiaine \/ emulgator<\/strong><\/div>\n<div><\/div>\n<div><strong>Nettopaino \/ Nettovikt:<\/strong> 80g<\/div>\n<div><\/div>\n<div><strong>Ainesosat:<\/strong> Vesi, vihannesemulgaattorit, sokeri, sorbitolimakeutusaine, propeeniglykolikantaja, E102, E110.<br \/>\n<strong>Ingredienser:<\/strong> Vatten, vegetabiliska emulgatorer, socker, sorbitols\u00f6tningsmedel, propylenglykolb\u00e4rare, E102, E110.<\/div>\n<div><\/div>\n<div><strong>Alkuper\u00e4maa \/ Ursprungsland:<\/strong> Indonesia<\/div>\n","protected":false},"excerpt":{"rendered":"<p>TBM emulgointiaine \/ emulgator Nettopaino \/ Nettovikt: 80g Ainesosat: Vesi, vihannesemulgaattorit, sokeri, sorbitolimakeutusaine, propeeniglykolikantaja, E102, E110. Ingredienser: Vatten, vegetabiliska emulgatorer, socker, sorbitols\u00f6tningsmedel, propylenglykolb\u00e4rare, E102, E110. Alkuper\u00e4maa \/ Ursprungsland: Indonesia<\/p>\n","protected":false},"featured_media":20231,"template":"","meta":[],"product_brand":[],"product_cat":[1668],"product_tag":[],"class_list":{"0":"post-20228","1":"product","2":"type-product","3":"status-publish","4":"has-post-thumbnail","6":"product_cat-livonta","8":"first","9":"instock","10":"taxable","11":"shipping-taxable","12":"purchasable","13":"product-type-simple"},"_links":{"self":[{"href":"https:\/\/www.indonesianmarket.fi\/fi\/wp-json\/wp\/v2\/product\/20228","targetHints":{"allow":["GET"]}}],"collection":[{"href":"https:\/\/www.indonesianmarket.fi\/fi\/wp-json\/wp\/v2\/product"}],"about":[{"href":"https:\/\/www.indonesianmarket.fi\/fi\/wp-json\/wp\/v2\/types\/product"}],"version-history":[{"count":3,"href":"https:\/\/www.indonesianmarket.fi\/fi\/wp-json\/wp\/v2\/product\/20228\/revisions"}],"predecessor-version":[{"id":34142,"href":"https:\/\/www.indonesianmarket.fi\/fi\/wp-json\/wp\/v2\/product\/20228\/revisions\/34142"}],"wp:featuredmedia":[{"embeddable":true,"href":"https:\/\/www.indonesianmarket.fi\/fi\/wp-json\/wp\/v2\/media\/20231"}],"wp:attachment":[{"href":"https:\/\/www.indonesianmarket.fi\/fi\/wp-json\/wp\/v2\/media?parent=20228"}],"wp:term":[{"taxonomy":"product_brand","embeddable":true,"href":"https:\/\/www.indonesianmarket.fi\/fi\/wp-json\/wp\/v2\/product_brand?post=20228"},{"taxonomy":"product_cat","embeddable":true,"href":"https:\/\/www.indonesianmarket.fi\/fi\/wp-json\/wp\/v2\/product_cat?post=20228"},{"taxonomy":"product_tag","embeddable":true,"href":"https:\/\/www.indonesianmarket.fi\/fi\/wp-json\/wp\/v2\/product_tag?post=20228"}],"curies":[{"name":"wp","href":"https:\/\/api.w.org\/{rel}","templated":true}]}}