{"id":20108,"date":"2016-05-20T07:23:38","date_gmt":"2016-05-20T04:23:38","guid":{"rendered":"http:\/\/www.indonesianmarket.fi\/?product=koepoe-koepoe-kahvi-mokka-aromi-30-ml"},"modified":"2026-03-20T11:31:36","modified_gmt":"2026-03-20T09:31:36","slug":"koepoe-koepoe-kahvi-mokka-aromi-30-ml","status":"publish","type":"product","link":"https:\/\/www.indonesianmarket.fi\/fi\/tuote\/koepoe-koepoe-kahvi-mokka-aromi-30-ml\/","title":{"rendered":"Koepoe-koepoe KAHVI MOKKA aromi 25 ml"},"content":{"rendered":"<p>Kahvi-mokka-aromi \/ Kaffe-mocca-arom<\/p>\n<p>Nettopaino\/Nettovikt: 25 ml<\/p>\n<p>Ainesosat: Luonnollinen karamelliv\u00e4ri luokka III, luonnollinen karamelliv\u00e4ri luokka IV (E150d), propyleeniglykoli (E1520), synteettinen mokka-aromi, synteettinen suklaa-aromi, luonnollinen karamelliv\u00e4ri luokka III, synteettinen kahviaromi, synteettinen <strong>maitoaromi, ohramallas.<\/strong><\/p>\n<p>Ingredienser: Naturligt karamellf\u00e4rg klass III, naturligt karamellf\u00e4rg klass IV (E150d), propylenglykol (E1520), syntetisk mocca-arom, syntetisk chokladarom, naturligt karamellf\u00e4rg klass III, syntetisk kaffearom, syntetisk <strong>mj\u00f6lkarom, kornmalt.<\/strong><\/p>\n<p>Alkuper\u00e4maa \/ Ursprungsland: Indonesia\/Indonesien.<\/p>\n<p>Maahantuoja \/ Import\u00f6r: JK Alho, PL 18, 20251 Turku \/ \u00c5bo www.indonesianmarket.fi www.indonesianmarket.fi<\/p>\n<p>P\u00e4ivit\u00e4mme tuotetietoja aktiivisesti. Suosittelemme kuitenkin tarkistamaan ainesosat aina my\u00f6s myyntipakkauksesta. <\/p>\n","protected":false},"excerpt":{"rendered":"<p>Kahvi-mokka-aromi \/ Kaffe-mocca-arom Nettopaino\/Nettovikt: 25 ml Ainesosat: Luonnollinen karamelliv\u00e4ri luokka III, luonnollinen karamelliv\u00e4ri luokka IV (E150d), propyleeniglykoli (E1520), synteettinen mokka-aromi, synteettinen suklaa-aromi, luonnollinen karamelliv\u00e4ri luokka III, synteettinen kahviaromi, synteettinen maitoaromi, ohramallas. Ingredienser: Naturligt karamellf\u00e4rg klass III, naturligt karamellf\u00e4rg klass IV (E150d), propylenglykol (E1520), syntetisk mocca-arom, syntetisk chokladarom, naturligt karamellf\u00e4rg klass III, syntetisk kaffearom, syntetisk mj\u00f6lkarom,<\/p>\n<div class=\"klb-readmore entry-button\"><a class=\"button\" href=\"https:\/\/www.indonesianmarket.fi\/fi\/tuote\/koepoe-koepoe-kahvi-mokka-aromi-30-ml\/\">Read More<\/a><\/div>\n","protected":false},"featured_media":33005,"template":"","meta":[],"product_brand":[],"product_cat":[1668],"product_tag":[],"class_list":{"0":"post-20108","1":"product","2":"type-product","3":"status-publish","4":"has-post-thumbnail","6":"product_cat-livonta","8":"first","9":"instock","10":"taxable","11":"shipping-taxable","12":"purchasable","13":"product-type-simple"},"_links":{"self":[{"href":"https:\/\/www.indonesianmarket.fi\/fi\/wp-json\/wp\/v2\/product\/20108","targetHints":{"allow":["GET"]}}],"collection":[{"href":"https:\/\/www.indonesianmarket.fi\/fi\/wp-json\/wp\/v2\/product"}],"about":[{"href":"https:\/\/www.indonesianmarket.fi\/fi\/wp-json\/wp\/v2\/types\/product"}],"version-history":[{"count":4,"href":"https:\/\/www.indonesianmarket.fi\/fi\/wp-json\/wp\/v2\/product\/20108\/revisions"}],"predecessor-version":[{"id":33007,"href":"https:\/\/www.indonesianmarket.fi\/fi\/wp-json\/wp\/v2\/product\/20108\/revisions\/33007"}],"wp:featuredmedia":[{"embeddable":true,"href":"https:\/\/www.indonesianmarket.fi\/fi\/wp-json\/wp\/v2\/media\/33005"}],"wp:attachment":[{"href":"https:\/\/www.indonesianmarket.fi\/fi\/wp-json\/wp\/v2\/media?parent=20108"}],"wp:term":[{"taxonomy":"product_brand","embeddable":true,"href":"https:\/\/www.indonesianmarket.fi\/fi\/wp-json\/wp\/v2\/product_brand?post=20108"},{"taxonomy":"product_cat","embeddable":true,"href":"https:\/\/www.indonesianmarket.fi\/fi\/wp-json\/wp\/v2\/product_cat?post=20108"},{"taxonomy":"product_tag","embeddable":true,"href":"https:\/\/www.indonesianmarket.fi\/fi\/wp-json\/wp\/v2\/product_tag?post=20108"}],"curies":[{"name":"wp","href":"https:\/\/api.w.org\/{rel}","templated":true}]}}