{"id":20048,"date":"2016-05-20T06:58:39","date_gmt":"2016-05-20T03:58:39","guid":{"rendered":"http:\/\/www.indonesianmarket.fi\/?product=marjan-litsi-mehutiiviste-460ml"},"modified":"2026-04-19T08:19:32","modified_gmt":"2026-04-19T05:19:32","slug":"marjan-litsi-mehutiiviste-460ml","status":"publish","type":"product","link":"https:\/\/www.indonesianmarket.fi\/fi\/tuote\/marjan-litsi-mehutiiviste-460ml\/","title":{"rendered":"Marjan litsi mehutiiviste 460ml"},"content":{"rendered":"<div><\/div>\n<div><strong>Siirappi\/Sirap <\/strong><\/div>\n<div><strong>LECI<\/strong><\/div>\n<div><\/div>\n<div><strong>Nettopaino \/ Nettovikt:<\/strong> 460 ml<\/div>\n<div><\/div>\n<div><strong>Ainesosat:<\/strong> Sokeri, vesi, tiivistetty maku, sitruunahappo, v\u00e4riaineet E102, E124, E133.<\/div>\n<div><strong>Ingredienser:<\/strong> Socker, vatten, koncentrerad smak, citronsyra, f\u00e4rg\u00e4mnen E102, E124, E133.<\/div>\n<div><\/div>\n<div><strong>Ravintosis\u00e4lt\u00f6\/ N\u00e4ringsinneh\u00e5ll 100 g: <\/strong><\/div>\n<div>Energiaa\/Energi 265 Kcal<\/div>\n<div>Rasvaa\/Fett 0,4 g<\/div>\n<div>josta tyydyttynyt\u00e4\/varav m\u00e4ttat 0,3 g<\/div>\n<div>Hiilihydraatteja\/ Kolhydrater 63 g<\/div>\n<div>-josta sokereita \/ &#8211; varav sockerarter 63 g<\/div>\n<div>Proteiinia\/Protein 0,1 g<\/div>\n<div>Suola\/Salt 0 g<\/div>\n<div><\/div>\n<div><strong>Alkuper\u00e4maa \/ Ursprungsland:<\/strong> Indonesia<\/div>\n","protected":false},"excerpt":{"rendered":"<p>Siirappi\/Sirap LECI Nettopaino \/ Nettovikt: 460 ml Ainesosat: Sokeri, vesi, tiivistetty maku, sitruunahappo, v\u00e4riaineet E102, E124, E133. Ingredienser: Socker, vatten, koncentrerad smak, citronsyra, f\u00e4rg\u00e4mnen E102, E124, E133. Ravintosis\u00e4lt\u00f6\/ N\u00e4ringsinneh\u00e5ll 100 g: Energiaa\/Energi 265 Kcal Rasvaa\/Fett 0,4 g josta tyydyttynyt\u00e4\/varav m\u00e4ttat 0,3 g Hiilihydraatteja\/ Kolhydrater 63 g -josta sokereita \/ &#8211; varav sockerarter 63 g Proteiinia\/Protein<\/p>\n<div class=\"klb-readmore entry-button\"><a class=\"button\" href=\"https:\/\/www.indonesianmarket.fi\/fi\/tuote\/marjan-litsi-mehutiiviste-460ml\/\">Read More<\/a><\/div>\n","protected":false},"featured_media":20051,"template":"","meta":[],"product_brand":[2290],"product_cat":[1665,1662],"product_tag":[2174],"class_list":{"0":"post-20048","1":"product","2":"type-product","3":"status-publish","4":"has-post-thumbnail","6":"product_brand-marjan","7":"product_cat-juomat-kahvit-ja-teet","8":"product_cat-sokerit-sirapit","9":"product_tag-uusi-era","11":"first","12":"instock","13":"taxable","14":"shipping-taxable","15":"purchasable","16":"product-type-simple"},"_links":{"self":[{"href":"https:\/\/www.indonesianmarket.fi\/fi\/wp-json\/wp\/v2\/product\/20048","targetHints":{"allow":["GET"]}}],"collection":[{"href":"https:\/\/www.indonesianmarket.fi\/fi\/wp-json\/wp\/v2\/product"}],"about":[{"href":"https:\/\/www.indonesianmarket.fi\/fi\/wp-json\/wp\/v2\/types\/product"}],"version-history":[{"count":2,"href":"https:\/\/www.indonesianmarket.fi\/fi\/wp-json\/wp\/v2\/product\/20048\/revisions"}],"predecessor-version":[{"id":34740,"href":"https:\/\/www.indonesianmarket.fi\/fi\/wp-json\/wp\/v2\/product\/20048\/revisions\/34740"}],"wp:featuredmedia":[{"embeddable":true,"href":"https:\/\/www.indonesianmarket.fi\/fi\/wp-json\/wp\/v2\/media\/20051"}],"wp:attachment":[{"href":"https:\/\/www.indonesianmarket.fi\/fi\/wp-json\/wp\/v2\/media?parent=20048"}],"wp:term":[{"taxonomy":"product_brand","embeddable":true,"href":"https:\/\/www.indonesianmarket.fi\/fi\/wp-json\/wp\/v2\/product_brand?post=20048"},{"taxonomy":"product_cat","embeddable":true,"href":"https:\/\/www.indonesianmarket.fi\/fi\/wp-json\/wp\/v2\/product_cat?post=20048"},{"taxonomy":"product_tag","embeddable":true,"href":"https:\/\/www.indonesianmarket.fi\/fi\/wp-json\/wp\/v2\/product_tag?post=20048"}],"curies":[{"name":"wp","href":"https:\/\/api.w.org\/{rel}","templated":true}]}}