{"id":20042,"date":"2016-05-20T06:55:42","date_gmt":"2016-05-20T03:55:42","guid":{"rendered":"http:\/\/www.indonesianmarket.fi\/?product=marjan-cocopandan-mehutiiviste-460ml"},"modified":"2026-03-20T11:19:14","modified_gmt":"2026-03-20T09:19:14","slug":"marjan-cocopandan-mehutiiviste-460ml","status":"publish","type":"product","link":"https:\/\/www.indonesianmarket.fi\/fi\/tuote\/marjan-cocopandan-mehutiiviste-460ml\/","title":{"rendered":"Marjan COCOPANDAN mehutiiviste 460ml"},"content":{"rendered":"<div>\n<p>Siirappi\/Sirap COCOPANDAN<\/p>\n<p>Nettopaino \/ Nettovikt: 460 ml<\/p>\n<p>Ainesosat: Sokeri, vesi, happamuudens\u00e4\u00e4t\u00f6aine, synteettinen kookos-pandan-aromi, kookosuute (0,06%), v\u00e4rit E124, E102, pandaaniuute (0,01%). V\u00e4rit voivat vaikuttaa haitallisesti lasten toimintaan tai tarkkaavaisuuteen. <\/p>\n<p>Ingredienser: Socker, vatten, surhetsreglerande medel, syntetisk kokos-pandan-smak, kokosextrakt (0,06%), f\u00e4rg E124, E102, pandanextrakt (0,01%). F\u00e4rg kan p\u00e5verka barns aktiviteter eller uppm\u00e4rksamhet negativt. <\/p>\n<p>Alkuper\u00e4maa \/ Ursprungsland: Indonesia\/Indonesien &#8217;<\/p>\n<p>Ravintosis\u00e4lt\u00f6\/ N\u00e4ringsinneh\u00e5ll 30 ml: Energiaa\/Energi 130 Kcal, Rasvaa\/Fett 0 g, josta tyydyttynyt\u00e4\/varav m\u00e4ttat 0 g, Hiilihydraatteja\/ Kolhydrater 31 g, -josta sokereita \/ &#8211; varav sockerarter 30 g, Proteiinia\/Protein 0 g, Suola\/Salt 0,010 g.<\/p>\n<p>Maahantuoja \/ Import\u00f6r: JK Alho, PL 18, 20251 Turku \/ \u00c5bo www.indonesianmarket.fi www.indonesianmarket.fi<\/p>\n<p>P\u00e4ivit\u00e4mme tuotetietoja aktiivisesti. Suosittelemme kuitenkin tarkistamaan ainesosat aina my\u00f6s myyntipakkauksesta <\/p>\n<\/div>\n<div><\/div>\n<div><\/div>\n<div><span style=\"color: #008000\"><strong>Videorecipe Watermelon Milk Drink<\/strong><\/span><\/div>\n","protected":false},"excerpt":{"rendered":"<p>Siirappi\/Sirap COCOPANDAN Nettopaino \/ Nettovikt: 460 ml Ainesosat: Sokeri, vesi, happamuudens\u00e4\u00e4t\u00f6aine, synteettinen kookos-pandan-aromi, kookosuute (0,06%), v\u00e4rit E124, E102, pandaaniuute (0,01%). V\u00e4rit voivat vaikuttaa haitallisesti lasten toimintaan tai tarkkaavaisuuteen. Ingredienser: Socker, vatten, surhetsreglerande medel, syntetisk kokos-pandan-smak, kokosextrakt (0,06%), f\u00e4rg E124, E102, pandanextrakt (0,01%). F\u00e4rg kan p\u00e5verka barns aktiviteter eller uppm\u00e4rksamhet negativt. Alkuper\u00e4maa \/ Ursprungsland: Indonesia\/Indonesien &#8217;<\/p>\n<div class=\"klb-readmore entry-button\"><a class=\"button\" href=\"https:\/\/www.indonesianmarket.fi\/fi\/tuote\/marjan-cocopandan-mehutiiviste-460ml\/\">Read More<\/a><\/div>\n","protected":false},"featured_media":20045,"template":"","meta":[],"product_brand":[],"product_cat":[1665,1662],"product_tag":[],"class_list":{"0":"post-20042","1":"product","2":"type-product","3":"status-publish","4":"has-post-thumbnail","6":"product_cat-juomat-kahvit-ja-teet","7":"product_cat-sokerit-sirapit","9":"first","10":"instock","11":"taxable","12":"shipping-taxable","13":"purchasable","14":"product-type-simple"},"_links":{"self":[{"href":"https:\/\/www.indonesianmarket.fi\/fi\/wp-json\/wp\/v2\/product\/20042","targetHints":{"allow":["GET"]}}],"collection":[{"href":"https:\/\/www.indonesianmarket.fi\/fi\/wp-json\/wp\/v2\/product"}],"about":[{"href":"https:\/\/www.indonesianmarket.fi\/fi\/wp-json\/wp\/v2\/types\/product"}],"version-history":[{"count":6,"href":"https:\/\/www.indonesianmarket.fi\/fi\/wp-json\/wp\/v2\/product\/20042\/revisions"}],"predecessor-version":[{"id":33571,"href":"https:\/\/www.indonesianmarket.fi\/fi\/wp-json\/wp\/v2\/product\/20042\/revisions\/33571"}],"wp:featuredmedia":[{"embeddable":true,"href":"https:\/\/www.indonesianmarket.fi\/fi\/wp-json\/wp\/v2\/media\/20045"}],"wp:attachment":[{"href":"https:\/\/www.indonesianmarket.fi\/fi\/wp-json\/wp\/v2\/media?parent=20042"}],"wp:term":[{"taxonomy":"product_brand","embeddable":true,"href":"https:\/\/www.indonesianmarket.fi\/fi\/wp-json\/wp\/v2\/product_brand?post=20042"},{"taxonomy":"product_cat","embeddable":true,"href":"https:\/\/www.indonesianmarket.fi\/fi\/wp-json\/wp\/v2\/product_cat?post=20042"},{"taxonomy":"product_tag","embeddable":true,"href":"https:\/\/www.indonesianmarket.fi\/fi\/wp-json\/wp\/v2\/product_tag?post=20042"}],"curies":[{"name":"wp","href":"https:\/\/api.w.org\/{rel}","templated":true}]}}