{"id":19961,"date":"2016-05-20T06:18:01","date_gmt":"2016-05-20T03:18:01","guid":{"rendered":"http:\/\/www.indonesianmarket.fi\/?product=sido-muncul-yrttijuoma-12x15ml"},"modified":"2026-03-27T03:52:39","modified_gmt":"2026-03-27T01:52:39","slug":"sido-muncul-yrttijuoma-12x15ml","status":"publish","type":"product","link":"https:\/\/www.indonesianmarket.fi\/fi\/tuote\/sido-muncul-yrttijuoma-12x15ml\/","title":{"rendered":"Sido Muncul yrttijuoma 12x15ml"},"content":{"rendered":"<p>TOLAK ANGIN yrttijuoma \/ \u00d6rtdryck.<\/p>\n<p>Nettopaino\/Nettovikt: 12 x 15 ml<\/p>\n<p>Ainesosat: Jokainen annospussi (15 ml) sis\u00e4lt\u00e4\u00e4: 5,67 g kasviuutetta seuraavista aineista:Oryza sativa (riisi) 20 %, Foeniculum vulgare Fructus (fenkoli) 10 %, Helicteres isora Fructus (kayu ules) 10 %, Eugenia caryophyllata Folium (neilikkapuu, lehdet) 10 %, Mentha arvensis Herba (mintunlehti) 10 %, Zingiber officinale Rhizoma (inkiv\u00e4\u00e4ri), Myristica fragrans Semen (<strong>muskottip\u00e4hkin\u00e4<\/strong>), Cinnamomum burmanni Cortex (kanelinkuori), Centella asiatica Herba (rohtosaniainen), Parkia roxburghii Semen, Amomum compactum Fructus, Usnea misaminensis Thallus, Mel depuratum (puhdistettu hunaja) ja muita aineita t\u00e4yteen 15 ml:iin asti.<\/p>\n<p>Ingredienser: Varje p\u00e5se (15 ml) inneh\u00e5ller: 5,67 g extrakt av f\u00f6ljande ingredienser:Oryza sativa (ris) 20 %, Foeniculum vulgare Fructus (f\u00e4nk\u00e5l) 10 %, Helicteres isora Fructus (kayu ules) 10 %, Eugenia caryophyllata Folium (nejlikblad) 10 %, Mentha arvensis Herba (myntablad) 10 %, Zingiber officinale Rhizoma (ingef\u00e4ra), Myristica fragrans Semen (<strong>muskot<\/strong>), Cinnamomum burmanni Cortex (kanelbark), Centella asiatica Herba (gotu kola), Parkia roxburghii Semen, Amomum compactum Fructus, Usnea misaminensis Thallus, Mel depuratum (renad honung) samt \u00f6vriga ingredienser upp till 15 ml.<\/p>\n<p>Alkuper\u00e4maa \/ Ursprungsland: Indonesia\/Indonesien.<\/p>\n<p>Ravintosis\u00e4lt\u00f6\/ N\u00e4ringsinneh\u00e5ll 100 ml: Energiaa\/Energi kcal, Rasvaa\/Fett g, josta tyydyttynyt\u00e4\/varav m\u00e4ttat g, Hiilihydraatteja\/Kolhydrater g, josta sokereita\/varav sockerarter g, Proteiinia\/Protein g, Suola\/Salt g.<\/p>\n<p>P\u00e4ivit\u00e4mme tuotetietoja aktiivisesti. Suosittelemme kuitenkin tarkistamaan ainesosat aina my\u00f6s myyntipakkauksesta. <\/p>\n","protected":false},"excerpt":{"rendered":"<p>TOLAK ANGIN yrttijuoma \/ \u00d6rtdryck. Nettopaino\/Nettovikt: 12 x 15 ml Ainesosat: Jokainen annospussi (15 ml) sis\u00e4lt\u00e4\u00e4: 5,67 g kasviuutetta seuraavista aineista:Oryza sativa (riisi) 20 %, Foeniculum vulgare Fructus (fenkoli) 10 %, Helicteres isora Fructus (kayu ules) 10 %, Eugenia caryophyllata Folium (neilikkapuu, lehdet) 10 %, Mentha arvensis Herba (mintunlehti) 10 %, Zingiber officinale Rhizoma (inkiv\u00e4\u00e4ri),<\/p>\n<div class=\"klb-readmore entry-button\"><a class=\"button\" href=\"https:\/\/www.indonesianmarket.fi\/fi\/tuote\/sido-muncul-yrttijuoma-12x15ml\/\">Read More<\/a><\/div>\n","protected":false},"featured_media":30789,"template":"","meta":[],"product_brand":[],"product_cat":[1665],"product_tag":[],"class_list":{"0":"post-19961","1":"product","2":"type-product","3":"status-publish","4":"has-post-thumbnail","6":"product_cat-juomat-kahvit-ja-teet","8":"first","9":"instock","10":"taxable","11":"shipping-taxable","12":"purchasable","13":"product-type-simple"},"_links":{"self":[{"href":"https:\/\/www.indonesianmarket.fi\/fi\/wp-json\/wp\/v2\/product\/19961","targetHints":{"allow":["GET"]}}],"collection":[{"href":"https:\/\/www.indonesianmarket.fi\/fi\/wp-json\/wp\/v2\/product"}],"about":[{"href":"https:\/\/www.indonesianmarket.fi\/fi\/wp-json\/wp\/v2\/types\/product"}],"version-history":[{"count":3,"href":"https:\/\/www.indonesianmarket.fi\/fi\/wp-json\/wp\/v2\/product\/19961\/revisions"}],"predecessor-version":[{"id":34143,"href":"https:\/\/www.indonesianmarket.fi\/fi\/wp-json\/wp\/v2\/product\/19961\/revisions\/34143"}],"wp:featuredmedia":[{"embeddable":true,"href":"https:\/\/www.indonesianmarket.fi\/fi\/wp-json\/wp\/v2\/media\/30789"}],"wp:attachment":[{"href":"https:\/\/www.indonesianmarket.fi\/fi\/wp-json\/wp\/v2\/media?parent=19961"}],"wp:term":[{"taxonomy":"product_brand","embeddable":true,"href":"https:\/\/www.indonesianmarket.fi\/fi\/wp-json\/wp\/v2\/product_brand?post=19961"},{"taxonomy":"product_cat","embeddable":true,"href":"https:\/\/www.indonesianmarket.fi\/fi\/wp-json\/wp\/v2\/product_cat?post=19961"},{"taxonomy":"product_tag","embeddable":true,"href":"https:\/\/www.indonesianmarket.fi\/fi\/wp-json\/wp\/v2\/product_tag?post=19961"}],"curies":[{"name":"wp","href":"https:\/\/api.w.org\/{rel}","templated":true}]}}