{"id":19949,"date":"2016-05-20T06:14:16","date_gmt":"2016-05-20T03:14:16","guid":{"rendered":"http:\/\/www.indonesianmarket.fi\/?product=energen-vilja-juoma-inkivaari-maku-5x29g"},"modified":"2026-04-18T16:43:46","modified_gmt":"2026-04-18T13:43:46","slug":"energen-vilja-juoma-inkivaari-maku-5x29g","status":"publish","type":"product","link":"https:\/\/www.indonesianmarket.fi\/fi\/tuote\/energen-vilja-juoma-inkivaari-maku-5x29g\/","title":{"rendered":"Energen viljajuoma inkiv\u00e4\u00e4rin makuinen 10x40g"},"content":{"rendered":"<p>GINGER Viljaseos \/ Spannm\u00e5lsmix.<\/p>\n<p>Nettopaino \/ Nettovikt: 320 g (10&#215;32 g)<\/p>\n<p>Ainesosat: Sokeri, kasvipohjainen kermajauhe, <strong>vehn\u00e4jauho<\/strong> (15,44 %), <strong>maitojauhe<\/strong> (8,5 %), maissi, kaura (1,76 %), synteettinen aromi, punaisen inkiv\u00e4\u00e4rin jauhe (1,1 %), kalsiumkarbonaatti, suola, emulgointiaine (<strong>soijalesitiini<\/strong> (E322)), vitamiiniseos (A, B1, B2, B6, foolihappo, B12, D ja E), natriumaskorbaatti (C-vitamiini), <strong>kananmunajauhe<\/strong> (0,01 %), mallasjauhe (0,01 %).<\/p>\n<p>Ingredienser: Socker, vegetabilisk gr\u00e4dders\u00e4ttning, <strong>vetemj\u00f6l<\/strong> (15,44 %), <strong>mj\u00f6lkpulver<\/strong> (8,5 %), majs, havre (1,76 %), syntetisk arom, r\u00f6tt ingef\u00e4rspulver (1,1 %), kalciumkarbonat, salt, emulgeringsmedel (<strong>sojalecitin<\/strong> (E322)), vitaminpremix (A, B1, B2, B6, folsyra, B12, D och E), natriumaskorbat (vitamin C), <strong>\u00e4ggpulver<\/strong> (0,01 %), maltpulver (0,01 %).<\/p>\n<p>Alkuper\u00e4maa \/ Ursprungsland: Indonesia\/Indonesien<\/p>\n<p>Ravintosis\u00e4lt\u00f6\/ N\u00e4ringsinneh\u00e5ll 32 g: Energiaa\/Energi kJ\/ 140 kcal, Rasvaa\/Fett 3,5 g, josta tyydyttynyt\u00e4\/varav m\u00e4ttat 3,5 g, Hiilihydraatteja\/Kolhydrater 25 g, josta sokereita\/varav sockerarter 16 g, Proteiinia\/Protein 1 g, Suola\/Salt 0,0160 g.<\/p>\n<p>Maahantuoja \/ Import\u00f6r: JK Alho, PL 18, 20251 Turku \/ \u00c5bo www.indonesianmarket.fi<\/p>\n<p>P\u00e4ivit\u00e4mme tuotetietoja aktiivisesti. Suosittelemme kuitenkin tarkistamaan ainesosat aina my\u00f6s myyntipakkauksesta.<\/p>\n","protected":false},"excerpt":{"rendered":"<p>GINGER Viljaseos \/ Spannm\u00e5lsmix. Nettopaino \/ Nettovikt: 320 g (10&#215;32 g) Ainesosat: Sokeri, kasvipohjainen kermajauhe, vehn\u00e4jauho (15,44 %), maitojauhe (8,5 %), maissi, kaura (1,76 %), synteettinen aromi, punaisen inkiv\u00e4\u00e4rin jauhe (1,1 %), kalsiumkarbonaatti, suola, emulgointiaine (soijalesitiini (E322)), vitamiiniseos (A, B1, B2, B6, foolihappo, B12, D ja E), natriumaskorbaatti (C-vitamiini), kananmunajauhe (0,01 %), mallasjauhe (0,01 %).<\/p>\n<div class=\"klb-readmore entry-button\"><a class=\"button\" href=\"https:\/\/www.indonesianmarket.fi\/fi\/tuote\/energen-vilja-juoma-inkivaari-maku-5x29g\/\">Read More<\/a><\/div>\n","protected":false},"featured_media":33733,"template":"","meta":[],"product_brand":[2259],"product_cat":[1665],"product_tag":[],"class_list":{"0":"post-19949","1":"product","2":"type-product","3":"status-publish","4":"has-post-thumbnail","6":"product_brand-energen","7":"product_cat-juomat-kahvit-ja-teet","9":"first","10":"instock","11":"taxable","12":"shipping-taxable","13":"purchasable","14":"product-type-simple"},"_links":{"self":[{"href":"https:\/\/www.indonesianmarket.fi\/fi\/wp-json\/wp\/v2\/product\/19949","targetHints":{"allow":["GET"]}}],"collection":[{"href":"https:\/\/www.indonesianmarket.fi\/fi\/wp-json\/wp\/v2\/product"}],"about":[{"href":"https:\/\/www.indonesianmarket.fi\/fi\/wp-json\/wp\/v2\/types\/product"}],"version-history":[{"count":3,"href":"https:\/\/www.indonesianmarket.fi\/fi\/wp-json\/wp\/v2\/product\/19949\/revisions"}],"predecessor-version":[{"id":34719,"href":"https:\/\/www.indonesianmarket.fi\/fi\/wp-json\/wp\/v2\/product\/19949\/revisions\/34719"}],"wp:featuredmedia":[{"embeddable":true,"href":"https:\/\/www.indonesianmarket.fi\/fi\/wp-json\/wp\/v2\/media\/33733"}],"wp:attachment":[{"href":"https:\/\/www.indonesianmarket.fi\/fi\/wp-json\/wp\/v2\/media?parent=19949"}],"wp:term":[{"taxonomy":"product_brand","embeddable":true,"href":"https:\/\/www.indonesianmarket.fi\/fi\/wp-json\/wp\/v2\/product_brand?post=19949"},{"taxonomy":"product_cat","embeddable":true,"href":"https:\/\/www.indonesianmarket.fi\/fi\/wp-json\/wp\/v2\/product_cat?post=19949"},{"taxonomy":"product_tag","embeddable":true,"href":"https:\/\/www.indonesianmarket.fi\/fi\/wp-json\/wp\/v2\/product_tag?post=19949"}],"curies":[{"name":"wp","href":"https:\/\/api.w.org\/{rel}","templated":true}]}}