{"id":19910,"date":"2016-05-15T13:18:28","date_gmt":"2016-05-15T10:18:28","guid":{"rendered":"http:\/\/www.indonesianmarket.fi\/?product=xo-vihrea-mung-papu-454g"},"modified":"2026-04-19T08:06:18","modified_gmt":"2026-04-19T05:06:18","slug":"x-o-vihrea-mung-papu-454g","status":"publish","type":"product","link":"https:\/\/www.indonesianmarket.fi\/fi\/tuote\/x-o-vihrea-mung-papu-454g\/","title":{"rendered":"Cock vihre\u00e4 mung papu 400g"},"content":{"rendered":"<div><\/div>\n<div>Mungpapu \/ Mungb\u00f6na<\/div>\n<div><\/div>\n<div>Nettopaino \/ Nettovikt: 400 g<\/div>\n<div><\/div>\n<div>Ainesosat: Mung papu<br \/>\nIngredienser: Mungb\u00f6na<\/div>\n<div><\/div>\n<div>Ravintosis\u00e4lt\u00f6\/ N\u00e4ringsinneh\u00e5ll 100g:<\/div>\n<div>Energiaa\/Energi 1421 kJ (403 335),\u00a0Rasvaa\/Fett 0 g,\u00a0josta tyydyttynyt\u00e4\/varav m\u00e4ttat 0 g,\u00a0Hiilihydraatteja\/Kolhydrater 61 g, josta sokereita\/varav sockerarter 2 g,\u00a0Proteiinia\/Protein 21 g<\/div>\n<div>Suola\/Salt 0 g.<\/div>\n<div><\/div>\n<div>Alkuper\u00e4maa \/ Ursprungsland: Thaimaa<\/div>\n<div><\/div>\n<div>\n<p>Maahantuoja \/ Import\u00f6r: JK Alho, PL 18, 20251 Turku \/ \u00c5bo www.indonesianmarket.fi<\/p>\n<p>P\u00e4ivit\u00e4mme tuotetietoja aktiivisesti. Suosittelemme kuitenkin tarkistamaan ainesosat aina my\u00f6s myyntipakkauksesta.<\/p>\n<\/div>\n","protected":false},"excerpt":{"rendered":"<p>Mungpapu \/ Mungb\u00f6na Nettopaino \/ Nettovikt: 400 g Ainesosat: Mung papu Ingredienser: Mungb\u00f6na Ravintosis\u00e4lt\u00f6\/ N\u00e4ringsinneh\u00e5ll 100g: Energiaa\/Energi 1421 kJ (403 335),\u00a0Rasvaa\/Fett 0 g,\u00a0josta tyydyttynyt\u00e4\/varav m\u00e4ttat 0 g,\u00a0Hiilihydraatteja\/Kolhydrater 61 g, josta sokereita\/varav sockerarter 2 g,\u00a0Proteiinia\/Protein 21 g Suola\/Salt 0 g. Alkuper\u00e4maa \/ Ursprungsland: Thaimaa Maahantuoja \/ Import\u00f6r: JK Alho, PL 18, 20251 Turku \/ \u00c5bo www.indonesianmarket.fi<\/p>\n<div class=\"klb-readmore entry-button\"><a class=\"button\" href=\"https:\/\/www.indonesianmarket.fi\/fi\/tuote\/x-o-vihrea-mung-papu-454g\/\">Read More<\/a><\/div>\n","protected":false},"featured_media":34060,"template":"","meta":[],"product_brand":[2226],"product_cat":[1695],"product_tag":[],"class_list":{"0":"post-19910","1":"product","2":"type-product","3":"status-publish","4":"has-post-thumbnail","6":"product_brand-cock","7":"product_cat-riisit-pavut","9":"first","10":"instock","11":"taxable","12":"shipping-taxable","13":"purchasable","14":"product-type-simple"},"_links":{"self":[{"href":"https:\/\/www.indonesianmarket.fi\/fi\/wp-json\/wp\/v2\/product\/19910","targetHints":{"allow":["GET"]}}],"collection":[{"href":"https:\/\/www.indonesianmarket.fi\/fi\/wp-json\/wp\/v2\/product"}],"about":[{"href":"https:\/\/www.indonesianmarket.fi\/fi\/wp-json\/wp\/v2\/types\/product"}],"version-history":[{"count":6,"href":"https:\/\/www.indonesianmarket.fi\/fi\/wp-json\/wp\/v2\/product\/19910\/revisions"}],"predecessor-version":[{"id":34737,"href":"https:\/\/www.indonesianmarket.fi\/fi\/wp-json\/wp\/v2\/product\/19910\/revisions\/34737"}],"wp:featuredmedia":[{"embeddable":true,"href":"https:\/\/www.indonesianmarket.fi\/fi\/wp-json\/wp\/v2\/media\/34060"}],"wp:attachment":[{"href":"https:\/\/www.indonesianmarket.fi\/fi\/wp-json\/wp\/v2\/media?parent=19910"}],"wp:term":[{"taxonomy":"product_brand","embeddable":true,"href":"https:\/\/www.indonesianmarket.fi\/fi\/wp-json\/wp\/v2\/product_brand?post=19910"},{"taxonomy":"product_cat","embeddable":true,"href":"https:\/\/www.indonesianmarket.fi\/fi\/wp-json\/wp\/v2\/product_cat?post=19910"},{"taxonomy":"product_tag","embeddable":true,"href":"https:\/\/www.indonesianmarket.fi\/fi\/wp-json\/wp\/v2\/product_tag?post=19910"}],"curies":[{"name":"wp","href":"https:\/\/api.w.org\/{rel}","templated":true}]}}