{"id":19847,"date":"2016-05-13T10:08:30","date_gmt":"2016-05-13T07:08:30","guid":{"rendered":"http:\/\/www.indonesianmarket.fi\/?product=nesia-sipulilastu-matahari-250g"},"modified":"2026-04-13T06:58:51","modified_gmt":"2026-04-13T03:58:51","slug":"nesia-sipulilastu-matahari-250g","status":"publish","type":"product","link":"https:\/\/www.indonesianmarket.fi\/fi\/tuote\/nesia-sipulilastu-matahari-250g\/","title":{"rendered":"Nesia sipulilastu MATAHARI 250g"},"content":{"rendered":"<p>Sipulilastu\/L\u00f6kchip MATAHARI<\/p>\n<p>Nettopaino\/Nettovikt: 250 g<\/p>\n<p>Ainesosat: tapiokajauho, valkosipuli, sokeri, suola, arominvahvenne (E621), nostatusaine (E500ii), v\u00e4rit (E110, E124, E102, E133). Varoitus: E110, E124, E102, E133 voi heikent\u00e4\u00e4 lasten aktiivisuutta ja tarkkaavaisuutta.<\/p>\n<p>Ingredienser: tapiokamj\u00f6l, vitl\u00f6k, socker, salt, smakf\u00f6rst\u00e4rkare (E621), j\u00e4smedel (E500ii), f\u00e4rg\u00e4mnen (E110, E124, E102, E133) Varning: E110, E124, E102, E133 kan p\u00e5verka barns aktivitet och koncentration negativt.<\/p>\n<p>Alkuper\u00e4maa \/ Ursprungsland: Indonesia\/Indonesien.<\/p>\n<p>Ravintosis\u00e4lt\u00f6\/ N\u00e4ringsinneh\u00e5ll 100 g: Energiaa\/Energi 340 kcal, Rasvaa\/Fett 0 g, josta tyydyttynyt\u00e4\/varav m\u00e4ttat 0 g, Hiilihydraatteja\/Kolhydrater 84 g, josta sokereita\/varav sockerarter 7 g, Proteiinia\/Protein 1 g, Suola\/Salt 2 g.<\/p>\n<p>Maahantuoja \/ Import\u00f6r: JK Alho, PL 18, 20251 Turku \/ \u00c5bo www.indonesianmarket.fi<\/p>\n<p>P\u00e4ivit\u00e4mme tuotetietoja aktiivisesti. Suosittelemme kuitenkin tarkistamaan ainesosat aina my\u00f6s myyntipakkauksesta.<\/p>\n","protected":false},"excerpt":{"rendered":"<p>Sipulilastu\/L\u00f6kchip MATAHARI Nettopaino\/Nettovikt: 250 g Ainesosat: tapiokajauho, valkosipuli, sokeri, suola, arominvahvenne (E621), nostatusaine (E500ii), v\u00e4rit (E110, E124, E102, E133). Varoitus: E110, E124, E102, E133 voi heikent\u00e4\u00e4 lasten aktiivisuutta ja tarkkaavaisuutta. Ingredienser: tapiokamj\u00f6l, vitl\u00f6k, socker, salt, smakf\u00f6rst\u00e4rkare (E621), j\u00e4smedel (E500ii), f\u00e4rg\u00e4mnen (E110, E124, E102, E133) Varning: E110, E124, E102, E133 kan p\u00e5verka barns aktivitet och koncentration<\/p>\n<div class=\"klb-readmore entry-button\"><a class=\"button\" href=\"https:\/\/www.indonesianmarket.fi\/fi\/tuote\/nesia-sipulilastu-matahari-250g\/\">Read More<\/a><\/div>\n","protected":false},"featured_media":26719,"template":"","meta":[],"product_brand":[2214],"product_cat":[1650],"product_tag":[],"class_list":{"0":"post-19847","1":"product","2":"type-product","3":"status-publish","4":"has-post-thumbnail","6":"product_brand-nesia-food","7":"product_cat-krupuk-emping-1","9":"first","10":"instock","11":"taxable","12":"shipping-taxable","13":"purchasable","14":"product-type-simple"},"_links":{"self":[{"href":"https:\/\/www.indonesianmarket.fi\/fi\/wp-json\/wp\/v2\/product\/19847","targetHints":{"allow":["GET"]}}],"collection":[{"href":"https:\/\/www.indonesianmarket.fi\/fi\/wp-json\/wp\/v2\/product"}],"about":[{"href":"https:\/\/www.indonesianmarket.fi\/fi\/wp-json\/wp\/v2\/types\/product"}],"version-history":[{"count":2,"href":"https:\/\/www.indonesianmarket.fi\/fi\/wp-json\/wp\/v2\/product\/19847\/revisions"}],"predecessor-version":[{"id":31608,"href":"https:\/\/www.indonesianmarket.fi\/fi\/wp-json\/wp\/v2\/product\/19847\/revisions\/31608"}],"wp:featuredmedia":[{"embeddable":true,"href":"https:\/\/www.indonesianmarket.fi\/fi\/wp-json\/wp\/v2\/media\/26719"}],"wp:attachment":[{"href":"https:\/\/www.indonesianmarket.fi\/fi\/wp-json\/wp\/v2\/media?parent=19847"}],"wp:term":[{"taxonomy":"product_brand","embeddable":true,"href":"https:\/\/www.indonesianmarket.fi\/fi\/wp-json\/wp\/v2\/product_brand?post=19847"},{"taxonomy":"product_cat","embeddable":true,"href":"https:\/\/www.indonesianmarket.fi\/fi\/wp-json\/wp\/v2\/product_cat?post=19847"},{"taxonomy":"product_tag","embeddable":true,"href":"https:\/\/www.indonesianmarket.fi\/fi\/wp-json\/wp\/v2\/product_tag?post=19847"}],"curies":[{"name":"wp","href":"https:\/\/api.w.org\/{rel}","templated":true}]}}