{"id":19772,"date":"2016-05-13T09:22:49","date_gmt":"2016-05-13T06:22:49","guid":{"rendered":"http:\/\/www.indonesianmarket.fi\/?product=finna-gnetum-gnemon-emping-sipsi-raaka-250g"},"modified":"2026-04-13T07:00:02","modified_gmt":"2026-04-13T04:00:02","slug":"finna-gnetum-gnemon-emping-sipsi-raaka-250g","status":"publish","type":"product","link":"https:\/\/www.indonesianmarket.fi\/fi\/tuote\/finna-gnetum-gnemon-emping-sipsi-raaka-250g\/","title":{"rendered":"Emping &#8211; gnetum gnemon chips (raw) 250g"},"content":{"rendered":"<div><\/div>\n<div><strong>Gnetum gnemon lastu (raaka) \/ Gnetum gnemon kn\u00e4ckt (r\u00e5varor)<\/strong><\/div>\n<div><\/div>\n<div><strong>Nettopaino \/Nettovikt:<\/strong> 250g<\/div>\n<div><\/div>\n<div><strong>Ainesosat:<\/strong> <strong>Gnetum gnemon p\u00e4hkin\u00e4.<\/strong><\/div>\n<div><\/div>\n<div><strong>Ingredienser:<\/strong> <strong>Gnetum gnemon n\u00f6t .<\/strong><\/div>\n<div><\/div>\n<div><strong>Alkuper\u00e4maa \/ Ursprungsland:<\/strong> Indonesia<\/div>\n","protected":false},"excerpt":{"rendered":"<p>Gnetum gnemon lastu (raaka) \/ Gnetum gnemon kn\u00e4ckt (r\u00e5varor) Nettopaino \/Nettovikt: 250g Ainesosat: Gnetum gnemon p\u00e4hkin\u00e4. Ingredienser: Gnetum gnemon n\u00f6t . Alkuper\u00e4maa \/ Ursprungsland: Indonesia<\/p>\n","protected":false},"featured_media":19775,"template":"","meta":[],"product_brand":[2214],"product_cat":[1650],"product_tag":[],"class_list":{"0":"post-19772","1":"product","2":"type-product","3":"status-publish","4":"has-post-thumbnail","6":"product_brand-nesia-food","7":"product_cat-krupuk-emping-1","9":"first","10":"instock","11":"taxable","12":"shipping-taxable","13":"purchasable","14":"product-type-simple"},"_links":{"self":[{"href":"https:\/\/www.indonesianmarket.fi\/fi\/wp-json\/wp\/v2\/product\/19772","targetHints":{"allow":["GET"]}}],"collection":[{"href":"https:\/\/www.indonesianmarket.fi\/fi\/wp-json\/wp\/v2\/product"}],"about":[{"href":"https:\/\/www.indonesianmarket.fi\/fi\/wp-json\/wp\/v2\/types\/product"}],"version-history":[{"count":2,"href":"https:\/\/www.indonesianmarket.fi\/fi\/wp-json\/wp\/v2\/product\/19772\/revisions"}],"predecessor-version":[{"id":34148,"href":"https:\/\/www.indonesianmarket.fi\/fi\/wp-json\/wp\/v2\/product\/19772\/revisions\/34148"}],"wp:featuredmedia":[{"embeddable":true,"href":"https:\/\/www.indonesianmarket.fi\/fi\/wp-json\/wp\/v2\/media\/19775"}],"wp:attachment":[{"href":"https:\/\/www.indonesianmarket.fi\/fi\/wp-json\/wp\/v2\/media?parent=19772"}],"wp:term":[{"taxonomy":"product_brand","embeddable":true,"href":"https:\/\/www.indonesianmarket.fi\/fi\/wp-json\/wp\/v2\/product_brand?post=19772"},{"taxonomy":"product_cat","embeddable":true,"href":"https:\/\/www.indonesianmarket.fi\/fi\/wp-json\/wp\/v2\/product_cat?post=19772"},{"taxonomy":"product_tag","embeddable":true,"href":"https:\/\/www.indonesianmarket.fi\/fi\/wp-json\/wp\/v2\/product_tag?post=19772"}],"curies":[{"name":"wp","href":"https:\/\/api.w.org\/{rel}","templated":true}]}}