{"id":19562,"date":"2016-04-24T17:37:11","date_gmt":"2016-04-24T14:37:11","guid":{"rendered":"http:\/\/www.indonesianmarket.fi\/?product=karangsari-tulinen-pecel-maustetahna-200g"},"modified":"2026-04-19T09:36:31","modified_gmt":"2026-04-19T06:36:31","slug":"karangsari-tulinen-pecel-maustetahna-200g","status":"publish","type":"product","link":"https:\/\/www.indonesianmarket.fi\/fi\/tuote\/karangsari-tulinen-pecel-maustetahna-200g\/","title":{"rendered":"Karangsari  TULINEN pecel maustetahna 200g"},"content":{"rendered":"<div><\/div>\n<div><strong>Maap\u00e4hkin\u00e4kastiketiiviste \/ Jordn\u00f6tss\u00e5skoncentrat<\/strong><\/div>\n<div><\/div>\n<div><strong>Nettopaino \/ Nettovikt:<\/strong>\u00a0200 g<\/div>\n<div><\/div>\n<div><strong>Ainesosat:<\/strong>\u00a0<strong>Maap\u00e4hkin\u00e4<\/strong>\u00a0(89%), palmusokeri, chili, suola, valkosipuli, galangal, sitrushedelmien lehti\u00e4, tamarindi.<\/div>\n<div>Liuota kuumaan veteen. S\u00e4ilyt\u00e4 viile\u00e4ss\u00e4 ja pime\u00e4ss\u00e4. Avaamisen j\u00e4lkeen s\u00e4ilyt\u00e4 j\u00e4\u00e4kaapissa.<\/div>\n<div><strong>Ingredienser: Jordn\u00f6tter<\/strong>\u00a0(89%), palmsocker, chili, salt, vitl\u00f6k, galangal, citrusblad, tamarind.<\/div>\n<div>L\u00f6s upp i varmt vatten. F\u00f6rvara svalt och m\u00f6rkt. N\u00e4r den \u00f6ppnats, f\u00f6rvara i kyl.<\/div>\n<div><\/div>\n<div><strong>Ravintosis\u00e4lt\u00f6\/ N\u00e4ringsinneh\u00e5ll 100 g:<\/strong><\/div>\n<div>Energiaa\/Energi 2125 kJ (506 kcal)<\/div>\n<div>Rasvaa\/Fett\u00a0 30 g<\/div>\n<div>josta tyydyttynyt\u00e4\/varav m\u00e4ttat 11 g<\/div>\n<div>Hiilihydraatteja\/Kolhydrater 37 g<\/div>\n<div>josta sokereita\/varav sockerarter 25 g<\/div>\n<div>Proteiinia\/Protein 19 g<\/div>\n<div>Suola\/Salt\u00a0 1 g<\/div>\n<div><\/div>\n<div><strong>Alkuper\u00e4maa \/ Ursprungsland:<\/strong>\u00a0Indonesia<\/div>\n","protected":false},"excerpt":{"rendered":"<p>Maap\u00e4hkin\u00e4kastiketiiviste \/ Jordn\u00f6tss\u00e5skoncentrat Nettopaino \/ Nettovikt:\u00a0200 g Ainesosat:\u00a0Maap\u00e4hkin\u00e4\u00a0(89%), palmusokeri, chili, suola, valkosipuli, galangal, sitrushedelmien lehti\u00e4, tamarindi. Liuota kuumaan veteen. S\u00e4ilyt\u00e4 viile\u00e4ss\u00e4 ja pime\u00e4ss\u00e4. Avaamisen j\u00e4lkeen s\u00e4ilyt\u00e4 j\u00e4\u00e4kaapissa. Ingredienser: Jordn\u00f6tter\u00a0(89%), palmsocker, chili, salt, vitl\u00f6k, galangal, citrusblad, tamarind. L\u00f6s upp i varmt vatten. F\u00f6rvara svalt och m\u00f6rkt. N\u00e4r den \u00f6ppnats, f\u00f6rvara i kyl. Ravintosis\u00e4lt\u00f6\/ N\u00e4ringsinneh\u00e5ll 100 g:<\/p>\n<div class=\"klb-readmore entry-button\"><a class=\"button\" href=\"https:\/\/www.indonesianmarket.fi\/fi\/tuote\/karangsari-tulinen-pecel-maustetahna-200g\/\">Read More<\/a><\/div>\n","protected":false},"featured_media":34757,"template":"","meta":[],"product_brand":[2274],"product_cat":[1707,1644],"product_tag":[2174],"class_list":{"0":"post-19562","1":"product","2":"type-product","3":"status-publish","4":"has-post-thumbnail","6":"product_brand-karangsari","7":"product_cat-mausteseokset","8":"product_cat-sambal-chili-kastikkeet-chilitahna","9":"product_tag-uusi-era","11":"first","12":"instock","13":"taxable","14":"shipping-taxable","15":"purchasable","16":"product-type-simple"},"_links":{"self":[{"href":"https:\/\/www.indonesianmarket.fi\/fi\/wp-json\/wp\/v2\/product\/19562","targetHints":{"allow":["GET"]}}],"collection":[{"href":"https:\/\/www.indonesianmarket.fi\/fi\/wp-json\/wp\/v2\/product"}],"about":[{"href":"https:\/\/www.indonesianmarket.fi\/fi\/wp-json\/wp\/v2\/types\/product"}],"version-history":[{"count":1,"href":"https:\/\/www.indonesianmarket.fi\/fi\/wp-json\/wp\/v2\/product\/19562\/revisions"}],"predecessor-version":[{"id":25033,"href":"https:\/\/www.indonesianmarket.fi\/fi\/wp-json\/wp\/v2\/product\/19562\/revisions\/25033"}],"wp:featuredmedia":[{"embeddable":true,"href":"https:\/\/www.indonesianmarket.fi\/fi\/wp-json\/wp\/v2\/media\/34757"}],"wp:attachment":[{"href":"https:\/\/www.indonesianmarket.fi\/fi\/wp-json\/wp\/v2\/media?parent=19562"}],"wp:term":[{"taxonomy":"product_brand","embeddable":true,"href":"https:\/\/www.indonesianmarket.fi\/fi\/wp-json\/wp\/v2\/product_brand?post=19562"},{"taxonomy":"product_cat","embeddable":true,"href":"https:\/\/www.indonesianmarket.fi\/fi\/wp-json\/wp\/v2\/product_cat?post=19562"},{"taxonomy":"product_tag","embeddable":true,"href":"https:\/\/www.indonesianmarket.fi\/fi\/wp-json\/wp\/v2\/product_tag?post=19562"}],"curies":[{"name":"wp","href":"https:\/\/api.w.org\/{rel}","templated":true}]}}