{"id":19310,"date":"2016-02-06T02:32:40","date_gmt":"2016-02-06T00:32:40","guid":{"rendered":"http:\/\/www.indonesianmarket.fi\/?product=masako-kananmakuinen-yleismausteseos-250-g"},"modified":"2026-03-20T15:53:17","modified_gmt":"2026-03-20T13:53:17","slug":"masako-kananmakuinen-yleismausteseos-250-g","status":"publish","type":"product","link":"https:\/\/www.indonesianmarket.fi\/fi\/tuote\/masako-kananmakuinen-yleismausteseos-250-g\/","title":{"rendered":"Masako AYAM kananmakuinen yleismausteseos 250 g"},"content":{"rendered":"<div><\/div>\n<div><strong>Kananmakuinen yleismausteseos \/ Kyckling smak universella kryddig<\/strong><\/div>\n<div><strong>\u00a0<\/strong>Nettopaino \/ Nettovikt:\u00a0250 g<\/div>\n<div>Ainesosat: Jodioitu suola, arominvahventeet (mononatriumglutamaatti (E621), dinatrium-5&#8242;-ribonukleotidit (E635)), sokeri, maissit\u00e4rkkelys, kananlihauute (sis\u00e4lt\u00e4\u00e4 kananlihaa (0,77 %)), kananrasva (sis\u00e4lt\u00e4\u00e4 antioksidanttina tokoferoliseosta (E306)), synteettinen aromi (kana, umami), sipuli, valkopippuri, happamuudens\u00e4\u00e4t\u00f6aine sitruunahappo (E330), hydrolysoitu <strong>soijaproteiini<\/strong> (sis\u00e4lt\u00e4\u00e4 arominvahventeena dinatrium-5&#8242;-inosinaattia (E631)), kurkuma. (Sis\u00e4lt\u00e4\u00e4 antioksidanttina DL-alfa-tokoferolia (E307)). . Ingredienser: Joderat salt, smakf\u00f6rst\u00e4rkare (mononatriumglutamat (E621), dinatrium-5&#8242;-ribonukleotider (E635)), socker, majsst\u00e4rkelse, kycklingextrakt (inneh\u00e5ller kyckling (0,77 %)), kycklingfett (inneh\u00e5ller antioxidanten tokoferolblandning (E306)), syntetisk arom (kyckling, umami), l\u00f6k, vitpeppar, surhetsreglerande medel citronsyra (E330), hydrolyserat <strong>sojaprotein<\/strong> (inneh\u00e5ller smakf\u00f6rst\u00e4rkare dinatrium-5&#8242;-inosinat (E631)), gurkmeja. (Inneh\u00e5ller antioxidanten DL-alfa-tokoferol (E307)).<\/div>\n<div>Alkuper\u00e4maa \/ Ursprungsland: Indonesia.<\/div>\n<div>Ravintosis\u00e4lt\u00f6\/ N\u00e4ringsinneh\u00e5ll 2 g: Energiaa\/Energi 0 kcal, Rasvaa\/Fett 0 g, josta tyydyttynyt\u00e4\/varav m\u00e4ttat 0 g, Hiilihydraatteja\/Kolhydrater 0 g, josta sokereita\/varav sockerarter 0 g, Proteiinia\/Protein 0 g, Suola\/Salt 0,610 g.Maahantuoja \/ Import\u00f6r: JK Alho, PL 18, 20251 Turku \/ \u00c5bo www.indonesianmarket.fi<\/div>\n<div>P\u00e4ivit\u00e4mme tuotetietoja aktiivisesti. Suosittelemme kuitenkin tarkistamaan ainesosat aina my\u00f6s myyntipakkauksesta.<\/div>\n<div><\/div>\n<div>.<\/div>\n<div><\/div>\n","protected":false},"excerpt":{"rendered":"<p>Kananmakuinen yleismausteseos \/ Kyckling smak universella kryddig \u00a0Nettopaino \/ Nettovikt:\u00a0250 g Ainesosat: Jodioitu suola, arominvahventeet (mononatriumglutamaatti (E621), dinatrium-5&#8242;-ribonukleotidit (E635)), sokeri, maissit\u00e4rkkelys, kananlihauute (sis\u00e4lt\u00e4\u00e4 kananlihaa (0,77 %)), kananrasva (sis\u00e4lt\u00e4\u00e4 antioksidanttina tokoferoliseosta (E306)), synteettinen aromi (kana, umami), sipuli, valkopippuri, happamuudens\u00e4\u00e4t\u00f6aine sitruunahappo (E330), hydrolysoitu soijaproteiini (sis\u00e4lt\u00e4\u00e4 arominvahventeena dinatrium-5&#8242;-inosinaattia (E631)), kurkuma. (Sis\u00e4lt\u00e4\u00e4 antioksidanttina DL-alfa-tokoferolia (E307)). . Ingredienser: Joderat salt,<\/p>\n<div class=\"klb-readmore entry-button\"><a class=\"button\" href=\"https:\/\/www.indonesianmarket.fi\/fi\/tuote\/masako-kananmakuinen-yleismausteseos-250-g\/\">Read More<\/a><\/div>\n","protected":false},"featured_media":32132,"template":"","meta":[],"product_brand":[],"product_cat":[1707],"product_tag":[2172],"class_list":{"0":"post-19310","1":"product","2":"type-product","3":"status-publish","4":"has-post-thumbnail","6":"product_cat-mausteseokset","7":"product_tag-back-in-stock","9":"first","10":"instock","11":"taxable","12":"shipping-taxable","13":"purchasable","14":"product-type-simple"},"_links":{"self":[{"href":"https:\/\/www.indonesianmarket.fi\/fi\/wp-json\/wp\/v2\/product\/19310","targetHints":{"allow":["GET"]}}],"collection":[{"href":"https:\/\/www.indonesianmarket.fi\/fi\/wp-json\/wp\/v2\/product"}],"about":[{"href":"https:\/\/www.indonesianmarket.fi\/fi\/wp-json\/wp\/v2\/types\/product"}],"version-history":[{"count":4,"href":"https:\/\/www.indonesianmarket.fi\/fi\/wp-json\/wp\/v2\/product\/19310\/revisions"}],"predecessor-version":[{"id":32094,"href":"https:\/\/www.indonesianmarket.fi\/fi\/wp-json\/wp\/v2\/product\/19310\/revisions\/32094"}],"wp:featuredmedia":[{"embeddable":true,"href":"https:\/\/www.indonesianmarket.fi\/fi\/wp-json\/wp\/v2\/media\/32132"}],"wp:attachment":[{"href":"https:\/\/www.indonesianmarket.fi\/fi\/wp-json\/wp\/v2\/media?parent=19310"}],"wp:term":[{"taxonomy":"product_brand","embeddable":true,"href":"https:\/\/www.indonesianmarket.fi\/fi\/wp-json\/wp\/v2\/product_brand?post=19310"},{"taxonomy":"product_cat","embeddable":true,"href":"https:\/\/www.indonesianmarket.fi\/fi\/wp-json\/wp\/v2\/product_cat?post=19310"},{"taxonomy":"product_tag","embeddable":true,"href":"https:\/\/www.indonesianmarket.fi\/fi\/wp-json\/wp\/v2\/product_tag?post=19310"}],"curies":[{"name":"wp","href":"https:\/\/api.w.org\/{rel}","templated":true}]}}