{"id":19214,"date":"2016-01-21T00:17:19","date_gmt":"2016-01-20T22:17:19","guid":{"rendered":"http:\/\/www.indonesianmarket.fi\/?product=bamboe-rawon-maustetahna-54-g"},"modified":"2026-04-11T17:09:11","modified_gmt":"2026-04-11T14:09:11","slug":"bamboe-rawon-maustetahna-54-g","status":"publish","type":"product","link":"https:\/\/www.indonesianmarket.fi\/fi\/tuote\/bamboe-rawon-maustetahna-54-g\/","title":{"rendered":"Bamboe rawon maustetahna 54 g"},"content":{"rendered":"<div><\/div>\n<div style=\"margin-top: 0cm;margin-right: 0cm;margin-bottom: 0.0001pt\">\n<div style=\"margin-top: 0cm;margin-right: 0cm;margin-bottom: 0.0001pt\"><span style=\"color: #000000\"><strong><span style=\"font-size: 11pt;font-family: Calibri, sans-serif\">Rawon ((It\u00e4 jaavalainen-\/musta naudanlihakeitto) maustetahna \/ Rawon (\u00d6st javanesiska \/svart n\u00f6tk\u00f6tt soppa) <\/span><\/strong><strong>kryddig pasta<\/strong><\/span><\/div>\n<div><\/div>\n<div style=\"margin-top: 0cm;margin-right: 0cm;margin-bottom: 0.0001pt\"><span style=\"color: #000000\"><strong><span style=\"font-size: 11pt;font-family: Calibri, sans-serif\">Nettopaino\/nettovikt:<\/span><\/strong><span style=\"font-size: 11pt;font-family: Calibri, sans-serif\">54 g<\/span><br \/>\n<strong>Ainesosat: <\/strong>Salottisipuli 39,6%, suola, palmu\u00f6ljy, pangium edule 8,4%, galangal 3,5%, sitruunaruoho 2,1%, valkosipuli 1,9%, kurkuma 1,8%, korianteri 1,5%, chili 0,5%.<\/span><br \/>\n<span style=\"color: #000000\"> <strong>Ingredienser: <\/strong>Schalottenl\u00f6k 39,6%, salt, palmolja, pangium edule 8,4%, galangal 3,5%, citrongr\u00e4s 2,1%, vitl\u00f6k 1,9%, gurkmeja 1,8%, koriander 1,5%, chili 0,5%.<\/span><br \/>\n<span style=\"color: #000000\"> <strong>Alkuper\u00e4maa\/Urusprungsland:<\/strong>Indonesia\/ Indonesien<\/span><\/div>\n<div><\/div>\n<div>\n<table style=\"max-width: 100%;background-color: #ffffff;border-collapse: collapse;border-spacing: 0px;color: #333333;font-family: 'Helvetica Neue', Helvetica, Arial, sans-serif;font-size: 13px;font-style: normal;font-weight: 400;letter-spacing: normal;text-align: start;text-indent: 0px;text-transform: none\" border=\"1\" cellpadding=\"1\">\n<tbody>\n<tr>\n<td><span style=\"color: #000000\"><strong style=\"font-weight: bold\">Ravintosis\u00e4lt\u00f6 \/ N\u00e4ringsdeklaration:<\/strong><\/span><\/td>\n<td><span style=\"color: #000000\"><strong style=\"font-weight: bold\">\u00a0per 100g<\/strong><\/span><\/td>\n<\/tr>\n<tr>\n<td><span style=\"color: #000000\">Energia \/\u00a0Energi<\/span><\/td>\n<td><span style=\"color: #000000\">\u00a0147 kJ \/ 35 kcal<\/span><\/td>\n<\/tr>\n<tr>\n<td><span style=\"color: #000000\">\u00a0Rasva \/ Fett<\/span><\/td>\n<td><span style=\"color: #000000\">\u00a02,5 g<\/span><\/td>\n<\/tr>\n<tr>\n<td><span style=\"color: #000000\">\u00a0 \u00a0 \u00a0 -josta tyydyttynytt\u00e4 \/ -varav m\u00e4ttade<\/span><\/td>\n<td><span style=\"color: #000000\">\u00a00 g\u00a0<\/span><\/td>\n<\/tr>\n<tr>\n<td><span style=\"color: #000000\">Hiilihydraatit \/\u00a0Kolhydrater<\/span><\/td>\n<td><span style=\"color: #000000\">\u00a03 g<\/span><\/td>\n<\/tr>\n<tr>\n<td><span style=\"color: #000000\">\u00a0 \u00a0 \u00a0 -josta sokereita \/ &#8211;\u00a0varav sockerarter<\/span><\/td>\n<td><span style=\"color: #000000\">\u00a01 g\u00a0<\/span><\/td>\n<\/tr>\n<tr>\n<td><span style=\"color: #000000\">Kuitua \/\u00a0Fiber<\/span><\/td>\n<td><span style=\"color: #000000\">\u00a02 g\u00a0<\/span><\/td>\n<\/tr>\n<tr>\n<td><span style=\"color: #000000\">Proteiini \/\u00a0Protein<\/span><\/td>\n<td><span style=\"color: #000000\">\u00a01 g<\/span><\/td>\n<\/tr>\n<tr>\n<td><span style=\"color: #000000\">Suola \/\u00a0Salt<\/span><\/td>\n<td><span style=\"color: #000000\">\u00a04 g<\/span><\/td>\n<\/tr>\n<\/tbody>\n<\/table>\n<\/div>\n<\/div>\n","protected":false},"excerpt":{"rendered":"<p>Rawon ((It\u00e4 jaavalainen-\/musta naudanlihakeitto) maustetahna \/ Rawon (\u00d6st javanesiska \/svart n\u00f6tk\u00f6tt soppa) kryddig pasta Nettopaino\/nettovikt:54 g Ainesosat: Salottisipuli 39,6%, suola, palmu\u00f6ljy, pangium edule 8,4%, galangal 3,5%, sitruunaruoho 2,1%, valkosipuli 1,9%, kurkuma 1,8%, korianteri 1,5%, chili 0,5%. Ingredienser: Schalottenl\u00f6k 39,6%, salt, palmolja, pangium edule 8,4%, galangal 3,5%, citrongr\u00e4s 2,1%, vitl\u00f6k 1,9%, gurkmeja 1,8%, koriander 1,5%, chili<\/p>\n<div class=\"klb-readmore entry-button\"><a class=\"button\" href=\"https:\/\/www.indonesianmarket.fi\/fi\/tuote\/bamboe-rawon-maustetahna-54-g\/\">Read More<\/a><\/div>\n","protected":false},"featured_media":19217,"template":"","meta":[],"product_brand":[2224],"product_cat":[1707],"product_tag":[],"class_list":{"0":"post-19214","1":"product","2":"type-product","3":"status-publish","4":"has-post-thumbnail","6":"product_brand-bamboe","7":"product_cat-mausteseokset","9":"first","10":"instock","11":"taxable","12":"shipping-taxable","13":"purchasable","14":"product-type-simple"},"_links":{"self":[{"href":"https:\/\/www.indonesianmarket.fi\/fi\/wp-json\/wp\/v2\/product\/19214","targetHints":{"allow":["GET"]}}],"collection":[{"href":"https:\/\/www.indonesianmarket.fi\/fi\/wp-json\/wp\/v2\/product"}],"about":[{"href":"https:\/\/www.indonesianmarket.fi\/fi\/wp-json\/wp\/v2\/types\/product"}],"version-history":[{"count":6,"href":"https:\/\/www.indonesianmarket.fi\/fi\/wp-json\/wp\/v2\/product\/19214\/revisions"}],"predecessor-version":[{"id":30592,"href":"https:\/\/www.indonesianmarket.fi\/fi\/wp-json\/wp\/v2\/product\/19214\/revisions\/30592"}],"wp:featuredmedia":[{"embeddable":true,"href":"https:\/\/www.indonesianmarket.fi\/fi\/wp-json\/wp\/v2\/media\/19217"}],"wp:attachment":[{"href":"https:\/\/www.indonesianmarket.fi\/fi\/wp-json\/wp\/v2\/media?parent=19214"}],"wp:term":[{"taxonomy":"product_brand","embeddable":true,"href":"https:\/\/www.indonesianmarket.fi\/fi\/wp-json\/wp\/v2\/product_brand?post=19214"},{"taxonomy":"product_cat","embeddable":true,"href":"https:\/\/www.indonesianmarket.fi\/fi\/wp-json\/wp\/v2\/product_cat?post=19214"},{"taxonomy":"product_tag","embeddable":true,"href":"https:\/\/www.indonesianmarket.fi\/fi\/wp-json\/wp\/v2\/product_tag?post=19214"}],"curies":[{"name":"wp","href":"https:\/\/api.w.org\/{rel}","templated":true}]}}