{"id":19202,"date":"2016-01-20T23:25:07","date_gmt":"2016-01-20T21:25:07","guid":{"rendered":"http:\/\/www.indonesianmarket.fi\/?product=bamboe-nasi-goreng-maustetahna-40-g"},"modified":"2026-04-11T17:09:43","modified_gmt":"2026-04-11T14:09:43","slug":"bamboe-nasi-goreng-maustetahna-40-g","status":"publish","type":"product","link":"https:\/\/www.indonesianmarket.fi\/fi\/tuote\/bamboe-nasi-goreng-maustetahna-40-g\/","title":{"rendered":"Bamboe NASI GORENG maustetahna 40 g"},"content":{"rendered":"<div>NASI GORENG paistettu riisi maustetahna \/stekt ris kryddig pasta<\/div>\n<div><\/div>\n<div>Nettopaino \/ Nettovikt: 40 g<\/div>\n<div><\/div>\n<div>Ainesosat: Salottisipuli (34 %), palmu\u00f6ljy, tomaatti (16 %), valkosipuli (12 %), suola, chili (9 %).<\/div>\n<div><\/div>\n<div>Ingredienser: Schalottenl\u00f6k (34 %), palmolja, tomat (16 %), vitl\u00f6k (12 %), salt, chili (9 %).<\/div>\n<div><\/div>\n<div>Alkuper\u00e4maa \/ Ursprungsland: Indonesia\/Indonesien<\/div>\n<div><\/div>\n<div>Ravintosis\u00e4lt\u00f6\/ N\u00e4ringsinneh\u00e5ll 100 g: Energiaa\/Energi 1490 kJ (356 kcal), Rasvaa\/Fett 29,5 g, josta tyydyttynyt\u00e4\/varav m\u00e4ttat 12 g, Hiilihydraatteja\/Kolhydrater 16,7 g, josta sokereita\/varav sockerarter 7,8 g, Proteiinia\/Protein 6,0 g, Suola\/Salt 12,1 g.<\/div>\n<div><\/div>\n<div>Maahantuoja \/ Import\u00f6r: JK Alho, PL 18, 20251 Turku \/ \u00c5bo www.indonesianmarket.fi<\/div>\n<div><\/div>\n<div>P\u00e4ivit\u00e4mme tuotetietoja aktiivisesti. Suosittelemme kuitenkin tarkistamaan ainesosat aina my\u00f6s myyntipakkauksesta.<\/div>\n","protected":false},"excerpt":{"rendered":"<p>NASI GORENG paistettu riisi maustetahna \/stekt ris kryddig pasta Nettopaino \/ Nettovikt: 40 g Ainesosat: Salottisipuli (34 %), palmu\u00f6ljy, tomaatti (16 %), valkosipuli (12 %), suola, chili (9 %). Ingredienser: Schalottenl\u00f6k (34 %), palmolja, tomat (16 %), vitl\u00f6k (12 %), salt, chili (9 %). Alkuper\u00e4maa \/ Ursprungsland: Indonesia\/Indonesien Ravintosis\u00e4lt\u00f6\/ N\u00e4ringsinneh\u00e5ll 100 g: Energiaa\/Energi 1490 kJ<\/p>\n<div class=\"klb-readmore entry-button\"><a class=\"button\" href=\"https:\/\/www.indonesianmarket.fi\/fi\/tuote\/bamboe-nasi-goreng-maustetahna-40-g\/\">Read More<\/a><\/div>\n","protected":false},"featured_media":19205,"template":"","meta":[],"product_brand":[2224],"product_cat":[1707],"product_tag":[],"class_list":{"0":"post-19202","1":"product","2":"type-product","3":"status-publish","4":"has-post-thumbnail","6":"product_brand-bamboe","7":"product_cat-mausteseokset","9":"first","10":"instock","11":"taxable","12":"shipping-taxable","13":"purchasable","14":"product-type-simple"},"_links":{"self":[{"href":"https:\/\/www.indonesianmarket.fi\/fi\/wp-json\/wp\/v2\/product\/19202","targetHints":{"allow":["GET"]}}],"collection":[{"href":"https:\/\/www.indonesianmarket.fi\/fi\/wp-json\/wp\/v2\/product"}],"about":[{"href":"https:\/\/www.indonesianmarket.fi\/fi\/wp-json\/wp\/v2\/types\/product"}],"version-history":[{"count":4,"href":"https:\/\/www.indonesianmarket.fi\/fi\/wp-json\/wp\/v2\/product\/19202\/revisions"}],"predecessor-version":[{"id":31128,"href":"https:\/\/www.indonesianmarket.fi\/fi\/wp-json\/wp\/v2\/product\/19202\/revisions\/31128"}],"wp:featuredmedia":[{"embeddable":true,"href":"https:\/\/www.indonesianmarket.fi\/fi\/wp-json\/wp\/v2\/media\/19205"}],"wp:attachment":[{"href":"https:\/\/www.indonesianmarket.fi\/fi\/wp-json\/wp\/v2\/media?parent=19202"}],"wp:term":[{"taxonomy":"product_brand","embeddable":true,"href":"https:\/\/www.indonesianmarket.fi\/fi\/wp-json\/wp\/v2\/product_brand?post=19202"},{"taxonomy":"product_cat","embeddable":true,"href":"https:\/\/www.indonesianmarket.fi\/fi\/wp-json\/wp\/v2\/product_cat?post=19202"},{"taxonomy":"product_tag","embeddable":true,"href":"https:\/\/www.indonesianmarket.fi\/fi\/wp-json\/wp\/v2\/product_tag?post=19202"}],"curies":[{"name":"wp","href":"https:\/\/api.w.org\/{rel}","templated":true}]}}