{"id":19166,"date":"2016-01-20T22:44:27","date_gmt":"2016-01-20T20:44:27","guid":{"rendered":"http:\/\/www.indonesianmarket.fi\/?product=bamboe-lodeh-maustetahna-54-g"},"modified":"2026-04-11T17:11:13","modified_gmt":"2026-04-11T14:11:13","slug":"bamboe-lodeh-maustetahna-54-g","status":"publish","type":"product","link":"https:\/\/www.indonesianmarket.fi\/fi\/tuote\/bamboe-lodeh-maustetahna-54-g\/","title":{"rendered":"Bamboe lodeh maustetahna 54 g"},"content":{"rendered":"<p>LODEH kasvispata maustetahna \/ gr\u00f6nsaksgryta kryddig pasta<\/p>\n<p>Nettopaino \/ Nettovikt: 54 g<\/p>\n<p>Ainesosat: Salottisipuli (50 %), palmu\u00f6ljy, suola, valkopippuri (7 %), galangal, korianteri, limetinlehdet, kurkuma, valkosipuli, chili (0,9 %).<\/p>\n<p>Ingredienser: Schalottenl\u00f6k (50 %), palmolja, salt, vitpeppar (7 %), galangal, koriander, limeblad, gurkmeja, vitl\u00f6k, chili (0,9 %).<\/p>\n<p>Alkuper\u00e4maa \/ Ursprungsland: Indonesia\/Indonesien<\/p>\n<p>Ravintosis\u00e4lt\u00f6\/ N\u00e4ringsinneh\u00e5ll 100 g: Energiaa\/Energi 787 kJ\/ 188 kcal, Rasvaa\/Fett 9,1 g, josta tyydyttynyt\u00e4\/varav m\u00e4ttat 3,4 g, Hiilihydraatteja\/Kolhydrater 20,1 g, josta sokereita\/varav sockerarter 5,3 g, Proteiinia\/Protein 6,3 g, Suola\/Salt 13,4 g<\/p>\n<p>Maahantuoja \/ Import\u00f6r: JK Alho, PL 18, 20251 Turku \/ \u00c5bo www.indonesianmarket.fi<\/p>\n<p>P\u00e4ivit\u00e4mme tuotetietoja aktiivisesti. Suosittelemme kuitenkin tarkistamaan ainesosat aina my\u00f6s myyntipakkauksesta.<\/p>\n","protected":false},"excerpt":{"rendered":"<p>LODEH kasvispata maustetahna \/ gr\u00f6nsaksgryta kryddig pasta Nettopaino \/ Nettovikt: 54 g Ainesosat: Salottisipuli (50 %), palmu\u00f6ljy, suola, valkopippuri (7 %), galangal, korianteri, limetinlehdet, kurkuma, valkosipuli, chili (0,9 %). Ingredienser: Schalottenl\u00f6k (50 %), palmolja, salt, vitpeppar (7 %), galangal, koriander, limeblad, gurkmeja, vitl\u00f6k, chili (0,9 %). Alkuper\u00e4maa \/ Ursprungsland: Indonesia\/Indonesien Ravintosis\u00e4lt\u00f6\/ N\u00e4ringsinneh\u00e5ll 100 g: Energiaa\/Energi<\/p>\n<div class=\"klb-readmore entry-button\"><a class=\"button\" href=\"https:\/\/www.indonesianmarket.fi\/fi\/tuote\/bamboe-lodeh-maustetahna-54-g\/\">Read More<\/a><\/div>\n","protected":false},"featured_media":19169,"template":"","meta":[],"product_brand":[2224],"product_cat":[1707],"product_tag":[],"class_list":{"0":"post-19166","1":"product","2":"type-product","3":"status-publish","4":"has-post-thumbnail","6":"product_brand-bamboe","7":"product_cat-mausteseokset","9":"first","10":"instock","11":"taxable","12":"shipping-taxable","13":"purchasable","14":"product-type-simple"},"_links":{"self":[{"href":"https:\/\/www.indonesianmarket.fi\/fi\/wp-json\/wp\/v2\/product\/19166","targetHints":{"allow":["GET"]}}],"collection":[{"href":"https:\/\/www.indonesianmarket.fi\/fi\/wp-json\/wp\/v2\/product"}],"about":[{"href":"https:\/\/www.indonesianmarket.fi\/fi\/wp-json\/wp\/v2\/types\/product"}],"version-history":[{"count":4,"href":"https:\/\/www.indonesianmarket.fi\/fi\/wp-json\/wp\/v2\/product\/19166\/revisions"}],"predecessor-version":[{"id":30054,"href":"https:\/\/www.indonesianmarket.fi\/fi\/wp-json\/wp\/v2\/product\/19166\/revisions\/30054"}],"wp:featuredmedia":[{"embeddable":true,"href":"https:\/\/www.indonesianmarket.fi\/fi\/wp-json\/wp\/v2\/media\/19169"}],"wp:attachment":[{"href":"https:\/\/www.indonesianmarket.fi\/fi\/wp-json\/wp\/v2\/media?parent=19166"}],"wp:term":[{"taxonomy":"product_brand","embeddable":true,"href":"https:\/\/www.indonesianmarket.fi\/fi\/wp-json\/wp\/v2\/product_brand?post=19166"},{"taxonomy":"product_cat","embeddable":true,"href":"https:\/\/www.indonesianmarket.fi\/fi\/wp-json\/wp\/v2\/product_cat?post=19166"},{"taxonomy":"product_tag","embeddable":true,"href":"https:\/\/www.indonesianmarket.fi\/fi\/wp-json\/wp\/v2\/product_tag?post=19166"}],"curies":[{"name":"wp","href":"https:\/\/api.w.org\/{rel}","templated":true}]}}