{"id":19136,"date":"2016-01-20T22:16:20","date_gmt":"2016-01-20T20:16:20","guid":{"rendered":"http:\/\/www.indonesianmarket.fi\/?product=bamboe-sayur-asem-maustetahna-60g"},"modified":"2026-04-11T17:13:06","modified_gmt":"2026-04-11T14:13:06","slug":"bamboe-sayur-asem-maustetahna-60g","status":"publish","type":"product","link":"https:\/\/www.indonesianmarket.fi\/fi\/tuote\/bamboe-sayur-asem-maustetahna-60g\/","title":{"rendered":"Bamboe sayur asem maustetahna 60g"},"content":{"rendered":"<p>SAYUR ASAM makea ja hapan kasviskeitto maustetahna \/ s\u00f6tsur gr\u00f6nsakssoppa kryddig pasta<\/p>\n<p>&#8217;Nettopaino \/ Nettovikt: 60 g<\/p>\n<p>Ainesosat: Salottisipuli (37 %), suola, valkosipuli (13 %), palmu\u00f6ljy, etikka, sokeri, chili (5 %), galangal.<\/p>\n<p>Ingredienser: Schalottenl\u00f6k (37 %), salt, vitl\u00f6k (13 %), palmolja, \u00e4ttika, socker, chili (5 %), galangal.<\/p>\n<p>Alkuper\u00e4maa \/ Ursprungsland: Indonesia\/Indonesien.<\/p>\n<p>Ravintosis\u00e4lt\u00f6\/ N\u00e4ringsinneh\u00e5ll 100 g: Energiaa\/Energi 1043 kJ (249 kcal), Rasvaa\/Fett 4,2 g, josta tyydyttynyt\u00e4\/varav m\u00e4ttat 1,8 g, Hiilihydraatteja\/Kolhydrater 49,9 g, josta sokereita\/varav sockerarter 35,2 g, Proteiinia\/Protein 2,8g, Suola\/Salt 8,4 g.<\/p>\n<p>Maahantuoja \/ Import\u00f6r: JK Alho, PL 18, 20251 Turku \/ \u00c5bo\u00a0 www.indonesianmarket.fi<\/p>\n","protected":false},"excerpt":{"rendered":"<p>Sayur asem (hapan kasvikeitto) maustetahna \/ Sayur asem (Sour gr\u00f6nsakssoppa) kryddig pasta<\/p>\n","protected":false},"featured_media":19139,"template":"","meta":[],"product_brand":[2224],"product_cat":[1707],"product_tag":[],"class_list":{"0":"post-19136","1":"product","2":"type-product","3":"status-publish","4":"has-post-thumbnail","6":"product_brand-bamboe","7":"product_cat-mausteseokset","9":"first","10":"instock","11":"sale","12":"taxable","13":"shipping-taxable","14":"purchasable","15":"product-type-simple"},"_links":{"self":[{"href":"https:\/\/www.indonesianmarket.fi\/fi\/wp-json\/wp\/v2\/product\/19136","targetHints":{"allow":["GET"]}}],"collection":[{"href":"https:\/\/www.indonesianmarket.fi\/fi\/wp-json\/wp\/v2\/product"}],"about":[{"href":"https:\/\/www.indonesianmarket.fi\/fi\/wp-json\/wp\/v2\/types\/product"}],"version-history":[{"count":7,"href":"https:\/\/www.indonesianmarket.fi\/fi\/wp-json\/wp\/v2\/product\/19136\/revisions"}],"predecessor-version":[{"id":34561,"href":"https:\/\/www.indonesianmarket.fi\/fi\/wp-json\/wp\/v2\/product\/19136\/revisions\/34561"}],"wp:featuredmedia":[{"embeddable":true,"href":"https:\/\/www.indonesianmarket.fi\/fi\/wp-json\/wp\/v2\/media\/19139"}],"wp:attachment":[{"href":"https:\/\/www.indonesianmarket.fi\/fi\/wp-json\/wp\/v2\/media?parent=19136"}],"wp:term":[{"taxonomy":"product_brand","embeddable":true,"href":"https:\/\/www.indonesianmarket.fi\/fi\/wp-json\/wp\/v2\/product_brand?post=19136"},{"taxonomy":"product_cat","embeddable":true,"href":"https:\/\/www.indonesianmarket.fi\/fi\/wp-json\/wp\/v2\/product_cat?post=19136"},{"taxonomy":"product_tag","embeddable":true,"href":"https:\/\/www.indonesianmarket.fi\/fi\/wp-json\/wp\/v2\/product_tag?post=19136"}],"curies":[{"name":"wp","href":"https:\/\/api.w.org\/{rel}","templated":true}]}}