{"id":19058,"date":"2016-01-20T19:29:54","date_gmt":"2016-01-20T17:29:54","guid":{"rendered":"http:\/\/www.indonesianmarket.fi\/?product=bango-makea-soijakastikke-275-ml"},"modified":"2026-03-24T00:32:25","modified_gmt":"2026-03-23T22:32:25","slug":"bango-makea-soijakastikke-275-ml","status":"publish","type":"product","link":"https:\/\/www.indonesianmarket.fi\/fi\/tuote\/bango-makea-soijakastikke-275-ml\/","title":{"rendered":"Bango makea soijakastikke 385 ml"},"content":{"rendered":"<p>Makea <strong>Soijakastike<\/strong> \/ S\u00f6t <strong>Sojas\u00e5s<\/strong><\/p>\n<p>Nettopaino\/Nettovikt: 385 ml<\/p>\n<p>Ainesosat: Sokeri, vesi, suola, musta <strong>soijapapu<\/strong> 3%. Saattaa sis\u00e4lt\u00e4\u00e4 <strong>sulfiitteja<\/strong>.<br \/>\nIngredienser: Socker, vatten, salt, svarta <strong>sojab\u00f6nor<\/strong> 3%. Kan inneh\u00e5lla <strong>sulfiter<\/strong>.  <\/p>\n<p>Alkuper\u00e4maa \/ Ursprungsland: Indonesia<\/p>\n<p>Ravintosis\u00e4lt\u00f6\/ N\u00e4ringsinneh\u00e5ll 20 g: Energiaa\/Energi 60 kkal, Rasvaa\/Fett 0 g, josta tyydyttynyt\u00e4\/varav m\u00e4ttat 0 g, Hiilihydraatteja\/Kolhydrater 15 g, josta sokereita\/varav sockerarter 13 g, Proteiinia\/Protein 0 g, Suola\/Salt 0,4 g.<\/p>\n<p>Maahantuoja \/ Import\u00f6r: JK Alho, PL 18, 20251 Turku \/ \u00c5bo<br \/>\nwww.indonesianmarket.fi<\/p>\n<p>P\u00e4ivit\u00e4mme tuotetietoja aktiivisesti. Suosittelemme kuitenkin tarkistamaan ainesosat aina my\u00f6s myyntipakkauksesta. <\/p>\n","protected":false},"excerpt":{"rendered":"<p>Makea Soijakastike \/ S\u00f6t Sojas\u00e5s Nettopaino\/Nettovikt: 385 ml Ainesosat: Sokeri, vesi, suola, musta soijapapu 3%. Saattaa sis\u00e4lt\u00e4\u00e4 sulfiitteja. Ingredienser: Socker, vatten, salt, svarta sojab\u00f6nor 3%. Kan inneh\u00e5lla sulfiter. Alkuper\u00e4maa \/ Ursprungsland: Indonesia Ravintosis\u00e4lt\u00f6\/ N\u00e4ringsinneh\u00e5ll 20 g: Energiaa\/Energi 60 kkal, Rasvaa\/Fett 0 g, josta tyydyttynyt\u00e4\/varav m\u00e4ttat 0 g, Hiilihydraatteja\/Kolhydrater 15 g, josta sokereita\/varav sockerarter 13 g,<\/p>\n<div class=\"klb-readmore entry-button\"><a class=\"button\" href=\"https:\/\/www.indonesianmarket.fi\/fi\/tuote\/bango-makea-soijakastikke-275-ml\/\">Read More<\/a><\/div>\n","protected":false},"featured_media":19061,"template":"","meta":[],"product_brand":[],"product_cat":[1635],"product_tag":[],"class_list":{"0":"post-19058","1":"product","2":"type-product","3":"status-publish","4":"has-post-thumbnail","6":"product_cat-soijakastikkeet-tahnat-1","8":"first","9":"instock","10":"taxable","11":"shipping-taxable","12":"purchasable","13":"product-type-simple"},"_links":{"self":[{"href":"https:\/\/www.indonesianmarket.fi\/fi\/wp-json\/wp\/v2\/product\/19058","targetHints":{"allow":["GET"]}}],"collection":[{"href":"https:\/\/www.indonesianmarket.fi\/fi\/wp-json\/wp\/v2\/product"}],"about":[{"href":"https:\/\/www.indonesianmarket.fi\/fi\/wp-json\/wp\/v2\/types\/product"}],"version-history":[{"count":5,"href":"https:\/\/www.indonesianmarket.fi\/fi\/wp-json\/wp\/v2\/product\/19058\/revisions"}],"predecessor-version":[{"id":33994,"href":"https:\/\/www.indonesianmarket.fi\/fi\/wp-json\/wp\/v2\/product\/19058\/revisions\/33994"}],"wp:featuredmedia":[{"embeddable":true,"href":"https:\/\/www.indonesianmarket.fi\/fi\/wp-json\/wp\/v2\/media\/19061"}],"wp:attachment":[{"href":"https:\/\/www.indonesianmarket.fi\/fi\/wp-json\/wp\/v2\/media?parent=19058"}],"wp:term":[{"taxonomy":"product_brand","embeddable":true,"href":"https:\/\/www.indonesianmarket.fi\/fi\/wp-json\/wp\/v2\/product_brand?post=19058"},{"taxonomy":"product_cat","embeddable":true,"href":"https:\/\/www.indonesianmarket.fi\/fi\/wp-json\/wp\/v2\/product_cat?post=19058"},{"taxonomy":"product_tag","embeddable":true,"href":"https:\/\/www.indonesianmarket.fi\/fi\/wp-json\/wp\/v2\/product_tag?post=19058"}],"curies":[{"name":"wp","href":"https:\/\/api.w.org\/{rel}","templated":true}]}}