{"id":19040,"date":"2016-01-20T19:13:48","date_gmt":"2016-01-20T17:13:48","guid":{"rendered":"http:\/\/www.indonesianmarket.fi\/?product=abc-makea-soijakastike-275ml"},"modified":"2026-03-24T00:27:25","modified_gmt":"2026-03-23T22:27:25","slug":"abc-makea-soijakastike-275ml","status":"publish","type":"product","link":"https:\/\/www.indonesianmarket.fi\/fi\/tuote\/abc-makea-soijakastike-275ml\/","title":{"rendered":"ABC Makea soijakastike 275ml"},"content":{"rendered":"<div><\/div>\n<div style=\"margin-bottom: 0.0001pt; line-height: normal;\">\n<div style=\"margin-bottom: 0.0001pt; line-height: normal;\"><strong>Makea soijakastike \/ S\u00f6t Sojas\u00e5s<\/strong><\/div>\n<div>\n<div><\/div>\n<div><strong>Nettopaino\/nettovikt<\/strong>: 275 ml<\/div>\n<div><strong><strong>Ainesosat: <\/strong><\/strong>Sokeri (sis\u00e4lt\u00e4\u00e4 <strong>sulfiitteja<\/strong>), <strong>soijakastikeuutteen<\/strong> (vesi, suola, <strong>soijapavut 2,6% vehn\u00e4<\/strong>), vesi, suola, v\u00e4ri (tavallinen karamelli), s\u00e4il\u00f6nt\u00e4aine (natriumbentsoaatti), happo (sitruunahappo), sakeutusaine (ksantaanikumi).<\/div>\n<div><strong>Ingredienser: <\/strong>Socker (inneh\u00e5ller <strong>sulfiter<\/strong>),<strong> sojas\u00e5s<\/strong> extrakt (vatten, salt, <strong>sojab\u00f6nor 2,6%, vete<\/strong>), vatten, salt, f\u00e4rg (vanlig karamell), konserveringsmedel (natriumbenzoat), syra (citronsyra), f\u00f6rtjockningsmedel (xantangummi).<\/div>\n<div><strong>Alkuper\u00e4maa \/ Ursprungsland:<\/strong> Indonesia<\/div>\n<div><\/div>\n<div>\n<div>\n<div>\n<table border=\"1\" cellpadding=\"1\">\n<tbody>\n<tr>\n<td><strong>Ravintosis\u00e4lt\u00f6 \/ N\u00e4ringsdeklaration:<\/strong><\/td>\n<td><strong> per 100 ml<\/strong><\/td>\n<\/tr>\n<tr>\n<td>Energia \/ Energi<\/td>\n<td> 1859 kJ\/444 kcal<\/td>\n<\/tr>\n<tr>\n<td>Rasva \/ Fett<\/td>\n<td> 0,6 g<\/td>\n<\/tr>\n<tr>\n<td> -josta tyydyttynytt\u00e4 \/ -varav m\u00e4ttade<\/td>\n<td> 0,4 g<\/td>\n<\/tr>\n<tr>\n<td>Hiilihydraatit \/ Kolhydrater<\/td>\n<td> 108 g<\/td>\n<\/tr>\n<tr>\n<td> -josta sokereita \/ &#8211; varav sockerarter<\/td>\n<td> 79 g<\/td>\n<\/tr>\n<tr>\n<td>Proteiini \/ Protein<\/td>\n<td> 1,9 g<\/td>\n<\/tr>\n<tr>\n<td>Suola \/ Salt<\/td>\n<td> 5,5 g<\/td>\n<\/tr>\n<\/tbody>\n<\/table>\n<\/div>\n<\/div>\n<\/div>\n<\/div>\n<\/div>\n","protected":false},"excerpt":{"rendered":"<p>Makea soijakastike \/ S\u00f6t Sojas\u00e5s Nettopaino\/nettovikt: 275 ml Ainesosat: Sokeri (sis\u00e4lt\u00e4\u00e4 sulfiitteja), soijakastikeuutteen (vesi, suola, soijapavut 2,6% vehn\u00e4), vesi, suola, v\u00e4ri (tavallinen karamelli), s\u00e4il\u00f6nt\u00e4aine (natriumbentsoaatti), happo (sitruunahappo), sakeutusaine (ksantaanikumi). Ingredienser: Socker (inneh\u00e5ller sulfiter), sojas\u00e5s extrakt (vatten, salt, sojab\u00f6nor 2,6%, vete), vatten, salt, f\u00e4rg (vanlig karamell), konserveringsmedel (natriumbenzoat), syra (citronsyra), f\u00f6rtjockningsmedel (xantangummi). Alkuper\u00e4maa \/ Ursprungsland: Indonesia<\/p>\n<div class=\"klb-readmore entry-button\"><a class=\"button\" href=\"https:\/\/www.indonesianmarket.fi\/fi\/tuote\/abc-makea-soijakastike-275ml\/\">Read More<\/a><\/div>\n","protected":false},"featured_media":30308,"template":"","meta":[],"product_brand":[],"product_cat":[1635],"product_tag":[],"class_list":{"0":"post-19040","1":"product","2":"type-product","3":"status-publish","4":"has-post-thumbnail","6":"product_cat-soijakastikkeet-tahnat-1","8":"first","9":"instock","10":"taxable","11":"shipping-taxable","12":"purchasable","13":"product-type-simple"},"_links":{"self":[{"href":"https:\/\/www.indonesianmarket.fi\/fi\/wp-json\/wp\/v2\/product\/19040","targetHints":{"allow":["GET"]}}],"collection":[{"href":"https:\/\/www.indonesianmarket.fi\/fi\/wp-json\/wp\/v2\/product"}],"about":[{"href":"https:\/\/www.indonesianmarket.fi\/fi\/wp-json\/wp\/v2\/types\/product"}],"version-history":[{"count":5,"href":"https:\/\/www.indonesianmarket.fi\/fi\/wp-json\/wp\/v2\/product\/19040\/revisions"}],"predecessor-version":[{"id":33992,"href":"https:\/\/www.indonesianmarket.fi\/fi\/wp-json\/wp\/v2\/product\/19040\/revisions\/33992"}],"wp:featuredmedia":[{"embeddable":true,"href":"https:\/\/www.indonesianmarket.fi\/fi\/wp-json\/wp\/v2\/media\/30308"}],"wp:attachment":[{"href":"https:\/\/www.indonesianmarket.fi\/fi\/wp-json\/wp\/v2\/media?parent=19040"}],"wp:term":[{"taxonomy":"product_brand","embeddable":true,"href":"https:\/\/www.indonesianmarket.fi\/fi\/wp-json\/wp\/v2\/product_brand?post=19040"},{"taxonomy":"product_cat","embeddable":true,"href":"https:\/\/www.indonesianmarket.fi\/fi\/wp-json\/wp\/v2\/product_cat?post=19040"},{"taxonomy":"product_tag","embeddable":true,"href":"https:\/\/www.indonesianmarket.fi\/fi\/wp-json\/wp\/v2\/product_tag?post=19040"}],"curies":[{"name":"wp","href":"https:\/\/api.w.org\/{rel}","templated":true}]}}