{"id":18980,"date":"2016-01-20T17:28:16","date_gmt":"2016-01-20T15:28:16","guid":{"rendered":"http:\/\/www.indonesianmarket.fi\/?product=kobe-bakwan-kress-jauheseos-80g"},"modified":"2026-03-20T12:48:56","modified_gmt":"2026-03-20T10:48:56","slug":"kobe-bakwan-kress-jauheseos-70g","status":"publish","type":"product","link":"https:\/\/www.indonesianmarket.fi\/fi\/tuote\/kobe-bakwan-kress-jauheseos-70g\/","title":{"rendered":"Kobe BAKWAN KRESS jauheseos 70g"},"content":{"rendered":"<p>BAKWAN KRESS Bakwan jauheseos\/ Bakwan Mj\u00f6blandning<\/p>\n<p>Nettopaino\/Nettovikt: 70 g<\/p>\n<p>Ainesosat: <strong>Vehn\u00e4jauho<\/strong>, riisijauho, suola, fariinisokeri, arominvahventeet (mononatrium-L-glutamaatti, dinatrium-5\u2019-inosinaatti, dinatrium-5\u2019-guanylaatti), tapiokat\u00e4rkkelys, valkosipulijauhe, korianterijauhe, leivinjauhe (natriumbikarbonaatti), sipulijauhe, kurkumajauhe.<\/p>\n<p>Ingredienser: <strong>Vetemj\u00f6l<\/strong>, rismj\u00f6l, salt, farinsocker, smakf\u00f6rst\u00e4rkare (mononatrium-L-glutamat, dinatrium-5\u2019-inosinat, dinatrium-5\u2019-guanylat), tapiokast\u00e4rkelse, vitl\u00f6kspulver, korianderpulver, bakpulver (natriumbikarbonat), l\u00f6kpulver, gurkmejapulver.<\/p>\n<p>Alkuper\u00e4maa \/ Ursprungsland: Indonesia\/Indonesien.<\/p>\n<p>Ravintosis\u00e4lt\u00f6\/ N\u00e4ringsinneh\u00e5ll 20 g: Energiaa\/Energi 70 kcal, Rasvaa\/Fett 0 g, josta tyydyttynyt\u00e4\/varav m\u00e4ttat 0 g, Hiilihydraatteja\/Kolhydrater 15 g, josta sokereita\/varav sockerarter 1 g, Proteiinia\/Protein 2 g, Suola\/Salt 0,48 g.<\/p>\n<p>Maahantuoja \/ Import\u00f6r: JK Alho, PL 18, 20251 Turku \/ \u00c5bo www.indonesianmarket.fi<\/p>\n<p>P\u00e4ivit\u00e4mme tuotetietoja aktiivisesti. Suosittelemme kuitenkin tarkistamaan ainesosat aina my\u00f6s myyntipakkauksesta.<\/p>\n","protected":false},"excerpt":{"rendered":"<p>BAKWAN KRESS Bakwan jauheseos\/ Bakwan Mj\u00f6blandning Nettopaino\/Nettovikt: 70 g Ainesosat: Vehn\u00e4jauho, riisijauho, suola, fariinisokeri, arominvahventeet (mononatrium-L-glutamaatti, dinatrium-5\u2019-inosinaatti, dinatrium-5\u2019-guanylaatti), tapiokat\u00e4rkkelys, valkosipulijauhe, korianterijauhe, leivinjauhe (natriumbikarbonaatti), sipulijauhe, kurkumajauhe. Ingredienser: Vetemj\u00f6l, rismj\u00f6l, salt, farinsocker, smakf\u00f6rst\u00e4rkare (mononatrium-L-glutamat, dinatrium-5\u2019-inosinat, dinatrium-5\u2019-guanylat), tapiokast\u00e4rkelse, vitl\u00f6kspulver, korianderpulver, bakpulver (natriumbikarbonat), l\u00f6kpulver, gurkmejapulver. Alkuper\u00e4maa \/ Ursprungsland: Indonesia\/Indonesien. Ravintosis\u00e4lt\u00f6\/ N\u00e4ringsinneh\u00e5ll 20 g: Energiaa\/Energi 70 kcal, Rasvaa\/Fett 0 g,<\/p>\n<div class=\"klb-readmore entry-button\"><a class=\"button\" href=\"https:\/\/www.indonesianmarket.fi\/fi\/tuote\/kobe-bakwan-kress-jauheseos-70g\/\">Read More<\/a><\/div>\n","protected":false},"featured_media":18983,"template":"","meta":[],"product_brand":[],"product_cat":[1698],"product_tag":[],"class_list":{"0":"post-18980","1":"product","2":"type-product","3":"status-publish","4":"has-post-thumbnail","6":"product_cat-jauhot-maustamaton-maustettu","8":"first","9":"instock","10":"taxable","11":"shipping-taxable","12":"purchasable","13":"product-type-simple"},"_links":{"self":[{"href":"https:\/\/www.indonesianmarket.fi\/fi\/wp-json\/wp\/v2\/product\/18980","targetHints":{"allow":["GET"]}}],"collection":[{"href":"https:\/\/www.indonesianmarket.fi\/fi\/wp-json\/wp\/v2\/product"}],"about":[{"href":"https:\/\/www.indonesianmarket.fi\/fi\/wp-json\/wp\/v2\/types\/product"}],"version-history":[{"count":3,"href":"https:\/\/www.indonesianmarket.fi\/fi\/wp-json\/wp\/v2\/product\/18980\/revisions"}],"predecessor-version":[{"id":31696,"href":"https:\/\/www.indonesianmarket.fi\/fi\/wp-json\/wp\/v2\/product\/18980\/revisions\/31696"}],"wp:featuredmedia":[{"embeddable":true,"href":"https:\/\/www.indonesianmarket.fi\/fi\/wp-json\/wp\/v2\/media\/18983"}],"wp:attachment":[{"href":"https:\/\/www.indonesianmarket.fi\/fi\/wp-json\/wp\/v2\/media?parent=18980"}],"wp:term":[{"taxonomy":"product_brand","embeddable":true,"href":"https:\/\/www.indonesianmarket.fi\/fi\/wp-json\/wp\/v2\/product_brand?post=18980"},{"taxonomy":"product_cat","embeddable":true,"href":"https:\/\/www.indonesianmarket.fi\/fi\/wp-json\/wp\/v2\/product_cat?post=18980"},{"taxonomy":"product_tag","embeddable":true,"href":"https:\/\/www.indonesianmarket.fi\/fi\/wp-json\/wp\/v2\/product_tag?post=18980"}],"curies":[{"name":"wp","href":"https:\/\/api.w.org\/{rel}","templated":true}]}}