{"id":18896,"date":"2022-11-23T00:01:27","date_gmt":"2022-11-22T22:01:27","guid":{"rendered":"http:\/\/www.indonesianmarket.fi\/?product=indomie-keitto-pikanuudeli-kana-special-mak-75g"},"modified":"2026-03-31T19:11:18","modified_gmt":"2026-03-31T16:11:18","slug":"indomie-keitto-pikanuudeli-kana-special-mak-75g","status":"publish","type":"product","link":"https:\/\/www.indonesianmarket.fi\/fi\/tuote\/indomie-keitto-pikanuudeli-kana-special-mak-75g\/","title":{"rendered":"Indomie keitto pikanuudeli kana special mak. 75g"},"content":{"rendered":"<div>SPECIAL CHICKEN FLAVOUR<br \/>\nPikanuudelikeitto erikois kanan maku \/ Snabbnudelsoppa speciell kycklingsmak<\/div>\n<div><\/div>\n<div>Nettopaino\/Nettovikt: 75 g<\/div>\n<div><\/div>\n<div>Ainesosat: <strong>Vehn\u00e4jauho<\/strong> (70 %), puhdistettu palmu\u00f6ljy (sis\u00e4lt\u00e4\u00e4 antioksidanttia E319), suola, happamuudens\u00e4\u00e4t\u00f6aineet (E451, E501, E500), sakeuttamisaine (E412), v\u00e4ri (E101). Maustejauhe: Suola, aromivahvenne (E621, E627, E631), sokeri, hiivauute, pippuri, <strong>sellerijauhe<\/strong>, valkosipuli, keinotekoinen sipulin maku (1,0 %). Mauste\u00f6ljy: Puhdistettu palmu\u00f6ljy (antioksidantti E319), sipuli. Chilijauhe.   <\/div>\n<div><\/div>\n<div>Ingrediensers: <strong>Vetemj\u00f6l<\/strong> (70 %), raffinerad palmolja (inneh\u00e5ller antioxidant E319), salt, surhetsreglerande medel (E451, E501, E500), f\u00f6rtjockningsmedel (E412), f\u00e4rg\u00e4mne (E101).Kryddpulver: Salt, smakf\u00f6rst\u00e4rkare (E621, E627, E631), socker, j\u00e4stextrakt, peppar, <strong>selleripulver<\/strong>, vitl\u00f6k, artificiell l\u00f6k smak (1,0 %).Kryddolja: Raffinerad palmolja (antioxidant E319), l\u00f6k. Chilipulver.<\/div>\n<div><\/div>\n<div>Alkuper\u00e4maa \/ Ursprungsland: Indonesia\/Indonesien<\/div>\n<div><\/div>\n<div>Ravintosis\u00e4lt\u00f6 \/ N\u00e4ringsdeklaration per 100 g: Energia\/energi 1955kJ\/466kcal, rasva\/fett 18 g, -josta tyydyttynytt\u00e4\/-varav m\u00e4ttade 8 g, hiilihydraatit\/kolhydrater 64,1 g, -josta sokereita\/-varav sockerarter 2,8 g, proteiini\/protein 10,6 g, suola\/salt 4,5 g.<\/div>\n<div><\/div>\n<div>Maahantuoja \/ Import\u00f6r: JK Alho, PL 18, 20251 Turku \/ \u00c5bo, www.indonesianmarket.fi<\/div>\n","protected":false},"excerpt":{"rendered":"<p>SPECIAL CHICKEN FLAVOUR Pikanuudelikeitto erikois kanan maku \/ Snabbnudelsoppa speciell kycklingsmak Nettopaino\/Nettovikt: 75 g Ainesosat: Vehn\u00e4jauho (70 %), puhdistettu palmu\u00f6ljy (sis\u00e4lt\u00e4\u00e4 antioksidanttia E319), suola, happamuudens\u00e4\u00e4t\u00f6aineet (E451, E501, E500), sakeuttamisaine (E412), v\u00e4ri (E101). Maustejauhe: Suola, aromivahvenne (E621, E627, E631), sokeri, hiivauute, pippuri, sellerijauhe, valkosipuli, keinotekoinen sipulin maku (1,0 %). Mauste\u00f6ljy: Puhdistettu palmu\u00f6ljy (antioksidantti E319), sipuli. Chilijauhe.<\/p>\n<div class=\"klb-readmore entry-button\"><a class=\"button\" href=\"https:\/\/www.indonesianmarket.fi\/fi\/tuote\/indomie-keitto-pikanuudeli-kana-special-mak-75g\/\">Read More<\/a><\/div>\n","protected":false},"featured_media":18899,"template":"","meta":[],"product_brand":[],"product_cat":[1620],"product_tag":[],"class_list":{"0":"post-18896","1":"product","2":"type-product","3":"status-publish","4":"has-post-thumbnail","6":"product_cat-nuudelit-pika","8":"first","9":"instock","10":"taxable","11":"shipping-taxable","12":"purchasable","13":"product-type-simple"},"_links":{"self":[{"href":"https:\/\/www.indonesianmarket.fi\/fi\/wp-json\/wp\/v2\/product\/18896","targetHints":{"allow":["GET"]}}],"collection":[{"href":"https:\/\/www.indonesianmarket.fi\/fi\/wp-json\/wp\/v2\/product"}],"about":[{"href":"https:\/\/www.indonesianmarket.fi\/fi\/wp-json\/wp\/v2\/types\/product"}],"version-history":[{"count":7,"href":"https:\/\/www.indonesianmarket.fi\/fi\/wp-json\/wp\/v2\/product\/18896\/revisions"}],"predecessor-version":[{"id":34379,"href":"https:\/\/www.indonesianmarket.fi\/fi\/wp-json\/wp\/v2\/product\/18896\/revisions\/34379"}],"wp:featuredmedia":[{"embeddable":true,"href":"https:\/\/www.indonesianmarket.fi\/fi\/wp-json\/wp\/v2\/media\/18899"}],"wp:attachment":[{"href":"https:\/\/www.indonesianmarket.fi\/fi\/wp-json\/wp\/v2\/media?parent=18896"}],"wp:term":[{"taxonomy":"product_brand","embeddable":true,"href":"https:\/\/www.indonesianmarket.fi\/fi\/wp-json\/wp\/v2\/product_brand?post=18896"},{"taxonomy":"product_cat","embeddable":true,"href":"https:\/\/www.indonesianmarket.fi\/fi\/wp-json\/wp\/v2\/product_cat?post=18896"},{"taxonomy":"product_tag","embeddable":true,"href":"https:\/\/www.indonesianmarket.fi\/fi\/wp-json\/wp\/v2\/product_tag?post=18896"}],"curies":[{"name":"wp","href":"https:\/\/api.w.org\/{rel}","templated":true}]}}