{"id":18812,"date":"2015-02-02T20:02:42","date_gmt":"2015-02-02T18:02:42","guid":{"rendered":"http:\/\/www.indonesianmarket.fi\/?product=indomie-paistettu-pikanuudeli-origional-80g"},"modified":"2026-04-18T17:04:44","modified_gmt":"2026-04-18T14:04:44","slug":"indomie-paistettu-pikanuudeli-origional-80g","status":"publish","type":"product","link":"https:\/\/www.indonesianmarket.fi\/fi\/tuote\/indomie-paistettu-pikanuudeli-origional-80g\/","title":{"rendered":"Indomie Instant fried noodle origional flav. 80g"},"content":{"rendered":"<p>MIE GORENG Pikapaistetut nuudelit\/Snabbstekta nudlar<\/p>\n<p>Nettopaino\/Nettovikt: 80 g<\/p>\n<p>Ainesosat: <strong>Vehn\u00e4jauho<\/strong> (74 %), puhdistettu palmu\u00f6ljy (sis\u00e4lt\u00e4\u00e4 antioksidanttia E319), suola, happamuudens\u00e4\u00e4t\u00f6aineet (E451, E501, E500), sakeuttamisaine (E412), v\u00e4ri (E101). Maustejauhe: Sokeri, suola, aromivahvenne (E621, E627, E631), valkosipulijauhe, keinotekoinen kanan maku (4,5 %), sipulijauhe, hiivauute, v\u00e4ri (E150a), paakkuuntumisenestoaine (E551). Mauste\u00f6ljy: Puhdistettu palmu\u00f6ljy (antioksidantti E319), sipuli. Makea <strong>soijakastike<\/strong>: Sokeri, vesi,<strong> vehn\u00e4, soijapapu,<\/strong> mausteet, <strong>seesami\u00f6ljy<\/strong>. Chilijauhe. Tuote voi sis\u00e4lt\u00e4\u00e4 my\u00f6s <strong>kananmunaa<\/strong> ja <strong>sulfiittia<\/strong>.<\/p>\n<p>Ingrediensers: <strong>Vetemj\u00f6l<\/strong> (74 %), raffinerad palmolja (inneh\u00e5ller antioxidant E319), salt, surhetsreglerande medel (E451, E501, E500), f\u00f6rtjockningsmedel (E412), f\u00e4rg\u00e4mne (E101).Kryddpulver: Socker, salt, smakf\u00f6rst\u00e4rkare (E621, E627, E631), vitl\u00f6kspulver, artificiell kycklingssmak (4,5 %), l\u00f6kpulver, j\u00e4stextrakt, f\u00e4rg\u00e4mne (E150a), klumpf\u00f6rebyggande medel (E551).Kryddolja: Raffinerad palmolja (antioxidant E319), l\u00f6k. S\u00f6t <strong>sojas\u00e5s<\/strong>: Socker, vatten, v<strong>ete, sojab\u00f6na<\/strong>, kryddor, <strong>sesamolja <\/strong>.Chilipulver. Produkten kan \u00e4ven inneh\u00e5lla <strong>\u00e4gg<\/strong> och<strong> sulfit.<\/strong><\/p>\n<p>Alkuper\u00e4maa \/ Ursprungsland: Indonesia\/Indonesien<\/p>\n<p>Ravintosis\u00e4lt\u00f6 \/ N\u00e4ringsdeklaration per 100 g: Energia\/energi 1676kJ\/400kcal, rasva\/fett 19,4 g, -josta tyydyttynytt\u00e4\/-varav m\u00e4ttade 8,7 g, hiilihydraatit\/kolhydrater 47,8g, -josta sokereita\/-varav sockerarter 5,0 g, proteiini\/protein 7,7 g, suola\/salt 1,8g.<\/p>\n<p>Maahantuoja \/ Import\u00f6r: JK Alho, PL 18, 20251 Turku \/ \u00c5bo, www.indonesianmarket.fi<\/p>\n<p>P\u00e4ivit\u00e4mme tuotetietoja aktiivisesti. Suosittelemme kuitenkin tarkistamaan ainesosat aina my\u00f6s myyntipakkauksesta.<\/p>\n","protected":false},"excerpt":{"rendered":"<p>MIE GORENG Pikapaistetut nuudelit\/Snabbstekta nudlar Nettopaino\/Nettovikt: 80 g Ainesosat: Vehn\u00e4jauho (74 %), puhdistettu palmu\u00f6ljy (sis\u00e4lt\u00e4\u00e4 antioksidanttia E319), suola, happamuudens\u00e4\u00e4t\u00f6aineet (E451, E501, E500), sakeuttamisaine (E412), v\u00e4ri (E101). Maustejauhe: Sokeri, suola, aromivahvenne (E621, E627, E631), valkosipulijauhe, keinotekoinen kanan maku (4,5 %), sipulijauhe, hiivauute, v\u00e4ri (E150a), paakkuuntumisenestoaine (E551). Mauste\u00f6ljy: Puhdistettu palmu\u00f6ljy (antioksidantti E319), sipuli. Makea soijakastike: Sokeri, vesi,<\/p>\n<div class=\"klb-readmore entry-button\"><a class=\"button\" href=\"https:\/\/www.indonesianmarket.fi\/fi\/tuote\/indomie-paistettu-pikanuudeli-origional-80g\/\">Read More<\/a><\/div>\n","protected":false},"featured_media":18815,"template":"","meta":[],"product_brand":[2269],"product_cat":[1620],"product_tag":[],"class_list":{"0":"post-18812","1":"product","2":"type-product","3":"status-publish","4":"has-post-thumbnail","6":"product_brand-indomie","7":"product_cat-nuudelit-pika","9":"first","10":"instock","11":"taxable","12":"shipping-taxable","13":"purchasable","14":"product-type-simple"},"_links":{"self":[{"href":"https:\/\/www.indonesianmarket.fi\/fi\/wp-json\/wp\/v2\/product\/18812","targetHints":{"allow":["GET"]}}],"collection":[{"href":"https:\/\/www.indonesianmarket.fi\/fi\/wp-json\/wp\/v2\/product"}],"about":[{"href":"https:\/\/www.indonesianmarket.fi\/fi\/wp-json\/wp\/v2\/types\/product"}],"version-history":[{"count":7,"href":"https:\/\/www.indonesianmarket.fi\/fi\/wp-json\/wp\/v2\/product\/18812\/revisions"}],"predecessor-version":[{"id":34725,"href":"https:\/\/www.indonesianmarket.fi\/fi\/wp-json\/wp\/v2\/product\/18812\/revisions\/34725"}],"wp:featuredmedia":[{"embeddable":true,"href":"https:\/\/www.indonesianmarket.fi\/fi\/wp-json\/wp\/v2\/media\/18815"}],"wp:attachment":[{"href":"https:\/\/www.indonesianmarket.fi\/fi\/wp-json\/wp\/v2\/media?parent=18812"}],"wp:term":[{"taxonomy":"product_brand","embeddable":true,"href":"https:\/\/www.indonesianmarket.fi\/fi\/wp-json\/wp\/v2\/product_brand?post=18812"},{"taxonomy":"product_cat","embeddable":true,"href":"https:\/\/www.indonesianmarket.fi\/fi\/wp-json\/wp\/v2\/product_cat?post=18812"},{"taxonomy":"product_tag","embeddable":true,"href":"https:\/\/www.indonesianmarket.fi\/fi\/wp-json\/wp\/v2\/product_tag?post=18812"}],"curies":[{"name":"wp","href":"https:\/\/api.w.org\/{rel}","templated":true}]}}